{"id":1448,"date":"2019-02-08T04:12:19","date_gmt":"2019-02-08T08:12:19","guid":{"rendered":"https:\/\/hunterproboutique.com\/?page_id=1448"},"modified":"2021-08-10T01:08:19","modified_gmt":"2021-08-10T05:08:19","slug":"a-propos","status":"publish","type":"page","link":"https:\/\/hunterproboutique.com\/fr\/a-propos\/","title":{"rendered":"\u00c0 propos"},"content":{"rendered":"<p>Bienvenue chez <strong>Hunter Pro Boutique<\/strong>, division de <strong>Les Accessoires Hunter Brand Inc<\/strong>.<\/p>\n<p>C\u2019est avec plaisir que nous vous accueillons sur notre nouveau site en ligne.<\/p>\n<p>Ce site est le r\u00e9sultat des nombreuses ann\u00e9es dans le commerce d\u2019accessoires pour animaux de compagnie, en tant que manufacturier, distributeur et importateur. Nous sommes au service des animaleries, chenils, toiletteurs, boutiques SPCA et autres commerces connexes depuis plus de 70 ans.<\/p>\n<p>Gr\u00e2ce \u00e0 leurs nombreux talents et \u00e0 leur ma\u00eetrise des techniques du m\u00e9tier, les toiletteurs professionnels ont fait leur place dans l\u2019industrie et ont donn\u00e9 beaucoup d&#8217;ampleur \u00e0 leur art.<\/p>\n<p>En vous pr\u00e9sentant notre nouveau site de vente en ligne, nous r\u00e9pondons aux nombreuses demandes formul\u00e9es lors de nos \u00e9v\u00e9nements PORTE OUVERTE ou des rencontres lors des s\u00e9minaires.<\/p>\n<p>D\u00e9butants ou professionnels chevronn\u00e9s sont s\u00fbrs de trouver tout ce qu&#8217;ils recherchent tels que outils de base ou \u00e9quipement complet pour l&#8217;installation de leur <strong>BOUTIQUE DE TOILETTAGE<\/strong>.<\/p>\n","protected":false},"excerpt":{"rendered":"<p>Bienvenue chez Hunter Pro Boutique, division de Les Accessoires Hunter Brand Inc. C\u2019est avec plaisir que nous vous accueillons sur notre nouveau site en ligne. Ce site est le r\u00e9sultat des nombreuses ann\u00e9es dans le commerce d\u2019accessoires pour animaux de compagnie, en tant que manufacturier, distributeur et importateur. Nous sommes au service des animaleries, chenils, [&hellip;]<\/p>\n","protected":false},"author":1,"featured_media":0,"parent":0,"menu_order":0,"comment_status":"closed","ping_status":"closed","template":"","meta":{"footnotes":""},"class_list":["post-1448","page","type-page","status-publish","hentry"],"aioseo_notices":[],"_links":{"self":[{"href":"https:\/\/hunterproboutique.com\/fr\/wp-json\/wp\/v2\/pages\/1448","targetHints":{"allow":["GET"]}}],"collection":[{"href":"https:\/\/hunterproboutique.com\/fr\/wp-json\/wp\/v2\/pages"}],"about":[{"href":"https:\/\/hunterproboutique.com\/fr\/wp-json\/wp\/v2\/types\/page"}],"author":[{"embeddable":true,"href":"https:\/\/hunterproboutique.com\/fr\/wp-json\/wp\/v2\/users\/1"}],"replies":[{"embeddable":true,"href":"https:\/\/hunterproboutique.com\/fr\/wp-json\/wp\/v2\/comments?post=1448"}],"version-history":[{"count":0,"href":"https:\/\/hunterproboutique.com\/fr\/wp-json\/wp\/v2\/pages\/1448\/revisions"}],"wp:attachment":[{"href":"https:\/\/hunterproboutique.com\/fr\/wp-json\/wp\/v2\/media?parent=1448"}],"curies":[{"name":"wp","href":"https:\/\/api.w.org\/{rel}","templated":true}]}}