{"id":1452,"date":"2019-06-27T09:01:39","date_gmt":"2019-06-27T13:01:39","guid":{"rendered":"https:\/\/hunterproboutique.com\/?page_id=1452"},"modified":"2021-08-10T01:18:26","modified_gmt":"2021-08-10T05:18:26","slug":"entrainement","status":"publish","type":"page","link":"https:\/\/hunterproboutique.com\/fr\/entrainement\/","title":{"rendered":"Cours de formation"},"content":{"rendered":"\n<div class=\"wp-block-image\"><figure class=\"alignleft\"><img decoding=\"async\" width=\"150\" height=\"150\" src=\"https:\/\/hunterproboutique.com\/wp-content\/uploads\/2021\/04\/Stephanie_cours-150x150.jpg\" alt=\"\" class=\"wp-image-18236\" srcset=\"https:\/\/hunterproboutique.com\/wp-content\/uploads\/2021\/04\/Stephanie_cours-150x150.jpg 150w, https:\/\/hunterproboutique.com\/wp-content\/uploads\/2021\/04\/Stephanie_cours-100x100.jpg 100w, https:\/\/hunterproboutique.com\/wp-content\/uploads\/2021\/04\/Stephanie_cours-300x300.jpg 300w, https:\/\/hunterproboutique.com\/wp-content\/uploads\/2021\/04\/Stephanie_cours.jpg 545w\" sizes=\"(max-width: 150px) 100vw, 150px\" \/><\/figure><\/div>\n\n\n<p><img decoding=\"async\" class=\"alignright wp-image-17103\" src=\"https:\/\/hunterproboutique.com\/wp-content\/uploads\/2020\/02\/page_formation_toilettage2.jpg\" alt=\"\" width=\"420\" \/>Il faut plus qu\u2019aimer les animaux pour devenir Toiletteuse\/Toiletteur Professionnel (le)! Plusieurs techniques de travail doivent \u00eatre maitris\u00e9es pour r\u00e9ussir. En suivant les cours de formation offerts par St\u00e9phanie Montreuil, bien connue dans le monde du Toilettage, vous apprendrez tout ce qu\u2019il faut pour r\u00e9ussir dans votre nouvelle carri\u00e8re.<\/p>\n<p>St\u00e9phanie est une passionn\u00e9e du toilettage : elle participe \u00e0 plusieurs comp\u00e9titions, nationales et internationales et a gagn\u00e9 de nombreux prix dont plusieurs premi\u00e8res places. Elle a 28 ans d\u2019exp\u00e9rience, est certifi\u00e9e aupr\u00e8s du IPG , une association internationale reconnue dans 28 pays ainsi qu\u2019aupr\u00e8s du CPPS.<\/p>\n<p>Propri\u00e9taire du Salon Pattes de la mode \u00e0 Saint-Sauveur o\u00f9 les cours offerts seront donn\u00e9s.<\/p>\n<div class=\"btn\" style=\"float: right; margin-top: -70px;\"><a href=\"\/fr\/contactez-nous\/\">CONTACTEZ-NOUS<\/a><\/div>\n<hr style=\"clear: both;\" \/>\n<h3>FORMATION POUR PERFECTIONNEMENT TOILETTAGE : DUR\u00c9E 1 JOUR<\/h3>\n<p><img decoding=\"async\" class=\"alignleft wp-image-17166\" style=\"padding-bottom: 15px;\" src=\"https:\/\/hunterproboutique.com\/wp-content\/uploads\/2020\/03\/photo-cours-toilettage-6-scaled-e1584548876182.jpg\" alt=\"\" width=\"300\" srcset=\"https:\/\/hunterproboutique.com\/wp-content\/uploads\/2020\/03\/photo-cours-toilettage-6-scaled-e1584548876182.jpg 582w, https:\/\/hunterproboutique.com\/wp-content\/uploads\/2020\/03\/photo-cours-toilettage-6-scaled-e1584548876182-293x300.jpg 293w\" sizes=\"(max-width: 582px) 100vw, 582px\" \/><br \/>N\u00e9cessite un cours de base r\u00e9ussi.<br \/>Priv\u00e9 (1 personne) = $250.00 plus taxes<br \/>Semi-priv\u00e9 (2 personnes) = $215.00 plus taxes<br \/>Groupe 5 personnes maximum = $175.00 plus taxes<br \/>Coaching (1 personne) d\u2019environ 6 heures, de 10h \u00e0 16 heures = $100.00 plus taxes<br \/>Ces cours vous permettent de vous perfectionner selon vos besoins, que ce soit la coupe d\u2019une race pr\u00e9cise, apprendre \u00e0 \u00eatre plus efficace au ciseau, au rasoir ou m\u00eame le stripping.<\/p>\n<hr style=\"clear: both;\" \/>\n<h3>Cours complet : $5000.00 plus taxes<\/h3>\n<p><img decoding=\"async\" class=\"alignleft wp-image-17168\" src=\"https:\/\/hunterproboutique.com\/wp-content\/uploads\/2020\/03\/photo-cours-toilettage-2-scaled-e1584548970545.jpg\" alt=\"\" width=\"250\" srcset=\"https:\/\/hunterproboutique.com\/wp-content\/uploads\/2020\/03\/photo-cours-toilettage-2-scaled-e1584548970545.jpg 928w, https:\/\/hunterproboutique.com\/wp-content\/uploads\/2020\/03\/photo-cours-toilettage-2-scaled-e1584548970545-600x442.jpg 600w, https:\/\/hunterproboutique.com\/wp-content\/uploads\/2020\/03\/photo-cours-toilettage-2-scaled-e1584548970545-300x221.jpg 300w, https:\/\/hunterproboutique.com\/wp-content\/uploads\/2020\/03\/photo-cours-toilettage-2-scaled-e1584548970545-768x566.jpg 768w\" sizes=\"(max-width: 928px) 100vw, 928px\" \/><br \/>Ce cours priv\u00e9 se fait en 3 mois \u00e0 raison de 4 journ\u00e9es de 8 heures par semaine.<\/p>\n<p>Vous y apprendrez entre autres : Une introduction sur l\u2019\u00e9quipement complet, quel outil et dans quelle situation l\u2019utiliser et comment entretenir (rasoirs, ciseaux, amincisseurs\u2026) et les d\u00e9sinfecter.<br \/><img decoding=\"async\" class=\"alignright wp-image-17164\" style=\"padding-bottom: 10px;\" src=\"https:\/\/hunterproboutique.com\/wp-content\/uploads\/2020\/03\/photo-cours-toilettage-5-scaled-e1584548790423.jpg\" alt=\"\" width=\"260\" srcset=\"https:\/\/hunterproboutique.com\/wp-content\/uploads\/2020\/03\/photo-cours-toilettage-5-scaled-e1584548790423.jpg 902w, https:\/\/hunterproboutique.com\/wp-content\/uploads\/2020\/03\/photo-cours-toilettage-5-scaled-e1584548790423-100x100.jpg 100w, https:\/\/hunterproboutique.com\/wp-content\/uploads\/2020\/03\/photo-cours-toilettage-5-scaled-e1584548790423-600x600.jpg 600w, https:\/\/hunterproboutique.com\/wp-content\/uploads\/2020\/03\/photo-cours-toilettage-5-scaled-e1584548790423-300x300.jpg 300w, https:\/\/hunterproboutique.com\/wp-content\/uploads\/2020\/03\/photo-cours-toilettage-5-scaled-e1584548790423-150x150.jpg 150w, https:\/\/hunterproboutique.com\/wp-content\/uploads\/2020\/03\/photo-cours-toilettage-5-scaled-e1584548790423-768x768.jpg 768w\" sizes=\"(max-width: 902px) 100vw, 902px\" \/><br \/>La th\u00e9orie et la pratique des techniques de toilettage, (ciseaux, rasoir, \u00e9pilation, brossage, d\u00e9m\u00ealage, coupe des griffes).<br \/>Les coupes selon la race du chien et les diff\u00e9rents types de poils.<br \/>La finition (corps, pattes et visages).<br \/>La manipulation des chiens .<\/p>\n<p><strong>SUIVI une fois votre cours termin\u00e9<\/strong><br \/>St\u00e9phanie demeure disponible pour vous, par Internet, t\u00e9l\u00e9phone ou en personne.<\/p>\n<div class=\"btn\" style=\"width: 100%;\"><a style=\"width: 100%;\" href=\"\/fr\/contactez-nous\/\">CONTACTEZ-NOUS<\/a><\/div>\n<p><img decoding=\"async\" class=\"alignright wp-image-17100\" src=\"https:\/\/hunterproboutique.com\/wp-content\/uploads\/2020\/02\/page_formation_toilettage-scaled-e1581486460342.jpg\" alt=\"\" width=\"100%\" srcset=\"https:\/\/hunterproboutique.com\/wp-content\/uploads\/2020\/02\/page_formation_toilettage-scaled-e1581486460342.jpg 2124w, https:\/\/hunterproboutique.com\/wp-content\/uploads\/2020\/02\/page_formation_toilettage-scaled-e1581486460342-600x325.jpg 600w, https:\/\/hunterproboutique.com\/wp-content\/uploads\/2020\/02\/page_formation_toilettage-scaled-e1581486460342-300x163.jpg 300w, https:\/\/hunterproboutique.com\/wp-content\/uploads\/2020\/02\/page_formation_toilettage-scaled-e1581486460342-1024x555.jpg 1024w, https:\/\/hunterproboutique.com\/wp-content\/uploads\/2020\/02\/page_formation_toilettage-scaled-e1581486460342-768x417.jpg 768w, https:\/\/hunterproboutique.com\/wp-content\/uploads\/2020\/02\/page_formation_toilettage-scaled-e1581486460342-1536x833.jpg 1536w, https:\/\/hunterproboutique.com\/wp-content\/uploads\/2020\/02\/page_formation_toilettage-scaled-e1581486460342-2048x1111.jpg 2048w\" sizes=\"(max-width: 2124px) 100vw, 2124px\" \/><\/p>","protected":false},"excerpt":{"rendered":"<p>Il faut plus qu\u2019aimer les animaux pour devenir Toiletteuse\/Toiletteur Professionnel (le)! Plusieurs techniques de travail doivent \u00eatre maitris\u00e9es pour r\u00e9ussir. En suivant les cours de formation offerts par St\u00e9phanie Montreuil, bien connue dans le monde du Toilettage, vous apprendrez tout ce qu\u2019il faut pour r\u00e9ussir dans votre nouvelle carri\u00e8re. St\u00e9phanie est une passionn\u00e9e du toilettage [&hellip;]<\/p>\n","protected":false},"author":1,"featured_media":0,"parent":0,"menu_order":0,"comment_status":"closed","ping_status":"closed","template":"","meta":{"footnotes":""},"class_list":["post-1452","page","type-page","status-publish","hentry"],"aioseo_notices":[],"_links":{"self":[{"href":"https:\/\/hunterproboutique.com\/fr\/wp-json\/wp\/v2\/pages\/1452","targetHints":{"allow":["GET"]}}],"collection":[{"href":"https:\/\/hunterproboutique.com\/fr\/wp-json\/wp\/v2\/pages"}],"about":[{"href":"https:\/\/hunterproboutique.com\/fr\/wp-json\/wp\/v2\/types\/page"}],"author":[{"embeddable":true,"href":"https:\/\/hunterproboutique.com\/fr\/wp-json\/wp\/v2\/users\/1"}],"replies":[{"embeddable":true,"href":"https:\/\/hunterproboutique.com\/fr\/wp-json\/wp\/v2\/comments?post=1452"}],"version-history":[{"count":0,"href":"https:\/\/hunterproboutique.com\/fr\/wp-json\/wp\/v2\/pages\/1452\/revisions"}],"wp:attachment":[{"href":"https:\/\/hunterproboutique.com\/fr\/wp-json\/wp\/v2\/media?parent=1452"}],"curies":[{"name":"wp","href":"https:\/\/api.w.org\/{rel}","templated":true}]}}