{"id":17180,"date":"2020-03-18T12:42:40","date_gmt":"2020-03-18T16:42:40","guid":{"rendered":"https:\/\/hunterproboutique.com\/?page_id=17180"},"modified":"2023-10-18T11:53:45","modified_gmt":"2023-10-18T15:53:45","slug":"termes-et-conditions","status":"publish","type":"page","link":"https:\/\/hunterproboutique.com\/fr\/termes-et-conditions\/","title":{"rendered":"Termes et conditions"},"content":{"rendered":"\n<h2 class=\"wp-block-heading\">1. CONDITIONS DE VENTE EN LIGNE<\/h2>\n\n\n\n<p><strong>AU CANADA SEULEMENT, LIVRAISON GRATUITE SUR TOUT ACHAT DE 99.00$ ET PLUS<\/strong>, apr\u00e8s escomptes et avant taxes. La plupart de nos produits sont \u00e9ligibles \u00e0 la livraison gratuite&nbsp;: toutefois<strong>, <\/strong>certains articles surdimensionn\u00e9s et certaines locations \u00e9loign\u00e9es entra\u00eenent des frais suppl\u00e9mentaires de la part des transporteurs et ne peuvent pas profiter de livraison gratuite. Il va de soi que nous utiliserons le meilleur tarif disponible pour votre livraison et que le montant du transport s\u2019affichera sur votre facture.<\/p>\n\n\n\n<p><strong>SI VOUS ACHETEZ MOINS DE 99.00$<\/strong>, des frais de livraison s\u2019appliqueront, selon le poids, le volume et l\u2019adresse de livraison, toujours au meilleur tarif disponible.<\/p>\n\n\n\n<p><strong>PAIEMENT&nbsp;S\u00c9CURIS\u00c9<\/strong>: Les prix affich\u00e9s sont en argent canadien, avant taxes et frais de livraison et le paiement doit \u00eatre effectu\u00e9 par Carte de Cr\u00e9dit, pour la totalit\u00e9 de la facture. Nous acceptons les cartes Visa et Mastercard. Votre paiement sera trait\u00e9 par MONERIS, une entreprise canadienne recommand\u00e9e par la Banque de Montr\u00e9al et la Banque Royale du Canada. <strong>&nbsp;EFFICACIT\u00c9 ET S\u00c9CURIT\u00c9 GARANTIES!<\/strong><\/p>\n\n\n\n<p>Nous ne gardons aucun renseignement de la Carte de Cr\u00e9dit que vous utilisez sur notre site.<\/p>\n\n\n\n<p><strong>LIVRAISON<\/strong>;&nbsp; se fera \u00e0 l\u2019adresse indiqu\u00e9e lors de la commande originale, assurez-vous bien de donner la bonne adresse car une fois la commande trait\u00e9e, il sera impossible d\u2019en changer quoi que ce soit.&nbsp; Merci de votre attention. <\/p>\n\n\n\n<p><strong>POLITIQUE D&#8217;EXP\u00c9DITION<\/strong>&nbsp;<strong>: <\/strong>La plupart des commandes sont trait\u00e9es imm\u00e9diatement, \u00e0 condition que les produits soient en stock. &nbsp;Elles sont exp\u00e9di\u00e9es le jour m\u00eame si possible, sinon, le lendemain. Les commandes ne sont ni trait\u00e9es ni exp\u00e9di\u00e9es le samedi ou le dimanche.&nbsp;Nous ne pouvons toutefois pas garantir quand une commande arrivera.<\/p>\n\n\n\n<h2 class=\"wp-block-heading\">2. POLITIQUE DE RETOURS<\/h2>\n\n\n\n<p><strong>QUELLE QUE SOIT LA RAISON POUR LAQUELLE &nbsp;VOUS DEVEZ RETOURNER DE LA MARCHANDISE<\/strong>, veuillez communiquer avec Hunter Pro Boutique, avant d\u2019en faire le retour, pour obtenir un num\u00e9ro d\u2019autorisation de retour avant d\u2019en faire l\u2019envoi. Aucun retour ne sera accept\u00e9 ou trait\u00e9 pour \u00e9change ou remboursement, sans ce num\u00e9ro d\u2019autorisation.<\/p>\n\n\n\n<p>Veuillez avoir en main, la facture et le num\u00e9ro de commande et nous attribuerons un num\u00e9ro de retour \u00e0 votre colis.<\/p>\n\n\n\n<p><strong>CONTACT SERVICE \u00c0 LA CLIENT\u00c8LE<\/strong>:<\/p>\n\n\n\n<p><strong>T\u00e9l\u00e9phone<\/strong>&nbsp;: 514-279-6061 | 1-800-363-4559 &nbsp;&nbsp;&nbsp;&nbsp;&nbsp;&nbsp;&nbsp;&nbsp;&nbsp;&nbsp;&nbsp;&nbsp;&nbsp;<\/p>\n\n\n\n<p><strong>T\u00e9l\u00e9copieur<\/strong> : 514-279-6663 |&nbsp;1-800-779-2726&nbsp;<\/p>\n\n\n\n<p><strong>ADRESSE DE RETOUR<\/strong>, une fois autoris\u00e9, le retour doit \u00eatre fait au&nbsp;: 6674 ave. de l\u2019Esplanade, Montr\u00e9al, Qc H2V 4L5<\/p>\n\n\n\n<p><strong>POUR LE RETOUR D\u2019UN PRODUIT D\u00c9FECTUEUX<\/strong>&nbsp;: N\u2019oubliez pas de nous contacter pour le num\u00e9ro de retour. Le produit doit nous \u00eatre retourn\u00e9 dans son emballage original et contenir la facture d\u2019achat ainsi que la facture des frais de livraison de retour, pour remboursement. Sur r\u00e9ception, nous remplacerons le produit d\u00e9fectueux par un produit neuf, et ce, pendant une p\u00e9riode de 30 jours suivant la date d\u2019achat.&nbsp; Aucun retour ne sera accept\u00e9 ou trait\u00e9 sans ce num\u00e9ro. Apr\u00e8s ce d\u00e9lai, le produit devra \u00eatre retourn\u00e9 directement au fabricant pour remplacement.<\/p>\n\n\n\n<p><strong>RETOUR POUR \u00c9CHANGE ou REMBOURSEMENT<\/strong>&nbsp;: N\u2019oubliez pas de nous contacter pour le num\u00e9ro de retour. Vous serez rembours\u00e9 pour tout achat qui ne vous convient pas \u00e0 condition de retourner dans les dix (10)&nbsp; Jours suivants l\u2019achat, l\u2019article neuf, jamais utilis\u00e9, dans son emballage original et que ce dernier soit en parfaite condition. Le remboursement vous sera fait dans les 2 ou 3 jours ouvrables apr\u00e8s r\u00e9ception de votre retour.&nbsp; Tout produit retourn\u00e9 dans un \u00e9tat moins que parfait, sera sujet \u00e0 des frais d\u2019administration de 20%. Les frais de retour ainsi que &nbsp;les frais pour la livraison originale du produit s\u2019il vous a \u00e9t\u00e9 livr\u00e9 gratuitement, seront d\u00e9duits du montant du remboursement.<\/p>\n\n\n\n<h2 class=\"wp-block-heading\">3. ACCEPTATION DES CONDITIONS DE VENTE &nbsp;<\/h2>\n\n\n\n<p>Veuillez lire attentivement ces modalit\u00e9s et conditions avant d\u2019utiliser le site de vente en ligne. En pla\u00e7ant une commande et en effectuant le paiement, vous confirmez accepter et assumer les conditions d\u2019utilisation du site internet <a href=\"http:\/\/www.proboutique.com\">hunterproboutique.com<\/a><\/p>\n\n\n\n<p>La commande devra avoir \u00e9t\u00e9 pay\u00e9e au complet avant la livraison et c\u2019est pourquoi nous ne pouvons accepter la formule Payable sur livraison. Vous serez pr\u00e9venu le plus t\u00f4t possible lorsqu\u2019un produit n\u2019est pas disponible soit en rupture de stock ou discontinu\u00e9.<\/p>\n\n\n\n<p>Hunter Pro Boutique vous livrera les produits command\u00e9s \u00e0 l\u2019adresse donn\u00e9e lors de votre commande. Notez cependant, qu\u2019aucune livraison ne peut \u00eatre effectu\u00e9e \u00e0 une bo\u00eete postale.<\/p>\n\n\n\n<p>Quand applicables, les frais de livraison seront d\u00e9termin\u00e9s selon le poids, le volume et la distance. Nous faisons affaires avec des compagnies de transport fiables et choisirons la compagnie qui pourra vous donner le service le plus rapide et efficace.<\/p>\n\n\n\n<p>Nous livrerons votre commande dans les plus brefs d\u00e9lais possibles mais nous n\u2019avons aucun contr\u00f4le sur le retard qui pourrait \u00eatre apport\u00e9 \u00e0 la livraison par le transporteur.&nbsp;<\/p>\n\n\n\n<p>Nous n\u2019avons aucun contr\u00f4le non plus sur le fait que le transporteur pourrait aller livrer \u00e0 l\u2019adresse que vous avez indiqu\u00e9e lors de votre commande, mais que personne ne soit pr\u00e9sent pour accepter le colis. Il vous faudrait alors aller r\u00e9cup\u00e9rer votre marchandise en suivant les indications laiss\u00e9es par la compagnie de transport.<\/p>\n\n\n\n<p><strong>PERTE D\u2019UN COLIS PAR LE TRANSPORTEUR<\/strong>&nbsp;: Si&nbsp; la compagnie de transport utilis\u00e9 reconna\u00eet avoir perdu un colis qu\u2019on vous a envoy\u00e9, nous vous rembourserons ou remplacerons la marchandise.<\/p>\n\n\n\n<p>Toutefois, il vous faut savoir que vous devenez propri\u00e9taire et donc responsable du colis en transit pour chez vous d\u00e8s que la compagnie de transport le ramasse \u00e0 notre entrep\u00f4t.&nbsp; Nous ne serons pas responsables de la perte ou des d\u00e9g\u00e2ts survenus, mais il nous fera plaisir de faire la d\u00e9marche aupr\u00e8s du transporteur pour essayer de le r\u00e9cup\u00e9rer&nbsp; ou de le remplacer.<\/p>\n\n\n\n<p><strong>DURANT LA SAISON FROIDE<\/strong>, certains produits sont plus affect\u00e9s par le gel et nous ne pouvons nous tenir responsables pour les dommages ou pertes qui pourraient subvenir.&nbsp; Assurez-vous de faire exp\u00e9dier les produits \u00e0 un endroit prot\u00e9g\u00e9 du froid, si le colis devait \u00eatre laiss\u00e9 \u00e0 votre porte.<\/p>\n\n\n\n<p>Bien que nous apportions le plus grand soin \u00e0 toutes les commandes re\u00e7ues,&nbsp; il&nbsp; pourrait peut-\u00eatre arriver que Hunter Pro Boutique soit tenue responsable envers vous pour la livraison d\u2019un colis endommag\u00e9.&nbsp; Dans ce cas, notre responsabilit\u00e9 se limiterait au montant d\u2019argent \u00e9quivalent \u00e0 votre facture d\u2019achat pour les produits que vous devriez retourner. Hunter Pro Boutique ne pourrait \u00eatre tenue responsable des dommages ou pertes qu\u2019occasionnerait le fait de ne pas &nbsp;avoir ex\u00e9cut\u00e9 votre commande, si ceux-ci sont le r\u00e9sultat d\u2019un cas de force majeure ou de circonstance hors de son contr\u00f4le.<\/p>\n\n\n\n<h2 class=\"wp-block-heading\">4. UTIL ISATION DU SITE HUNTER PRO BOUTIQUE&nbsp;<\/h2>\n\n\n\n<p>Le fait d\u2019utiliser ce site Internet, soit pour consultation, soit pour l\u2019ouverture d\u2019un compte-client et d\u2019un achat confirme le fait que vous avez lu et compris les conditions d\u2019utilisation et que vous \u00eates pr\u00eat \u00e0 vous y conformer.&nbsp; &nbsp;<\/p>\n\n\n\n<p>Les textes, photos, descriptions de ce site de vente en ligne appartiennent \u00e0 Hunter Pro Boutique et l\u2019utilisateur s\u2019engage \u00e0 ne les copier qu\u2019\u00e0 titre d\u2019utilisation personnelle.&nbsp; Aucune modification ne doit y \u00eatre apport\u00e9e dans le but de&nbsp; les utiliser \u00e0 des fins de commerce \u00e0 son profit. Tous les changements susceptibles de vous aider dans vos achats et vos recherches seront faits de fa\u00e7on r\u00e9guli\u00e8re pour rendre vos visites des plus agr\u00e9ables.<\/p>\n\n\n\n<div id=\"politique-de-confidentialite\"><\/div>\n\n\n\n<p>La plus grande attention et tous nos efforts sont d\u00e9ploy\u00e9s pour vous offrir un site dans lequel vous pouvez avoir confiance. Sur le Web, nul n\u2019est \u00e0 l\u2019abri d\u2019erreurs ou de virus et quiconque en fait l\u2019utilisation doit en \u00eatre conscient. Notre compagnie, notre serveur ni nos fournisseurs ne pourront accepter aucune responsabilit\u00e9 pour quel que dommage ou inconv\u00e9nient rattach\u00e9s \u00e0 l\u2019utilisation de notre site Web qui vous est offert sans garantie contre tous les d\u00e9sagr\u00e9ment qui pourraient subvenir.<\/p>\n\n\n\n<h2 class=\"wp-block-heading\">5. VOTRE VIE PRIV\u00c9E EST IMPORTANTE!<\/h2>\n\n\n\n<h4 style=\"margin-bottom:0;\"><strong>Responsable de la protection des renseignements personnels<\/strong><\/h4>\n\n\n\n<p><strong>Denis Dardel<\/strong><br><a href=\"mailto:denisdardel@hunterbrand.com\" title=\"\"><a href=\"mailto:info@info@hunterbrand.com\" title=\"\">info@hunterbrand.com<\/a><\/a><\/p>\n\n\n\n<p>Il est important pour <em>HunterPro Boutique<\/em> respecter votre droit \u00e0 la vie priv\u00e9.&nbsp; C\u2019est dans cette optique que nous souhaitions vous informer de la mani\u00e8re dont <em>HunterPro Boutique<\/em> recueille, utilise et prot\u00e8ge vos informations personnelles.<\/p>\n\n\n\n<ul class=\"wp-block-list\">\n<li>Le site Internet de <em>HunterPro Boutique<\/em> ne recueille aucun renseignement personnel sans que le visiteur y ait consenti.<\/li>\n\n\n\n<li>L\u2019unique fa\u00e7on dont sont recueillies les informations est par les formulaires d\u2019inscription et de demande de renseignements sur nos services que les visiteurs peuvent remplir via notre site.<\/li>\n<\/ul>\n\n\n\n<p>Toute information personnelle recueillie sur le site de <em>HunterPro Boutique<\/em> est utilis\u00e9e par notre \u00e9quipe afin de mieux vous servir et, n\u2019est pas utilis\u00e9es \u00e0 d\u2019autres fins.<\/p>\n\n\n\n<h3 class=\"wp-block-heading\">\u00c9nonc\u00e9 de confidentialit\u00e9<\/h3>\n\n\n\n<p>Ce site Web, comme de nombreux autres, fait appel aux outils&nbsp;<em>Google Analytics<\/em>&nbsp; afin d\u2019analyser le comportement des utilisateurs sur&nbsp;<em><em>HunterPro Boutique<\/em><\/em>.<\/p>\n\n\n\n<h3 class=\"wp-block-heading\">Google Analytics<\/h3>\n\n\n\n<p><em>Google Analytics<\/em>&nbsp;est un service d\u2019analyse Web offert par Google. Google collige des donn\u00e9es anonymis\u00e9es recueillies pendant une session de navigation d\u2019un utilisateur, les classe et permet de les visualiser. Il recueille des donn\u00e9es notamment sur les habitudes de navigation (y compris les liens sur lesquels l\u2019utilisateur a cliqu\u00e9 et les pages qu\u2019il a visit\u00e9es), la r\u00e9gion d\u2019origine (selon le protocole&nbsp;IP), la source du trafic (p.&nbsp;ex., les sites r\u00e9f\u00e9rents), la langue pr\u00e9f\u00e9r\u00e9e, le type de navigateur et la taille de l\u2019\u00e9cran.<\/p>\n\n\n\n<p>Google peut se servir des donn\u00e9es recueillies pour contextualiser et personnaliser les annonces diffus\u00e9es par son propre r\u00e9seau de publicit\u00e9.<\/p>\n\n\n\n<p>Donn\u00e9es personnelles collig\u00e9es&nbsp;: t\u00e9moins et donn\u00e9es relatives \u00e0 l\u2019utilisation<\/p>\n\n\n\n<p>Pour obtenir de plus amples renseignements, veuillez consulter la&nbsp;<a href=\"https:\/\/www.google.com\/intl\/fr-CA\/policies\/privacy\/\" target=\"_blank\" rel=\"noreferrer noopener\">politique de confidentialit\u00e9 de Google<\/a>.<\/p>\n","protected":false},"excerpt":{"rendered":"<p>1. CONDITIONS DE VENTE EN LIGNE AU CANADA SEULEMENT, LIVRAISON GRATUITE SUR TOUT ACHAT DE 99.00$ ET PLUS, apr\u00e8s escomptes et avant taxes. La plupart de nos produits sont \u00e9ligibles \u00e0 la livraison gratuite&nbsp;: toutefois, certains articles surdimensionn\u00e9s et certaines locations \u00e9loign\u00e9es entra\u00eenent des frais suppl\u00e9mentaires de la part des transporteurs et ne peuvent pas [&hellip;]<\/p>\n","protected":false},"author":1,"featured_media":0,"parent":0,"menu_order":0,"comment_status":"closed","ping_status":"closed","template":"","meta":{"footnotes":""},"class_list":["post-17180","page","type-page","status-publish","hentry"],"aioseo_notices":[],"_links":{"self":[{"href":"https:\/\/hunterproboutique.com\/fr\/wp-json\/wp\/v2\/pages\/17180","targetHints":{"allow":["GET"]}}],"collection":[{"href":"https:\/\/hunterproboutique.com\/fr\/wp-json\/wp\/v2\/pages"}],"about":[{"href":"https:\/\/hunterproboutique.com\/fr\/wp-json\/wp\/v2\/types\/page"}],"author":[{"embeddable":true,"href":"https:\/\/hunterproboutique.com\/fr\/wp-json\/wp\/v2\/users\/1"}],"replies":[{"embeddable":true,"href":"https:\/\/hunterproboutique.com\/fr\/wp-json\/wp\/v2\/comments?post=17180"}],"version-history":[{"count":0,"href":"https:\/\/hunterproboutique.com\/fr\/wp-json\/wp\/v2\/pages\/17180\/revisions"}],"wp:attachment":[{"href":"https:\/\/hunterproboutique.com\/fr\/wp-json\/wp\/v2\/media?parent=17180"}],"curies":[{"name":"wp","href":"https:\/\/api.w.org\/{rel}","templated":true}]}}