{"id":46607,"date":"2023-09-26T16:24:07","date_gmt":"2023-09-26T20:24:07","guid":{"rendered":"https:\/\/hunterproboutique.com\/politique-de-confidentialite\/"},"modified":"2023-09-29T12:00:25","modified_gmt":"2023-09-29T16:00:25","slug":"politique-de-confidentialite","status":"publish","type":"page","link":"https:\/\/hunterproboutique.com\/fr\/politique-de-confidentialite\/","title":{"rendered":"Politique de confidentialit\u00e9"},"content":{"rendered":"\n<p><strong style=\"color:#dc2f30; font-size:17px;\">Responsable de la protection des renseignements personnels<\/strong><br><strong>Denis Dardel<\/strong><br><a href=\"mailto:info@info@hunterbrand.com\" title=\"\">info@hunterbrand.com<\/a><\/p>\n\n\n\n<p>Merci de visiter notre site Web Veuillez vous r\u00e9f\u00e9rer aux termes et conditions et \u00e0 la politique de confidentialit\u00e9.<\/p>\n\n\n\n<p>En visitant notre site, vous acceptez implicitement les termes et conditions et la politique de confidentialit\u00e9. Nous maintiendrons notre politique de confidentialit\u00e9 \u00e0 jour et la publierons sur notre site Web. Nous nous r\u00e9servons le droit de modifier cette politique \u00e0 tout moment sans pr\u00e9avis.&nbsp;<\/p>\n\n\n\n<p>Par respect pour votre droit \u00e0 la vie priv\u00e9e, nous traiterons vos informations personnelles comme confidentielles.&nbsp; Les informations priv\u00e9es que vous nous fournissez afin d\u2019acc\u00e9der \u00e0 notre site ne seront jamais transmises \u00e0 des tiers. Toutefois, malgr\u00e9 toutes les mesures de s\u00e9curit\u00e9 appliqu\u00e9es \u00e0 votre dossier, nous ne pouvons garantir que, en raison de la nature m\u00eame d\u2019Internet, vos renseignements personnels demeureront confidentiels. En cons\u00e9quence, ne sont en aucun cas responsables de l\u2019utilisation qui pourrait en \u00eatre faite, que ce soit par vous ou par un tiers.<\/p>\n\n\n\n<h2 class=\"wp-block-heading\">CONFIDENTIALIT\u00c9 ET RESPECT DE LA VIE PRIV\u00c9E<\/h2>\n\n\n\n<p>Vos donn\u00e9es ne seront jamais vendues, \u00e9chang\u00e9es, transf\u00e9r\u00e9es ou donn\u00e9es \u00e0 une autre soci\u00e9t\u00e9 sans votre consentement, que ce soit dans le domaine priv\u00e9 ou public.<\/p>\n\n\n\n<p>Les informations personnelles que vous nous transmettez n\u2019appara\u00eetront pas sur notre site. Le nom, l\u2019adresse \u00e9lectronique, l\u2019adresse postale, le num\u00e9ro de t\u00e9l\u00e9phone ou les renseignements relatifs \u00e0 la carte de cr\u00e9dit ne seront utilis\u00e9s que pour mieux communiquer avec vous ou votre entreprise aux fins suivantes :<\/p>\n\n\n\n<ul class=\"wp-block-list\">\n<li>Pour r\u00e9pondre \u00e0 une demande de votre part concernant nos produits, promotions ou autres informations dont vous pourriez avoir besoin lors de l\u2019utilisation de notre site.<\/li>\n\n\n\n<li>Pour effectuer des transactions \u00e0 votre demande expresse et concernant des achats que vous avez autoris\u00e9s, tels que, par exemple, le traitement d\u2019une commande que vous pouvez laisser sur le site, \u00e0 votre convenance, qui sera trait\u00e9e pendant les heures ouvrables suivant la r\u00e9ception de la commande.&nbsp;<\/li>\n\n\n\n<li>Vous consulter sur votre perception de notre site Web et recueillir vos suggestions pour l\u2019am\u00e9liorer.<\/li>\n\n\n\n<li>Pour vous envoyer des courriels sur des \u00e9v\u00e9nements int\u00e9ressants ou des articles de notre industrie, des salons professionnels, une invitation \u00e0 une JOURN\u00c9E PORTES OUVERTES \u00e0 notre adresse locale, etc.<\/li>\n<\/ul>\n\n\n\n<p><\/p>\n\n\n\n<p>Vos informations d\u2019adresse professionnelle serviront d\u2019outil de recherche compl\u00e9mentaire et de moyen de communication pour les consommateurs int\u00e9ress\u00e9s \u00e0 vous joindre. Par exemple, votre code postal permet au syst\u00e8me d\u2019identifier votre entreprise lorsque vous effectuez une recherche dans l\u2019onglet \u00ab O\u00f9 acheter \u00bb.&nbsp;<\/p>\n\n\n\n<p>Si vous pr\u00e9f\u00e9rez que votre entreprise n\u2019apparaisse pas dans cette recherche, veuillez en informer notre service \u00e0 la client\u00e8le qui la retirera de la liste des autres entreprises du m\u00eame district.<\/p>\n\n\n\n<p>La possibilit\u00e9 de vous d\u00e9sabonner sera indiqu\u00e9e sur chaque courriel que vous recevrez de notre part.<\/p>\n\n\n\n<h2 class=\"wp-block-heading\">\u00c9CHANGE D\u2019INFORMATIONS<\/h2>\n\n\n\n<p>Chaque fois que vous acc\u00e9dez \u00e0 un site Internet, certaines informations sont automatiquement \u00e9chang\u00e9es entre votre ordinateur et le serveur du site que vous visitez. Ces informations sont collect\u00e9es \u00e0 des fins statistiques, mais elles n\u2019identifient pas votre courriel ou votre identit\u00e9 personnelle.&nbsp; Les statistiques \u00e9tablissent simplement un historique d\u2019acc\u00e8s \u00e0 certaines donn\u00e9es de base sur les visiteurs du site, telles que :<\/p>\n\n\n\n<ul class=\"wp-block-list\">\n<li>La date et l\u2019heure auxquelles vous acc\u00e9dez au site.<\/li>\n\n\n\n<li>Pages visit\u00e9es et documents t\u00e9l\u00e9charg\u00e9s.<\/li>\n\n\n\n<li>L\u2019adresse du site \u00e0 partir duquel vous avez cr\u00e9\u00e9 un lien vers https:\/\/www.hunter.com si vous l\u2019avez fait \u00e0 partir d\u2019un autre site.<\/li>\n\n\n\n<li>Le type de navigateur Web et de syst\u00e8me d\u2019exploitation utilis\u00e9s, ainsi que le nom de domaine et l\u2019adresse IP (Internet Protocol) utilis\u00e9s pour acc\u00e9der au site.<\/li>\n\n\n\n<li>La possibilit\u00e9 de vous d\u00e9sabonner sera indiqu\u00e9e sur chaque message que vous recevrez de notre part.<\/li>\n<\/ul>\n\n\n\n<h2 class=\"wp-block-heading\">VOTRE COMPTE EST CONFIDENTIEL<\/h2>\n\n\n\n<p>Veuillez garder confidentiel l\u2019identifiant (nom d\u2019utilisateur et mot de passe) qui vous donnera acc\u00e8s \u00e0 votre profil et vous permettra de le mettre \u00e0 jour ou de le modifier. Vous \u00eates seul responsable de la confidentialit\u00e9 de ces informations, et nous ne pouvons \u00eatre tenus responsables de toute utilisation non autoris\u00e9e de votre compte.&nbsp;Si vous pensez que votre confidentialit\u00e9 a \u00e9t\u00e9 viol\u00e9e, veuillez en informer notre service client\u00e8le d\u00e8s que possible afin d\u2019\u00e9viter toute utilisation abusive de votre compte. COMME POUR TOUT MOT DE PASSE, VOUS DEVEZ LE PROT\u00c9GER ET NE PAS LE PARTAGER AVEC QUELQU\u2019UN D\u2019AUTRE. Si vous soup\u00e7onnez que cette confidentialit\u00e9 a \u00e9t\u00e9 viol\u00e9e, veuillez contacter imm\u00e9diatement notre service client\u00e8le pour \u00e9viter la possibilit\u00e9 que votre compte soit utilis\u00e9 \u00e0 mauvais escient.<\/p>\n\n\n\n<h2 class=\"wp-block-heading\">LIENS VERS DES TIERS<\/h2>\n\n\n\n<p>Sur notre site Web, vous voudrez peut-\u00eatre entrer dans un stie tiers, \u00e0 la recherche de plus amples informations sur un produit ou un sujet.\u00a0 Une fois que vous quittez notre propre site Web, nous n\u2019avons aucune responsabilit\u00e9 quant au contenu et \u00e0 la politique de confidentialit\u00e9 des liens tiers. \u00a0Nous vous recommandons fortement de lire leur politique de confidentialit\u00e9 avant de donner des informations personnelles.<\/p>\n\n\n\n<h2 class=\"wp-block-heading\">\u00c9NONC\u00c9 DE CONFIDENTIALIT\u00c9<\/h2>\n\n\n\n<p>Ce site Web, comme de nombreux autres, fait appel aux outils\u00a0<em>Google Analytics<\/em>\u00a0 afin d\u2019analyser le comportement des utilisateurs sur\u00a0<em>HunterPro Boutique<\/em>.<\/p>\n\n\n\n<h2 class=\"wp-block-heading\">GOOGLE ANALYITCS<\/h2>\n\n\n\n<p><em>Google Analytics<\/em>&nbsp;est un service d\u2019analyse Web offert par Google. Google collige des donn\u00e9es anonymis\u00e9es recueillies pendant une session de navigation d\u2019un utilisateur, les classe et permet de les visualiser. Il recueille des donn\u00e9es notamment sur les habitudes de navigation (y compris les liens sur lesquels l\u2019utilisateur a cliqu\u00e9 et les pages qu\u2019il a visit\u00e9es), la r\u00e9gion d\u2019origine (selon le protocole&nbsp;IP), la source du trafic (p.&nbsp;ex., les sites r\u00e9f\u00e9rents), la langue pr\u00e9f\u00e9r\u00e9e, le type de navigateur et la taille de l\u2019\u00e9cran.<\/p>\n\n\n\n<p>Google peut se servir des donn\u00e9es recueillies pour contextualiser et personnaliser les annonces diffus\u00e9es par son propre r\u00e9seau de publicit\u00e9.<\/p>\n\n\n\n<p>Donn\u00e9es personnelles collig\u00e9es&nbsp;: t\u00e9moins et donn\u00e9es relatives \u00e0 l\u2019utilisation<\/p>\n\n\n\n<p>Pour obtenir de plus amples renseignements, veuillez consulter la&nbsp;<a href=\"https:\/\/www.google.com\/intl\/fr-CA\/policies\/privacy\/\" target=\"_blank\" rel=\"noreferrer noopener\">politique de confidentialit\u00e9 de Google<\/a>.<\/p>\n","protected":false},"excerpt":{"rendered":"<p>Responsable de la protection des renseignements personnelsDenis Dardelinfo@hunterbrand.com Merci de visiter notre site Web Veuillez vous r\u00e9f\u00e9rer aux termes et conditions et \u00e0 la politique de confidentialit\u00e9. En visitant notre site, vous acceptez implicitement les termes et conditions et la politique de confidentialit\u00e9. Nous maintiendrons notre politique de confidentialit\u00e9 \u00e0 jour et la publierons sur [&hellip;]<\/p>\n","protected":false},"author":1,"featured_media":0,"parent":0,"menu_order":0,"comment_status":"closed","ping_status":"closed","template":"","meta":{"footnotes":""},"class_list":["post-46607","page","type-page","status-publish","hentry"],"aioseo_notices":[],"_links":{"self":[{"href":"https:\/\/hunterproboutique.com\/fr\/wp-json\/wp\/v2\/pages\/46607","targetHints":{"allow":["GET"]}}],"collection":[{"href":"https:\/\/hunterproboutique.com\/fr\/wp-json\/wp\/v2\/pages"}],"about":[{"href":"https:\/\/hunterproboutique.com\/fr\/wp-json\/wp\/v2\/types\/page"}],"author":[{"embeddable":true,"href":"https:\/\/hunterproboutique.com\/fr\/wp-json\/wp\/v2\/users\/1"}],"replies":[{"embeddable":true,"href":"https:\/\/hunterproboutique.com\/fr\/wp-json\/wp\/v2\/comments?post=46607"}],"version-history":[{"count":0,"href":"https:\/\/hunterproboutique.com\/fr\/wp-json\/wp\/v2\/pages\/46607\/revisions"}],"wp:attachment":[{"href":"https:\/\/hunterproboutique.com\/fr\/wp-json\/wp\/v2\/media?parent=46607"}],"curies":[{"name":"wp","href":"https:\/\/api.w.org\/{rel}","templated":true}]}}