{"id":15615,"date":"2026-05-09T01:02:26","date_gmt":"2026-05-09T05:02:26","guid":{"rendered":"https:\/\/hunterproboutique.com\/product\/cylindre-pour-ciseaux-bleu\/"},"modified":"2026-05-08T03:16:05","modified_gmt":"2026-05-08T07:16:05","slug":"grooming-loop-heavy-nylon","status":"publish","type":"product","link":"https:\/\/hunterproboutique.com\/fr\/produit\/grooming-loop-heavy-nylon\/","title":{"rendered":"CYLINDRE POUR CISEAUX, BLEU"},"content":{"rendered":"<p>CYLINDRE POUR CISEAUX,   Beau design \u00e9pur\u00e9 en mousse rigide \u00e0 l&#8217;ext\u00e9rieur, int\u00e9rieur fait de tiges rigides compress\u00e9es et pourtant flexibles, pour le rangement et la protection des ciseaux.  Peut aussi servir \u00e0 recevoir des peignes.  Celui-ci est bleu mais est aussi disponible en rose, rouge et en noir.<\/p>\n","protected":false},"excerpt":{"rendered":"<p>CYLINDRE POUR CISEAUX,   Beau design \u00e9pur\u00e9 en mousse rigide \u00e0 l&#8217;ext\u00e9rieur, int\u00e9rieur fait de tiges rigides compress\u00e9es et pourtant flexibles, pour le rangement et la protection des ciseaux.  Peut aussi servir \u00e0 recevoir des peignes.  Celui-ci est bleu mais est aussi disponible en rose, rouge et en noir.<\/p>\n","protected":false},"featured_media":28732,"template":"","meta":[],"product_brand":[],"product_cat":[373,374,345],"product_tag":[],"class_list":{"0":"post-15615","1":"product","2":"type-product","3":"status-publish","4":"has-post-thumbnail","6":"product_cat-ciseaux","7":"product_cat-hunter-et-accessoires","8":"product_cat-toilettage","10":"first","11":"instock","12":"taxable","13":"shipping-taxable","14":"product-type-variable"},"aioseo_notices":[],"_links":{"self":[{"href":"https:\/\/hunterproboutique.com\/fr\/wp-json\/wp\/v2\/product\/15615","targetHints":{"allow":["GET"]}}],"collection":[{"href":"https:\/\/hunterproboutique.com\/fr\/wp-json\/wp\/v2\/product"}],"about":[{"href":"https:\/\/hunterproboutique.com\/fr\/wp-json\/wp\/v2\/types\/product"}],"wp:featuredmedia":[{"embeddable":true,"href":"https:\/\/hunterproboutique.com\/fr\/wp-json\/wp\/v2\/media\/28732"}],"wp:attachment":[{"href":"https:\/\/hunterproboutique.com\/fr\/wp-json\/wp\/v2\/media?parent=15615"}],"wp:term":[{"taxonomy":"product_brand","embeddable":true,"href":"https:\/\/hunterproboutique.com\/fr\/wp-json\/wp\/v2\/product_brand?post=15615"},{"taxonomy":"product_cat","embeddable":true,"href":"https:\/\/hunterproboutique.com\/fr\/wp-json\/wp\/v2\/product_cat?post=15615"},{"taxonomy":"product_tag","embeddable":true,"href":"https:\/\/hunterproboutique.com\/fr\/wp-json\/wp\/v2\/product_tag?post=15615"}],"curies":[{"name":"wp","href":"https:\/\/api.w.org\/{rel}","templated":true}]}}