{"id":15649,"date":"2026-04-16T01:02:06","date_gmt":"2026-04-16T05:02:06","guid":{"rendered":"https:\/\/hunterproboutique.com\/product\/72-sac-foulard-camouflage-24p-24m-12-g-12xg\/"},"modified":"2026-04-16T03:15:10","modified_gmt":"2026-04-16T07:15:10","slug":"72-sac-foulard-camouflage-24p-24m-12-g-12xg","status":"publish","type":"product","link":"https:\/\/hunterproboutique.com\/fr\/produit\/72-sac-foulard-camouflage-24p-24m-12-g-12xg\/","title":{"rendered":"72\/SAC FOULARD CAMOUFLAGE 24P\/24M\/12\/G\/12XG"},"content":{"rendered":"<p>FOULARD BANDANA CAMOUFLAGE POUR CHIENS, 72 UNIT\u00c9S AU SAC  C&#8217;est l&#8217;accessoire par excellence, la touche finale de tout bon toilettage.  *El\u00e9gant, Chic, Cowboy, Brigand, Enjou\u00e9 ou Classique,choississez un motif qui fera ressortir  la personnalit\u00e9 de votre animal de compagnie. *Les occasions soulign\u00e9es par des motifs appropri\u00e9s: No\u00ebl, St-Valentin,P\u00e2ques,Halloween. ajouteront aussi une note de fantaisie \u00e0 la vie de votre animal de compagnie et des gens de la maison  Cet ensemble comprend:  24 unit\u00e9 de Petits:         17&#8242; 24 unit\u00e9s de Moyens:   21&#8242; 12 unit\u00e9s de Grands:    24&#8242; 12 unit\u00e9s de X Grands: 31&#8242;<\/p>\n","protected":false},"excerpt":{"rendered":"<p>FOULARD BANDANA CAMOUFLAGE POUR CHIENS, 72 UNIT\u00c9S AU SAC  C&#8217;est l&#8217;accessoire par excellence, la touche finale de tout bon toilettage.  *El\u00e9gant, Chic, Cowboy, Brigand, Enjou\u00e9 ou Classique,choississez un motif qui fera ressortir  la personnalit\u00e9 de votre animal de compagnie. *Les occasions soulign\u00e9es par des motifs appropri\u00e9s: No\u00ebl, St-Valentin,P\u00e2ques,Halloween. ajouteront aussi une note de fantaisie \u00e0 la vie de votre animal de compagnie et des gens de la maison  Cet ensemble comprend:  24 unit\u00e9 de Petits:         17&#8242; 24 unit\u00e9s de Moyens:   21&#8242; 12 unit\u00e9s de Grands:    24&#8242; 12 unit\u00e9s de X Grands: 31&#8242;<\/p>\n","protected":false},"featured_media":26462,"template":"","meta":[],"product_brand":[],"product_cat":[372,345],"product_tag":[],"class_list":{"0":"post-15649","1":"product","2":"type-product","3":"status-publish","4":"has-post-thumbnail","6":"product_cat-divers","7":"product_cat-toilettage","9":"first","10":"instock","11":"taxable","12":"shipping-taxable","13":"purchasable","14":"product-type-simple"},"aioseo_notices":[],"_links":{"self":[{"href":"https:\/\/hunterproboutique.com\/fr\/wp-json\/wp\/v2\/product\/15649","targetHints":{"allow":["GET"]}}],"collection":[{"href":"https:\/\/hunterproboutique.com\/fr\/wp-json\/wp\/v2\/product"}],"about":[{"href":"https:\/\/hunterproboutique.com\/fr\/wp-json\/wp\/v2\/types\/product"}],"wp:featuredmedia":[{"embeddable":true,"href":"https:\/\/hunterproboutique.com\/fr\/wp-json\/wp\/v2\/media\/26462"}],"wp:attachment":[{"href":"https:\/\/hunterproboutique.com\/fr\/wp-json\/wp\/v2\/media?parent=15649"}],"wp:term":[{"taxonomy":"product_brand","embeddable":true,"href":"https:\/\/hunterproboutique.com\/fr\/wp-json\/wp\/v2\/product_brand?post=15649"},{"taxonomy":"product_cat","embeddable":true,"href":"https:\/\/hunterproboutique.com\/fr\/wp-json\/wp\/v2\/product_cat?post=15649"},{"taxonomy":"product_tag","embeddable":true,"href":"https:\/\/hunterproboutique.com\/fr\/wp-json\/wp\/v2\/product_tag?post=15649"}],"curies":[{"name":"wp","href":"https:\/\/api.w.org\/{rel}","templated":true}]}}