{"id":15657,"date":"2026-04-15T01:02:05","date_gmt":"2026-04-15T05:02:05","guid":{"rendered":"https:\/\/hunterproboutique.com\/product\/25-sac-cravates-noeud-papillon-assortis\/"},"modified":"2026-04-15T03:15:07","modified_gmt":"2026-04-15T07:15:07","slug":"25-sac-cravates-noeud-papillon-assortis","status":"publish","type":"product","link":"https:\/\/hunterproboutique.com\/fr\/produit\/25-sac-cravates-noeud-papillon-assortis\/","title":{"rendered":"25\/SAC NOEUD PAPILLON ASSORTIS"},"content":{"rendered":"<p>NOEUDS PAPILLON ASSORTIS 25\/SAC  Taill\u00e9s dans du tissu soyeux, ils sont l&#8217;accessoire id\u00e9al pour souligner les grandes occasions.  *A motif de rayures \u00e9l\u00e9gantes, de petits pois chics, d&#8217;imprim\u00e9s fleuris, en couleurs assorties<\/p>\n","protected":false},"excerpt":{"rendered":"<p>NOEUDS PAPILLON ASSORTIS 25\/SAC  Taill\u00e9s dans du tissu soyeux, ils sont l&#8217;accessoire id\u00e9al pour souligner les grandes occasions.  *A motif de rayures \u00e9l\u00e9gantes, de petits pois chics, d&#8217;imprim\u00e9s fleuris, en couleurs assorties<\/p>\n","protected":false},"featured_media":26474,"template":"","meta":[],"product_brand":[],"product_cat":[372,345],"product_tag":[],"class_list":{"0":"post-15657","1":"product","2":"type-product","3":"status-publish","4":"has-post-thumbnail","6":"product_cat-divers","7":"product_cat-toilettage","9":"first","10":"outofstock","11":"taxable","12":"shipping-taxable","13":"purchasable","14":"product-type-simple"},"aioseo_notices":[],"_links":{"self":[{"href":"https:\/\/hunterproboutique.com\/fr\/wp-json\/wp\/v2\/product\/15657","targetHints":{"allow":["GET"]}}],"collection":[{"href":"https:\/\/hunterproboutique.com\/fr\/wp-json\/wp\/v2\/product"}],"about":[{"href":"https:\/\/hunterproboutique.com\/fr\/wp-json\/wp\/v2\/types\/product"}],"wp:featuredmedia":[{"embeddable":true,"href":"https:\/\/hunterproboutique.com\/fr\/wp-json\/wp\/v2\/media\/26474"}],"wp:attachment":[{"href":"https:\/\/hunterproboutique.com\/fr\/wp-json\/wp\/v2\/media?parent=15657"}],"wp:term":[{"taxonomy":"product_brand","embeddable":true,"href":"https:\/\/hunterproboutique.com\/fr\/wp-json\/wp\/v2\/product_brand?post=15657"},{"taxonomy":"product_cat","embeddable":true,"href":"https:\/\/hunterproboutique.com\/fr\/wp-json\/wp\/v2\/product_cat?post=15657"},{"taxonomy":"product_tag","embeddable":true,"href":"https:\/\/hunterproboutique.com\/fr\/wp-json\/wp\/v2\/product_tag?post=15657"}],"curies":[{"name":"wp","href":"https:\/\/api.w.org\/{rel}","templated":true}]}}