{"id":15671,"date":"2026-04-15T01:02:06","date_gmt":"2026-04-15T05:02:06","guid":{"rendered":"https:\/\/hunterproboutique.com\/product\/50-sac-boucles-motif-paques\/"},"modified":"2026-04-15T03:15:07","modified_gmt":"2026-04-15T07:15:07","slug":"50-sac-boucles-motif-paques","status":"publish","type":"product","link":"https:\/\/hunterproboutique.com\/fr\/produit\/50-sac-boucles-motif-paques\/","title":{"rendered":"50\/SAC BOUCLES MOTIF P\u00c2QUES"},"content":{"rendered":"<p>BOUCLES  \u00c0 MOTIFS DE P\u00c2QUES 50\/SAC  Ravissantes boucles de ruban pour P\u00e2ques La touche finale d&#8217;un bon toilettage  *Rubans de couleurs douces, imprim\u00e9s de motifs vari\u00e9s au go\u00fbt de P\u00e2ques *D\u00e9cor\u00e9s de petits lapins, boutons de fleurs de toutes les couleurs<\/p>\n","protected":false},"excerpt":{"rendered":"<p>BOUCLES  \u00c0 MOTIFS DE P\u00c2QUES 50\/SAC  Ravissantes boucles de ruban pour P\u00e2ques La touche finale d&#8217;un bon toilettage  *Rubans de couleurs douces, imprim\u00e9s de motifs vari\u00e9s au go\u00fbt de P\u00e2ques *D\u00e9cor\u00e9s de petits lapins, boutons de fleurs de toutes les couleurs<\/p>\n","protected":false},"featured_media":26489,"template":"","meta":[],"product_brand":[],"product_cat":[372,345],"product_tag":[],"class_list":{"0":"post-15671","1":"product","2":"type-product","3":"status-publish","4":"has-post-thumbnail","6":"product_cat-divers","7":"product_cat-toilettage","9":"first","10":"instock","11":"taxable","12":"shipping-taxable","13":"purchasable","14":"product-type-simple"},"aioseo_notices":[],"_links":{"self":[{"href":"https:\/\/hunterproboutique.com\/fr\/wp-json\/wp\/v2\/product\/15671","targetHints":{"allow":["GET"]}}],"collection":[{"href":"https:\/\/hunterproboutique.com\/fr\/wp-json\/wp\/v2\/product"}],"about":[{"href":"https:\/\/hunterproboutique.com\/fr\/wp-json\/wp\/v2\/types\/product"}],"wp:featuredmedia":[{"embeddable":true,"href":"https:\/\/hunterproboutique.com\/fr\/wp-json\/wp\/v2\/media\/26489"}],"wp:attachment":[{"href":"https:\/\/hunterproboutique.com\/fr\/wp-json\/wp\/v2\/media?parent=15671"}],"wp:term":[{"taxonomy":"product_brand","embeddable":true,"href":"https:\/\/hunterproboutique.com\/fr\/wp-json\/wp\/v2\/product_brand?post=15671"},{"taxonomy":"product_cat","embeddable":true,"href":"https:\/\/hunterproboutique.com\/fr\/wp-json\/wp\/v2\/product_cat?post=15671"},{"taxonomy":"product_tag","embeddable":true,"href":"https:\/\/hunterproboutique.com\/fr\/wp-json\/wp\/v2\/product_tag?post=15671"}],"curies":[{"name":"wp","href":"https:\/\/api.w.org\/{rel}","templated":true}]}}