{"id":15695,"date":"2026-04-15T01:02:17","date_gmt":"2026-04-15T05:02:17","guid":{"rendered":"https:\/\/hunterproboutique.com\/product\/petit-sarrau-ample-noir\/"},"modified":"2026-04-15T03:16:17","modified_gmt":"2026-04-15T07:16:17","slug":"petit-sarrau-ample-noir","status":"publish","type":"product","link":"https:\/\/hunterproboutique.com\/fr\/produit\/petit-sarrau-ample-noir\/","title":{"rendered":"PETIT SARRAU &#8211; COUPE AMPLE &#8211; NOIR"},"content":{"rendered":"<p>PETIT SARRAU DE COUPE AMPLE &#8211; NOIR  Les sarraus de toilettage Cozmo sont fabriqu\u00e9s en 100% nylon, un tissu qui repousse l&#8217;eau et les poils.    *D\u00e9cor\u00e9 d&#8217;empreintes de pattes jumelles uniques brod\u00e9es dans des couleurs assorties. *La coupe r\u00e9guli\u00e8re offre une grande libert\u00e9 de mouvement *Deux poches *Fermeture \u00e9clair \u00e0 grandes dents *Manches courtes pour plus de confort *Imperm\u00e9able \u00e0 l&#8217;eau *Tissu qui respire *Durable *Voir \u00e9tiquette dans sarrau pour instructions de lavage<\/p>\n","protected":false},"excerpt":{"rendered":"<p>PETIT SARRAU DE COUPE AMPLE &#8211; NOIR  Les sarraus de toilettage Cozmo sont fabriqu\u00e9s en 100% nylon, un tissu qui repousse l&#8217;eau et les poils.    *D\u00e9cor\u00e9 d&#8217;empreintes de pattes jumelles uniques brod\u00e9es dans des couleurs assorties. *La coupe r\u00e9guli\u00e8re offre une grande libert\u00e9 de mouvement *Deux poches *Fermeture \u00e9clair \u00e0 grandes dents *Manches courtes pour plus de confort *Imperm\u00e9able \u00e0 l&#8217;eau *Tissu qui respire *Durable *Voir \u00e9tiquette dans sarrau pour instructions de lavage<\/p>\n","protected":false},"featured_media":26914,"template":"","meta":[],"product_brand":[],"product_cat":[372,345],"product_tag":[],"class_list":{"0":"post-15695","1":"product","2":"type-product","3":"status-publish","4":"has-post-thumbnail","6":"product_cat-divers","7":"product_cat-toilettage","9":"first","10":"outofstock","11":"taxable","12":"shipping-taxable","13":"purchasable","14":"product-type-variable"},"aioseo_notices":[],"_links":{"self":[{"href":"https:\/\/hunterproboutique.com\/fr\/wp-json\/wp\/v2\/product\/15695","targetHints":{"allow":["GET"]}}],"collection":[{"href":"https:\/\/hunterproboutique.com\/fr\/wp-json\/wp\/v2\/product"}],"about":[{"href":"https:\/\/hunterproboutique.com\/fr\/wp-json\/wp\/v2\/types\/product"}],"wp:featuredmedia":[{"embeddable":true,"href":"https:\/\/hunterproboutique.com\/fr\/wp-json\/wp\/v2\/media\/26914"}],"wp:attachment":[{"href":"https:\/\/hunterproboutique.com\/fr\/wp-json\/wp\/v2\/media?parent=15695"}],"wp:term":[{"taxonomy":"product_brand","embeddable":true,"href":"https:\/\/hunterproboutique.com\/fr\/wp-json\/wp\/v2\/product_brand?post=15695"},{"taxonomy":"product_cat","embeddable":true,"href":"https:\/\/hunterproboutique.com\/fr\/wp-json\/wp\/v2\/product_cat?post=15695"},{"taxonomy":"product_tag","embeddable":true,"href":"https:\/\/hunterproboutique.com\/fr\/wp-json\/wp\/v2\/product_tag?post=15695"}],"curies":[{"name":"wp","href":"https:\/\/api.w.org\/{rel}","templated":true}]}}