{"id":15730,"date":"2026-04-16T01:02:17","date_gmt":"2026-04-16T05:02:17","guid":{"rendered":"https:\/\/hunterproboutique.com\/product\/petit-sarrau-ajuste-bleu\/"},"modified":"2026-04-15T03:16:17","modified_gmt":"2026-04-15T07:16:17","slug":"petit-sarrau-ajuste-bleu","status":"publish","type":"product","link":"https:\/\/hunterproboutique.com\/fr\/produit\/petit-sarrau-ajuste-bleu\/","title":{"rendered":"PETIT SARRAU &#8211; AJUSTE &#8211; BLEU"},"content":{"rendered":"<p>PETIT SARRAU &#8211; AJUST\u00c9 -BLEU  Les sarraus de toilettage Cozmo sont fabriqu\u00e9s en 100% nylon, un tissu qui repousse l&#8217;eau et les poils.    *Coupe ajust\u00e9e qui apporte un \u00e9l\u00e9ment de style *Plis \u00e0 l&#8217;arri\u00e8re de la blouse pour permettre aux toiletteurs de se d\u00e9placer facilement pendant leur travail. *D\u00e9coration du col mandarin *Fermeture \u00e0 glissi\u00e8re \u00e0 grandes dents qui n&#8217;accroche . *Manches courtes pour que les toiletteurs se sentent \u00e0 l&#8217;aise en \u00e9t\u00e9. *Imperm\u00e9able *Tissu qui respire *Durable *Voir \u00e9tiquette pour instructions de lavage \u00e0 l&#8217;int\u00e9rieur du sarrau<\/p>\n","protected":false},"excerpt":{"rendered":"<p>PETIT SARRAU &#8211; AJUST\u00c9 -BLEU  Les sarraus de toilettage Cozmo sont fabriqu\u00e9s en 100% nylon, un tissu qui repousse l&#8217;eau et les poils.    *Coupe ajust\u00e9e qui apporte un \u00e9l\u00e9ment de style *Plis \u00e0 l&#8217;arri\u00e8re de la blouse pour permettre aux toiletteurs de se d\u00e9placer facilement pendant leur travail. *D\u00e9coration du col mandarin *Fermeture \u00e0 glissi\u00e8re \u00e0 grandes dents qui n&#8217;accroche . *Manches courtes pour que les toiletteurs se sentent \u00e0 l&#8217;aise en \u00e9t\u00e9. *Imperm\u00e9able *Tissu qui respire *Durable *Voir \u00e9tiquette pour instructions de lavage \u00e0 l&#8217;int\u00e9rieur du sarrau<\/p>\n","protected":false},"featured_media":28463,"template":"","meta":[],"product_brand":[],"product_cat":[372,345],"product_tag":[],"class_list":{"0":"post-15730","1":"product","2":"type-product","3":"status-publish","4":"has-post-thumbnail","6":"product_cat-divers","7":"product_cat-toilettage","9":"first","10":"outofstock","11":"taxable","12":"shipping-taxable","13":"product-type-variable"},"aioseo_notices":[],"_links":{"self":[{"href":"https:\/\/hunterproboutique.com\/fr\/wp-json\/wp\/v2\/product\/15730","targetHints":{"allow":["GET"]}}],"collection":[{"href":"https:\/\/hunterproboutique.com\/fr\/wp-json\/wp\/v2\/product"}],"about":[{"href":"https:\/\/hunterproboutique.com\/fr\/wp-json\/wp\/v2\/types\/product"}],"wp:featuredmedia":[{"embeddable":true,"href":"https:\/\/hunterproboutique.com\/fr\/wp-json\/wp\/v2\/media\/28463"}],"wp:attachment":[{"href":"https:\/\/hunterproboutique.com\/fr\/wp-json\/wp\/v2\/media?parent=15730"}],"wp:term":[{"taxonomy":"product_brand","embeddable":true,"href":"https:\/\/hunterproboutique.com\/fr\/wp-json\/wp\/v2\/product_brand?post=15730"},{"taxonomy":"product_cat","embeddable":true,"href":"https:\/\/hunterproboutique.com\/fr\/wp-json\/wp\/v2\/product_cat?post=15730"},{"taxonomy":"product_tag","embeddable":true,"href":"https:\/\/hunterproboutique.com\/fr\/wp-json\/wp\/v2\/product_tag?post=15730"}],"curies":[{"name":"wp","href":"https:\/\/api.w.org\/{rel}","templated":true}]}}