{"id":15760,"date":"2026-05-09T01:02:22","date_gmt":"2026-05-09T05:02:22","guid":{"rendered":"https:\/\/hunterproboutique.com\/product\/loupe-toilettage-avec-anneau-snap-si\/"},"modified":"2026-05-08T03:15:39","modified_gmt":"2026-05-08T07:15:39","slug":"loupe-toilettage-avec-anneau-snap-si","status":"publish","type":"product","link":"https:\/\/hunterproboutique.com\/fr\/produit\/loupe-toilettage-avec-anneau-snap-si\/","title":{"rendered":"LOUPE TOILETTAGE AVEC ANNEAU, SNAP SI"},"content":{"rendered":"<p>LOUPE DE TOILETTAGE &#8211; ANNEAU ET MOUSQUETON  S.I  EXTRA-FORT  Faite de corde \u00e9paisse, cette courroie est dot\u00e9e d&#8217;un mousqueton \u00e0 pince ultra-r\u00e9sistant qui permet une attache rapide, efficace et solide lors du toilettage.   *Deux points d&#8217;ajustement, incluant un anneau, assurent une exp\u00e9rience plus s\u00e9curitaire<\/p>\n","protected":false},"excerpt":{"rendered":"<p>LOUPE DE TOILETTAGE &#8211; ANNEAU ET MOUSQUETON  S.I  EXTRA-FORT  Faite de corde \u00e9paisse, cette courroie est dot\u00e9e d&#8217;un mousqueton \u00e0 pince ultra-r\u00e9sistant qui permet une attache rapide, efficace et solide lors du toilettage.   *Deux points d&#8217;ajustement, incluant un anneau, assurent une exp\u00e9rience plus s\u00e9curitaire<\/p>\n","protected":false},"featured_media":27425,"template":"","meta":[],"product_brand":[],"product_cat":[470,324,345],"product_tag":[],"class_list":{"0":"post-15760","1":"product","2":"type-product","3":"status-publish","4":"has-post-thumbnail","6":"product_cat-supports-fr","7":"product_cat-tables-grooming-arms","8":"product_cat-toilettage","10":"first","11":"instock","12":"taxable","13":"shipping-taxable","14":"purchasable","15":"product-type-simple"},"aioseo_notices":[],"_links":{"self":[{"href":"https:\/\/hunterproboutique.com\/fr\/wp-json\/wp\/v2\/product\/15760","targetHints":{"allow":["GET"]}}],"collection":[{"href":"https:\/\/hunterproboutique.com\/fr\/wp-json\/wp\/v2\/product"}],"about":[{"href":"https:\/\/hunterproboutique.com\/fr\/wp-json\/wp\/v2\/types\/product"}],"wp:featuredmedia":[{"embeddable":true,"href":"https:\/\/hunterproboutique.com\/fr\/wp-json\/wp\/v2\/media\/27425"}],"wp:attachment":[{"href":"https:\/\/hunterproboutique.com\/fr\/wp-json\/wp\/v2\/media?parent=15760"}],"wp:term":[{"taxonomy":"product_brand","embeddable":true,"href":"https:\/\/hunterproboutique.com\/fr\/wp-json\/wp\/v2\/product_brand?post=15760"},{"taxonomy":"product_cat","embeddable":true,"href":"https:\/\/hunterproboutique.com\/fr\/wp-json\/wp\/v2\/product_cat?post=15760"},{"taxonomy":"product_tag","embeddable":true,"href":"https:\/\/hunterproboutique.com\/fr\/wp-json\/wp\/v2\/product_tag?post=15760"}],"curies":[{"name":"wp","href":"https:\/\/api.w.org\/{rel}","templated":true}]}}