{"id":15764,"date":"2026-04-16T01:02:35","date_gmt":"2026-04-16T05:02:35","guid":{"rendered":"https:\/\/hunterproboutique.com\/product\/22-5-loupe-toilettage-cable-acier\/"},"modified":"2026-04-15T03:15:48","modified_gmt":"2026-04-15T07:15:48","slug":"22-5-loupe-toilettage-cable-acier","status":"publish","type":"product","link":"https:\/\/hunterproboutique.com\/fr\/produit\/22-5-loupe-toilettage-cable-acier\/","title":{"rendered":"22.5&#8242; LOUPE TOILETTAGE CABLE ACIER"},"content":{"rendered":"<p>LOUPE DE TOILETTAGE EN C\u00c2BLE D&#8217;ACIER  Cette loupe de toilettage est compos\u00e9e d&#8217;un c\u00e2ble ajustable en acier.   *Un tube de caoutchouc mousse sert de coussin entre le cou et le c\u00e2ble.  *Un mousqueton \u00e0 verrou permet une attache solide.<\/p>\n","protected":false},"excerpt":{"rendered":"<p>LOUPE DE TOILETTAGE EN C\u00c2BLE D&#8217;ACIER  Cette loupe de toilettage est compos\u00e9e d&#8217;un c\u00e2ble ajustable en acier.   *Un tube de caoutchouc mousse sert de coussin entre le cou et le c\u00e2ble.  *Un mousqueton \u00e0 verrou permet une attache solide.<\/p>\n","protected":false},"featured_media":27432,"template":"","meta":[],"product_brand":[],"product_cat":[470,324,345],"product_tag":[],"class_list":{"0":"post-15764","1":"product","2":"type-product","3":"status-publish","4":"has-post-thumbnail","6":"product_cat-supports-fr","7":"product_cat-tables-grooming-arms","8":"product_cat-toilettage","10":"first","11":"instock","12":"taxable","13":"shipping-taxable","14":"purchasable","15":"product-type-simple"},"aioseo_notices":[],"_links":{"self":[{"href":"https:\/\/hunterproboutique.com\/fr\/wp-json\/wp\/v2\/product\/15764","targetHints":{"allow":["GET"]}}],"collection":[{"href":"https:\/\/hunterproboutique.com\/fr\/wp-json\/wp\/v2\/product"}],"about":[{"href":"https:\/\/hunterproboutique.com\/fr\/wp-json\/wp\/v2\/types\/product"}],"wp:featuredmedia":[{"embeddable":true,"href":"https:\/\/hunterproboutique.com\/fr\/wp-json\/wp\/v2\/media\/27432"}],"wp:attachment":[{"href":"https:\/\/hunterproboutique.com\/fr\/wp-json\/wp\/v2\/media?parent=15764"}],"wp:term":[{"taxonomy":"product_brand","embeddable":true,"href":"https:\/\/hunterproboutique.com\/fr\/wp-json\/wp\/v2\/product_brand?post=15764"},{"taxonomy":"product_cat","embeddable":true,"href":"https:\/\/hunterproboutique.com\/fr\/wp-json\/wp\/v2\/product_cat?post=15764"},{"taxonomy":"product_tag","embeddable":true,"href":"https:\/\/hunterproboutique.com\/fr\/wp-json\/wp\/v2\/product_tag?post=15764"}],"curies":[{"name":"wp","href":"https:\/\/api.w.org\/{rel}","templated":true}]}}