{"id":15813,"date":"2026-04-16T01:02:46","date_gmt":"2026-04-16T05:02:46","guid":{"rendered":"https:\/\/hunterproboutique.com\/product\/ramasse-poil-pet-hair-magnet\/"},"modified":"2026-04-15T03:16:01","modified_gmt":"2026-04-15T07:16:01","slug":"ramasse-poil-pet-hair-magnet","status":"publish","type":"product","link":"https:\/\/hunterproboutique.com\/fr\/produit\/ramasse-poil-pet-hair-magnet\/","title":{"rendered":"RAMASSE POIL &#8216;PET HAIR MAGNET&#8217;"},"content":{"rendered":"<p>RAMASSE-POIL PET HAIR MAGNET  Ce ramasse-poil Petmate enl\u00e8ve facilement les poils d&#8217;animaux des tapis, rideaux, divans, chaises et si\u00e8ges d&#8217;auto. Il comprend une lame sp\u00e9ciale qui fonctionne \u00e0 sec. Elle tire et attrape les poils des chats et des chiens, m\u00eame ceux qui ne sont pas enlev\u00e9s par un aspirateur. Cet item peut \u00eatre rinc\u00e9 et r\u00e9utilis\u00e9.<\/p>\n","protected":false},"excerpt":{"rendered":"<p>RAMASSE-POIL PET HAIR MAGNET  Ce ramasse-poil Petmate enl\u00e8ve facilement les poils d&#8217;animaux des tapis, rideaux, divans, chaises et si\u00e8ges d&#8217;auto. Il comprend une lame sp\u00e9ciale qui fonctionne \u00e0 sec. Elle tire et attrape les poils des chats et des chiens, m\u00eame ceux qui ne sont pas enlev\u00e9s par un aspirateur. Cet item peut \u00eatre rinc\u00e9 et r\u00e9utilis\u00e9.<\/p>\n","protected":false},"featured_media":4298,"template":"","meta":[],"product_brand":[],"product_cat":[372,345],"product_tag":[],"class_list":{"0":"post-15813","1":"product","2":"type-product","3":"status-publish","4":"has-post-thumbnail","6":"product_cat-divers","7":"product_cat-toilettage","9":"first","10":"outofstock","11":"taxable","12":"shipping-taxable","13":"purchasable","14":"product-type-simple"},"aioseo_notices":[],"_links":{"self":[{"href":"https:\/\/hunterproboutique.com\/fr\/wp-json\/wp\/v2\/product\/15813","targetHints":{"allow":["GET"]}}],"collection":[{"href":"https:\/\/hunterproboutique.com\/fr\/wp-json\/wp\/v2\/product"}],"about":[{"href":"https:\/\/hunterproboutique.com\/fr\/wp-json\/wp\/v2\/types\/product"}],"wp:featuredmedia":[{"embeddable":true,"href":"https:\/\/hunterproboutique.com\/fr\/wp-json\/wp\/v2\/media\/4298"}],"wp:attachment":[{"href":"https:\/\/hunterproboutique.com\/fr\/wp-json\/wp\/v2\/media?parent=15813"}],"wp:term":[{"taxonomy":"product_brand","embeddable":true,"href":"https:\/\/hunterproboutique.com\/fr\/wp-json\/wp\/v2\/product_brand?post=15813"},{"taxonomy":"product_cat","embeddable":true,"href":"https:\/\/hunterproboutique.com\/fr\/wp-json\/wp\/v2\/product_cat?post=15813"},{"taxonomy":"product_tag","embeddable":true,"href":"https:\/\/hunterproboutique.com\/fr\/wp-json\/wp\/v2\/product_tag?post=15813"}],"curies":[{"name":"wp","href":"https:\/\/api.w.org\/{rel}","templated":true}]}}