{"id":15837,"date":"2026-04-23T01:02:08","date_gmt":"2026-04-23T05:02:08","guid":{"rendered":"https:\/\/hunterproboutique.com\/product\/rampe-pour-bain-plastique\/"},"modified":"2026-04-23T03:15:16","modified_gmt":"2026-04-23T07:15:16","slug":"rampe-pour-bain-plastique","status":"publish","type":"product","link":"https:\/\/hunterproboutique.com\/fr\/produit\/rampe-pour-bain-plastique\/","title":{"rendered":"RAMPE POUR BAIN PLASTIQUE"},"content":{"rendered":"<p>RAMPE POUR BAIN DE PLASTIQUE  *Rampe pouvant \u00eatre utilis\u00e9e avec le bain de plastique *Solidement b\u00e2tie, elle vous \u00e9vite la fatigue et permet un acc\u00e8s plus facile pour tous les chiens *Elle est recouverte d&#8217;un tapis anti- d\u00e9rapant  *Ses pattes ont aussi des embouts en caoutchouc, pour une meilleure stabilit\u00e9<\/p>\n","protected":false},"excerpt":{"rendered":"<p>RAMPE POUR BAIN DE PLASTIQUE  *Rampe pouvant \u00eatre utilis\u00e9e avec le bain de plastique *Solidement b\u00e2tie, elle vous \u00e9vite la fatigue et permet un acc\u00e8s plus facile pour tous les chiens *Elle est recouverte d&#8217;un tapis anti- d\u00e9rapant  *Ses pattes ont aussi des embouts en caoutchouc, pour une meilleure stabilit\u00e9<\/p>\n","protected":false},"featured_media":26764,"template":"","meta":[],"product_brand":[],"product_cat":[346,348,345],"product_tag":[],"class_list":{"0":"post-15837","1":"product","2":"type-product","3":"status-publish","4":"has-post-thumbnail","6":"product_cat-bain-douches-et-accessoires","7":"product_cat-bains","8":"product_cat-toilettage","10":"first","11":"instock","12":"taxable","13":"shipping-taxable","14":"purchasable","15":"product-type-simple"},"aioseo_notices":[],"_links":{"self":[{"href":"https:\/\/hunterproboutique.com\/fr\/wp-json\/wp\/v2\/product\/15837","targetHints":{"allow":["GET"]}}],"collection":[{"href":"https:\/\/hunterproboutique.com\/fr\/wp-json\/wp\/v2\/product"}],"about":[{"href":"https:\/\/hunterproboutique.com\/fr\/wp-json\/wp\/v2\/types\/product"}],"wp:featuredmedia":[{"embeddable":true,"href":"https:\/\/hunterproboutique.com\/fr\/wp-json\/wp\/v2\/media\/26764"}],"wp:attachment":[{"href":"https:\/\/hunterproboutique.com\/fr\/wp-json\/wp\/v2\/media?parent=15837"}],"wp:term":[{"taxonomy":"product_brand","embeddable":true,"href":"https:\/\/hunterproboutique.com\/fr\/wp-json\/wp\/v2\/product_brand?post=15837"},{"taxonomy":"product_cat","embeddable":true,"href":"https:\/\/hunterproboutique.com\/fr\/wp-json\/wp\/v2\/product_cat?post=15837"},{"taxonomy":"product_tag","embeddable":true,"href":"https:\/\/hunterproboutique.com\/fr\/wp-json\/wp\/v2\/product_tag?post=15837"}],"curies":[{"name":"wp","href":"https:\/\/api.w.org\/{rel}","templated":true}]}}