{"id":15851,"date":"2026-04-16T01:02:32","date_gmt":"2026-04-16T05:02:32","guid":{"rendered":"https:\/\/hunterproboutique.com\/product\/18x29-table-tonte-avec-poteau-loupe-pattes-acier-inox\/"},"modified":"2026-04-15T03:15:43","modified_gmt":"2026-04-15T07:15:43","slug":"18x29-table-tonte-avec-poteau-loupe-pattes-acier-inox","status":"publish","type":"product","link":"https:\/\/hunterproboutique.com\/fr\/produit\/18x29-table-tonte-avec-poteau-loupe-pattes-acier-inox\/","title":{"rendered":"30x19x32&#8217;H TABLE TONTE,  pattes acier inox,poteau\/loupe,"},"content":{"rendered":"<p>TABLE DE TOILETTAGE PLIANTE &#8211; POUR CHATS ET PETITS CHIENS &#8211;   Cette solide table de toilettage professionnelle pour chats sera un ajout int\u00e9ressant \u00e0 votre salon de toilettage lorsque le travail suppl\u00e9mentaire exige un \u00e9quipement suppl\u00e9mentaire. Elle sera \u00e9galement tr\u00e8s pratique pour les expositions et les concours de toilettage.  *Vient avec un bras de toilettage et une loupe de toilettage avec S.I. snap *L\u00e9ger, facilement pliable, facile \u00e0 manipuler, facile \u00e0 nettoyer  *Pattes en inox. Dimensions : L18 largeur x 29&#8242; longueur x 32,5&#8242; hauteur &#8212; 45,7x74x82 cm<\/p>\n","protected":false},"excerpt":{"rendered":"<p>TABLE DE TOILETTAGE PLIANTE &#8211; POUR CHATS ET PETITS CHIENS &#8211;   Cette solide table de toilettage professionnelle pour chats sera un ajout int\u00e9ressant \u00e0 votre salon de toilettage lorsque le travail suppl\u00e9mentaire exige un \u00e9quipement suppl\u00e9mentaire. Elle sera \u00e9galement tr\u00e8s pratique pour les expositions et les concours de toilettage.  *Vient avec un bras de toilettage et une loupe de toilettage avec S.I. snap *L\u00e9ger, facilement pliable, facile \u00e0 manipuler, facile \u00e0 nettoyer  *Pattes en inox. Dimensions : L18 largeur x 29&#8242; longueur x 32,5&#8242; hauteur &#8212; 45,7x74x82 cm<\/p>\n","protected":false},"featured_media":27344,"template":"","meta":[],"product_brand":[],"product_cat":[378,324,345],"product_tag":[],"class_list":{"0":"post-15851","1":"product","2":"type-product","3":"status-publish","4":"has-post-thumbnail","6":"product_cat-table","7":"product_cat-tables-grooming-arms","8":"product_cat-toilettage","10":"first","11":"instock","12":"taxable","13":"shipping-taxable","14":"purchasable","15":"product-type-simple"},"aioseo_notices":[],"_links":{"self":[{"href":"https:\/\/hunterproboutique.com\/fr\/wp-json\/wp\/v2\/product\/15851","targetHints":{"allow":["GET"]}}],"collection":[{"href":"https:\/\/hunterproboutique.com\/fr\/wp-json\/wp\/v2\/product"}],"about":[{"href":"https:\/\/hunterproboutique.com\/fr\/wp-json\/wp\/v2\/types\/product"}],"wp:featuredmedia":[{"embeddable":true,"href":"https:\/\/hunterproboutique.com\/fr\/wp-json\/wp\/v2\/media\/27344"}],"wp:attachment":[{"href":"https:\/\/hunterproboutique.com\/fr\/wp-json\/wp\/v2\/media?parent=15851"}],"wp:term":[{"taxonomy":"product_brand","embeddable":true,"href":"https:\/\/hunterproboutique.com\/fr\/wp-json\/wp\/v2\/product_brand?post=15851"},{"taxonomy":"product_cat","embeddable":true,"href":"https:\/\/hunterproboutique.com\/fr\/wp-json\/wp\/v2\/product_cat?post=15851"},{"taxonomy":"product_tag","embeddable":true,"href":"https:\/\/hunterproboutique.com\/fr\/wp-json\/wp\/v2\/product_tag?post=15851"}],"curies":[{"name":"wp","href":"https:\/\/api.w.org\/{rel}","templated":true}]}}