{"id":15861,"date":"2026-04-20T01:02:30","date_gmt":"2026-04-20T05:02:30","guid":{"rendered":"https:\/\/hunterproboutique.com\/product\/47-table-accordeon-ajust-11-5-49-5haut\/"},"modified":"2026-04-20T03:15:41","modified_gmt":"2026-04-20T07:15:41","slug":"47-table-accordeon-ajust-11-5-49-5haut","status":"publish","type":"product","link":"https:\/\/hunterproboutique.com\/fr\/produit\/47-table-accordeon-ajust-11-5-49-5haut\/","title":{"rendered":"49&#8217;TABLE ELECTRIQUE SUPER STABLE, BRAS DE TONTE"},"content":{"rendered":"<p>TABLE \u00c9LECTRIQUE 49&#8242; SUPER STABLE, AVEC BRAS DE TONTE  Sa meilleure caract\u00e9ristique est sa STABILIT\u00c9  M\u00eame lorsqu&#8217;elle est soulev\u00e9e \u00e0 sa hauteur maximale, elle reste stable. C&#8217;est la table \u00e9lectrique la plus s\u00e9curitaire sur le march\u00e9.  *Quatre barres verticales soutiennent le plateau de la table *Le centre de gravit\u00e9 reste stable et centr\u00e9, m\u00eame lorsque l&#8217;ajustement maximum. est atteint *Ajustements de 14&#8242; \u00e0 40&#8242; &#8211; 36cm \u00e0 101 cm *Unit\u00e9 de contr\u00f4le : deux p\u00e9dales *Interrupteur manuel disponible en option  *** NOTER QUE DES FRAIS DE TRANSPORT SONT APPLICABLES POUR CE PRODUIT. NOUS VOUS CONTACTERONS AVEC LES DETAILS UNE FOIS LA COMMANDE CONFIRMEE.*** &#8212;&#8212;&#8212;&#8212;&#8212;&#8212;&#8212;&#8212;&#8212;&#8212;&#8212;&#8212;&#8212;&#8212;&#8212;&#8212;&#8212;&#8212;&#8212;&#8212;&#8212;&#8212;&#8212;&#8212;&#8212;&#8212;&#8212;&#8212;&#8212;&#8212;&#8212;&#8212;&#8212;&#8212;&#8212;&#8212;&#8212;&#8212;&#8212;&#8212;&#8212;&#8212;&#8212;&#8212;&#8212;&#8212;&#8212;&#8212;&#8212;&#8212;&#8211;<\/p>\n","protected":false},"excerpt":{"rendered":"<p>TABLE \u00c9LECTRIQUE 49&#8242; SUPER STABLE, AVEC BRAS DE TONTE  Sa meilleure caract\u00e9ristique est sa STABILIT\u00c9  M\u00eame lorsqu&#8217;elle est soulev\u00e9e \u00e0 sa hauteur maximale, elle reste stable. C&#8217;est la table \u00e9lectrique la plus s\u00e9curitaire sur le march\u00e9.  *Quatre barres verticales soutiennent le plateau de la table *Le centre de gravit\u00e9 reste stable et centr\u00e9, m\u00eame lorsque l&#8217;ajustement maximum. est atteint *Ajustements de 14&#8242; \u00e0 40&#8242; &#8211; 36cm \u00e0 101 cm *Unit\u00e9 de contr\u00f4le : deux p\u00e9dales *Interrupteur manuel disponible en option  *** NOTER QUE DES FRAIS DE TRANSPORT SONT APPLICABLES POUR CE PRODUIT. NOUS VOUS CONTACTERONS AVEC LES DETAILS UNE FOIS LA COMMANDE CONFIRMEE.*** &#8212;&#8212;&#8212;&#8212;&#8212;&#8212;&#8212;&#8212;&#8212;&#8212;&#8212;&#8212;&#8212;&#8212;&#8212;&#8212;&#8212;&#8212;&#8212;&#8212;&#8212;&#8212;&#8212;&#8212;&#8212;&#8212;&#8212;&#8212;&#8212;&#8212;&#8212;&#8212;&#8212;&#8212;&#8212;&#8212;&#8212;&#8212;&#8212;&#8212;&#8212;&#8212;&#8212;&#8212;&#8212;&#8212;&#8212;&#8212;&#8212;&#8212;&#8211;<\/p>\n","protected":false},"featured_media":33613,"template":"","meta":[],"product_brand":[],"product_cat":[378,324,345],"product_tag":[],"class_list":{"0":"post-15861","1":"product","2":"type-product","3":"status-publish","4":"has-post-thumbnail","6":"product_cat-table","7":"product_cat-tables-grooming-arms","8":"product_cat-toilettage","10":"first","11":"instock","12":"taxable","13":"shipping-taxable","14":"purchasable","15":"product-type-simple"},"aioseo_notices":[],"_links":{"self":[{"href":"https:\/\/hunterproboutique.com\/fr\/wp-json\/wp\/v2\/product\/15861","targetHints":{"allow":["GET"]}}],"collection":[{"href":"https:\/\/hunterproboutique.com\/fr\/wp-json\/wp\/v2\/product"}],"about":[{"href":"https:\/\/hunterproboutique.com\/fr\/wp-json\/wp\/v2\/types\/product"}],"wp:featuredmedia":[{"embeddable":true,"href":"https:\/\/hunterproboutique.com\/fr\/wp-json\/wp\/v2\/media\/33613"}],"wp:attachment":[{"href":"https:\/\/hunterproboutique.com\/fr\/wp-json\/wp\/v2\/media?parent=15861"}],"wp:term":[{"taxonomy":"product_brand","embeddable":true,"href":"https:\/\/hunterproboutique.com\/fr\/wp-json\/wp\/v2\/product_brand?post=15861"},{"taxonomy":"product_cat","embeddable":true,"href":"https:\/\/hunterproboutique.com\/fr\/wp-json\/wp\/v2\/product_cat?post=15861"},{"taxonomy":"product_tag","embeddable":true,"href":"https:\/\/hunterproboutique.com\/fr\/wp-json\/wp\/v2\/product_tag?post=15861"}],"curies":[{"name":"wp","href":"https:\/\/api.w.org\/{rel}","templated":true}]}}