{"id":15863,"date":"2026-05-07T01:02:23","date_gmt":"2026-05-07T05:02:23","guid":{"rendered":"https:\/\/hunterproboutique.com\/product\/47-table-electrique-avec-poteau-double\/"},"modified":"2026-05-07T03:15:44","modified_gmt":"2026-05-07T07:15:44","slug":"47-table-electrique-avec-poteau-double","status":"publish","type":"product","link":"https:\/\/hunterproboutique.com\/fr\/produit\/47-table-electrique-avec-poteau-double\/","title":{"rendered":"49&#8242; TABLE  ELECTRIQUE AVEC POTEAU DOUBLE"},"content":{"rendered":"<p>TABLE DE TOILETTAGE \u00c9LECTRIQUE R\u00c9GLABLE -AVEC POTEAU \u00c0 BARRE TRANSVERSALE  Un bon achat qui vous donnera des ann\u00e9es et des ann\u00e9es de services professionnels. Aliment\u00e9e par un actionneur et un transformateur Denmark Linak.  *Construction en acier de haut calibre, pouvant aller de 8 \u00e0 40 pouces de hauteur &#8211; 20,32 \u00e0 101,6 cm *Poteau de toilettage Crossbar inclus  *2 loupes de toilettage. *Limite de poids de 275 livres, plus que suffisant pour la plupart des races . *Le plateau est amovible pour faciliter le nettoyage. Dimensions : 26&#8242; x 49&#8242; &#8212; 66 x 124 cm   *** NOTER QUE DES FRAIS DE TRANSPORT SONT APPLICABLES POUR CE PRODUIT. NOUS VOUS CONTACTERONS AVEC LES DETAILS UNE FOIS LA COMMANDE CONFIRMEE.*** &#8212;&#8212;&#8212;&#8212;&#8212;&#8212;&#8212;&#8212;&#8212;&#8212;&#8212;&#8212;&#8212;&#8212;&#8212;&#8212;&#8212;&#8212;&#8212;&#8212;&#8212;&#8212;&#8212;&#8212;&#8212;&#8212;&#8212;&#8212;&#8212;&#8212;&#8212;&#8212;&#8212;&#8212;&#8212;&#8212;&#8212;&#8212;&#8212;&#8212;&#8212;&#8212;&#8212;&#8212;&#8212;&#8212;&#8212;&#8212;&#8212;&#8212;&#8211;<\/p>\n","protected":false},"excerpt":{"rendered":"<p>TABLE DE TOILETTAGE \u00c9LECTRIQUE R\u00c9GLABLE -AVEC POTEAU \u00c0 BARRE TRANSVERSALE  Un bon achat qui vous donnera des ann\u00e9es et des ann\u00e9es de services professionnels. Aliment\u00e9e par un actionneur et un transformateur Denmark Linak.  *Construction en acier de haut calibre, pouvant aller de 8 \u00e0 40 pouces de hauteur &#8211; 20,32 \u00e0 101,6 cm *Poteau de toilettage Crossbar inclus  *2 loupes de toilettage. *Limite de poids de 275 livres, plus que suffisant pour la plupart des races . *Le plateau est amovible pour faciliter le nettoyage. Dimensions : 26&#8242; x 49&#8242; &#8212; 66 x 124 cm   *** NOTER QUE DES FRAIS DE TRANSPORT SONT APPLICABLES POUR CE PRODUIT. NOUS VOUS CONTACTERONS AVEC LES DETAILS UNE FOIS LA COMMANDE CONFIRMEE.*** &#8212;&#8212;&#8212;&#8212;&#8212;&#8212;&#8212;&#8212;&#8212;&#8212;&#8212;&#8212;&#8212;&#8212;&#8212;&#8212;&#8212;&#8212;&#8212;&#8212;&#8212;&#8212;&#8212;&#8212;&#8212;&#8212;&#8212;&#8212;&#8212;&#8212;&#8212;&#8212;&#8212;&#8212;&#8212;&#8212;&#8212;&#8212;&#8212;&#8212;&#8212;&#8212;&#8212;&#8212;&#8212;&#8212;&#8212;&#8212;&#8212;&#8212;&#8211;<\/p>\n","protected":false},"featured_media":27372,"template":"","meta":[],"product_brand":[],"product_cat":[378,324,345],"product_tag":[],"class_list":{"0":"post-15863","1":"product","2":"type-product","3":"status-publish","4":"has-post-thumbnail","6":"product_cat-table","7":"product_cat-tables-grooming-arms","8":"product_cat-toilettage","10":"first","11":"outofstock","12":"taxable","13":"shipping-taxable","14":"purchasable","15":"product-type-simple"},"aioseo_notices":[],"_links":{"self":[{"href":"https:\/\/hunterproboutique.com\/fr\/wp-json\/wp\/v2\/product\/15863","targetHints":{"allow":["GET"]}}],"collection":[{"href":"https:\/\/hunterproboutique.com\/fr\/wp-json\/wp\/v2\/product"}],"about":[{"href":"https:\/\/hunterproboutique.com\/fr\/wp-json\/wp\/v2\/types\/product"}],"wp:featuredmedia":[{"embeddable":true,"href":"https:\/\/hunterproboutique.com\/fr\/wp-json\/wp\/v2\/media\/27372"}],"wp:attachment":[{"href":"https:\/\/hunterproboutique.com\/fr\/wp-json\/wp\/v2\/media?parent=15863"}],"wp:term":[{"taxonomy":"product_brand","embeddable":true,"href":"https:\/\/hunterproboutique.com\/fr\/wp-json\/wp\/v2\/product_brand?post=15863"},{"taxonomy":"product_cat","embeddable":true,"href":"https:\/\/hunterproboutique.com\/fr\/wp-json\/wp\/v2\/product_cat?post=15863"},{"taxonomy":"product_tag","embeddable":true,"href":"https:\/\/hunterproboutique.com\/fr\/wp-json\/wp\/v2\/product_tag?post=15863"}],"curies":[{"name":"wp","href":"https:\/\/api.w.org\/{rel}","templated":true}]}}