{"id":15873,"date":"2026-04-15T01:02:39","date_gmt":"2026-04-15T05:02:39","guid":{"rendered":"https:\/\/hunterproboutique.com\/product\/47-25-table-electrique-avec-roues\/"},"modified":"2026-04-15T06:50:03","modified_gmt":"2026-04-15T10:50:03","slug":"47-25-table-electrique-avec-roues","status":"publish","type":"product","link":"https:\/\/hunterproboutique.com\/fr\/produit\/47-25-table-electrique-avec-roues\/","title":{"rendered":"47.25&#8242; TABLE ELECTRIQUE AVEC ROUES"},"content":{"rendered":"<p>TABLE DE TOILETTAGE AJUSTABLE, AVEC ROUE &#8211; 25.5&#8217;x47&#8242;  L&#8217;achat de cette table vous garantit lusieurs ann\u00e9es de service professionnel  *Structure pleine qui combine design, beau look et tr\u00e8s bonne stabilit\u00e9 *Base dot\u00e9e de roues avec stabilisateurs, pour un d\u00e9placement sans effort, *Reste bien en place, quel que soit l&#8217;\u00e9tat du plancher *Poteau de tonte double, pour maintenir l&#8217;animal en place *Peut supporter jusqu&#8217;\u00e0 250 lbs &#8211; 114kg *S&#8217;ajuste en hauteur  de 16&#8242; \u00e0 39,5&#8242; &#8211; 39 \u00e0 99 cm  *** NOTER QUE DES FRAIS DE TRANSPORT SONT APPLICABLES POUR CE PRODUIT. NOUS VOUS CONTACTERONS AVEC LES DETAILS UN FOIS LA COMMANDE CONFIRMEE. &#8212;&#8212;&#8212;&#8212;&#8212;&#8212;&#8212;&#8212;&#8212;&#8212;&#8212;&#8212;&#8212;&#8212;&#8212;&#8212;&#8212;&#8212;&#8212;&#8212;&#8212;&#8212;&#8212;&#8212;&#8212;&#8212;&#8212;&#8212;&#8212;&#8212;&#8212;&#8212;&#8212;&#8212;&#8212;&#8212;&#8212;&#8212;&#8212;&#8212;&#8212;&#8212;&#8212;&#8212;&#8212;&#8212;&#8212;&#8212;&#8212;&#8212;&#8211;<\/p>\n","protected":false},"excerpt":{"rendered":"<p>TABLE DE TOILETTAGE AJUSTABLE, AVEC ROUE &#8211; 25.5&#8217;x47&#8242;  L&#8217;achat de cette table vous garantit lusieurs ann\u00e9es de service professionnel  *Structure pleine qui combine design, beau look et tr\u00e8s bonne stabilit\u00e9 *Base dot\u00e9e de roues avec stabilisateurs, pour un d\u00e9placement sans effort, *Reste bien en place, quel que soit l&#8217;\u00e9tat du plancher *Poteau de tonte double, pour maintenir l&#8217;animal en place *Peut supporter jusqu&#8217;\u00e0 250 lbs &#8211; 114kg *S&#8217;ajuste en hauteur  de 16&#8242; \u00e0 39,5&#8242; &#8211; 39 \u00e0 99 cm  *** NOTER QUE DES FRAIS DE TRANSPORT SONT APPLICABLES POUR CE PRODUIT. NOUS VOUS CONTACTERONS AVEC LES DETAILS UN FOIS LA COMMANDE CONFIRMEE. &#8212;&#8212;&#8212;&#8212;&#8212;&#8212;&#8212;&#8212;&#8212;&#8212;&#8212;&#8212;&#8212;&#8212;&#8212;&#8212;&#8212;&#8212;&#8212;&#8212;&#8212;&#8212;&#8212;&#8212;&#8212;&#8212;&#8212;&#8212;&#8212;&#8212;&#8212;&#8212;&#8212;&#8212;&#8212;&#8212;&#8212;&#8212;&#8212;&#8212;&#8212;&#8212;&#8212;&#8212;&#8212;&#8212;&#8212;&#8212;&#8212;&#8212;&#8211;<\/p>\n","protected":false},"featured_media":27395,"template":"","meta":[],"product_brand":[],"product_cat":[378,324,345],"product_tag":[],"class_list":{"0":"post-15873","1":"product","2":"type-product","3":"status-publish","4":"has-post-thumbnail","6":"product_cat-table","7":"product_cat-tables-grooming-arms","8":"product_cat-toilettage","10":"first","11":"outofstock","12":"taxable","13":"shipping-taxable","14":"purchasable","15":"product-type-simple"},"aioseo_notices":[],"_links":{"self":[{"href":"https:\/\/hunterproboutique.com\/fr\/wp-json\/wp\/v2\/product\/15873","targetHints":{"allow":["GET"]}}],"collection":[{"href":"https:\/\/hunterproboutique.com\/fr\/wp-json\/wp\/v2\/product"}],"about":[{"href":"https:\/\/hunterproboutique.com\/fr\/wp-json\/wp\/v2\/types\/product"}],"wp:featuredmedia":[{"embeddable":true,"href":"https:\/\/hunterproboutique.com\/fr\/wp-json\/wp\/v2\/media\/27395"}],"wp:attachment":[{"href":"https:\/\/hunterproboutique.com\/fr\/wp-json\/wp\/v2\/media?parent=15873"}],"wp:term":[{"taxonomy":"product_brand","embeddable":true,"href":"https:\/\/hunterproboutique.com\/fr\/wp-json\/wp\/v2\/product_brand?post=15873"},{"taxonomy":"product_cat","embeddable":true,"href":"https:\/\/hunterproboutique.com\/fr\/wp-json\/wp\/v2\/product_cat?post=15873"},{"taxonomy":"product_tag","embeddable":true,"href":"https:\/\/hunterproboutique.com\/fr\/wp-json\/wp\/v2\/product_tag?post=15873"}],"curies":[{"name":"wp","href":"https:\/\/api.w.org\/{rel}","templated":true}]}}