{"id":15875,"date":"2026-04-16T01:02:32","date_gmt":"2026-04-16T05:02:32","guid":{"rendered":"https:\/\/hunterproboutique.com\/product\/47-pro-table-accordeon-ajust-11-5-a-49haut\/"},"modified":"2026-04-15T06:50:03","modified_gmt":"2026-04-15T10:50:03","slug":"47-pro-table-accordeon-ajust-11-5-a-49haut","status":"publish","type":"product","link":"https:\/\/hunterproboutique.com\/fr\/produit\/47-pro-table-accordeon-ajust-11-5-a-49haut\/","title":{"rendered":"49&#8242; PRO TABLE ACCORDEON  AJUST. 11,5&#8217;\u00e0 49&#8242; HAUT"},"content":{"rendered":"<p>49&#8242; X 26&#8242; PRO TABLE ACCORDEON AJUST. 11.5&#8242; A 48&#8217;HAUT  Cette version Pro est extr\u00eamement stable et robuste, avec une plage de levage exceptionnellement large. Actionneur et transformateur Linak du Danemark  *S&#8217;ajuste en hauteur de 28 \u00e0 122 cm (11 \u00e0 48 pouces) *Rail avec crochets pour suspendre les outils ,tiroir, prises \u00e9lectriques et USB *Dessus de table amovible, facile \u00e0 nettoyer et \u00e0 rafra\u00eechir *P\u00e9dale d&#8217;alimentation r\u00e9sistante \u00e0 l&#8217;eau *Des pinces soud\u00e9es pour les bras de toilettage, fix\u00e9es aux deux extr\u00e9mit\u00e9s du cadre sup\u00e9rieur, assurent que les bras restent bien en place. *Bras de toilettage robuste inclus  *Pieds niveleurs ajustables inclus *Capacit\u00e9 de charge \u00e9norme de 280 lbs  *** NOTER QUE DES FRAIS DE TRANSPORT SONT APPLICABLES POUR CE PRODUIT. NOUS VOUS CONTACTERONS AVEC LES DETAILS UNE FOIS LA COMMANDE CONFIRMEE.*** &#8212;&#8212;&#8212;&#8212;&#8212;&#8212;&#8212;&#8212;&#8212;&#8212;&#8212;&#8212;&#8212;&#8212;&#8212;&#8212;&#8212;&#8212;&#8212;&#8212;&#8212;&#8212;&#8212;&#8212;&#8212;&#8212;&#8212;&#8212;&#8212;&#8212;&#8212;&#8212;&#8212;&#8212;&#8212;&#8212;&#8212;&#8212;&#8212;&#8212;&#8212;&#8212;&#8212;&#8212;&#8212;&#8212;&#8212;&#8212;&#8212;&#8212;&#8211;<\/p>\n","protected":false},"excerpt":{"rendered":"<p>49&#8242; X 26&#8242; PRO TABLE ACCORDEON AJUST. 11.5&#8242; A 48&#8217;HAUT  Cette version Pro est extr\u00eamement stable et robuste, avec une plage de levage exceptionnellement large. Actionneur et transformateur Linak du Danemark  *S&#8217;ajuste en hauteur de 28 \u00e0 122 cm (11 \u00e0 48 pouces) *Rail avec crochets pour suspendre les outils ,tiroir, prises \u00e9lectriques et USB *Dessus de table amovible, facile \u00e0 nettoyer et \u00e0 rafra\u00eechir *P\u00e9dale d&#8217;alimentation r\u00e9sistante \u00e0 l&#8217;eau *Des pinces soud\u00e9es pour les bras de toilettage, fix\u00e9es aux deux extr\u00e9mit\u00e9s du cadre sup\u00e9rieur, assurent que les bras restent bien en place. *Bras de toilettage robuste inclus  *Pieds niveleurs ajustables inclus *Capacit\u00e9 de charge \u00e9norme de 280 lbs  *** NOTER QUE DES FRAIS DE TRANSPORT SONT APPLICABLES POUR CE PRODUIT. NOUS VOUS CONTACTERONS AVEC LES DETAILS UNE FOIS LA COMMANDE CONFIRMEE.*** &#8212;&#8212;&#8212;&#8212;&#8212;&#8212;&#8212;&#8212;&#8212;&#8212;&#8212;&#8212;&#8212;&#8212;&#8212;&#8212;&#8212;&#8212;&#8212;&#8212;&#8212;&#8212;&#8212;&#8212;&#8212;&#8212;&#8212;&#8212;&#8212;&#8212;&#8212;&#8212;&#8212;&#8212;&#8212;&#8212;&#8212;&#8212;&#8212;&#8212;&#8212;&#8212;&#8212;&#8212;&#8212;&#8212;&#8212;&#8212;&#8212;&#8212;&#8211;<\/p>\n","protected":false},"featured_media":27369,"template":"","meta":[],"product_brand":[],"product_cat":[378,324,345],"product_tag":[],"class_list":{"0":"post-15875","1":"product","2":"type-product","3":"status-publish","4":"has-post-thumbnail","6":"product_cat-table","7":"product_cat-tables-grooming-arms","8":"product_cat-toilettage","10":"first","11":"instock","12":"taxable","13":"shipping-taxable","14":"purchasable","15":"product-type-simple"},"aioseo_notices":[],"_links":{"self":[{"href":"https:\/\/hunterproboutique.com\/fr\/wp-json\/wp\/v2\/product\/15875","targetHints":{"allow":["GET"]}}],"collection":[{"href":"https:\/\/hunterproboutique.com\/fr\/wp-json\/wp\/v2\/product"}],"about":[{"href":"https:\/\/hunterproboutique.com\/fr\/wp-json\/wp\/v2\/types\/product"}],"wp:featuredmedia":[{"embeddable":true,"href":"https:\/\/hunterproboutique.com\/fr\/wp-json\/wp\/v2\/media\/27369"}],"wp:attachment":[{"href":"https:\/\/hunterproboutique.com\/fr\/wp-json\/wp\/v2\/media?parent=15875"}],"wp:term":[{"taxonomy":"product_brand","embeddable":true,"href":"https:\/\/hunterproboutique.com\/fr\/wp-json\/wp\/v2\/product_brand?post=15875"},{"taxonomy":"product_cat","embeddable":true,"href":"https:\/\/hunterproboutique.com\/fr\/wp-json\/wp\/v2\/product_cat?post=15875"},{"taxonomy":"product_tag","embeddable":true,"href":"https:\/\/hunterproboutique.com\/fr\/wp-json\/wp\/v2\/product_tag?post=15875"}],"curies":[{"name":"wp","href":"https:\/\/api.w.org\/{rel}","templated":true}]}}