{"id":15881,"date":"2026-05-12T01:02:19","date_gmt":"2026-05-12T05:02:19","guid":{"rendered":"https:\/\/hunterproboutique.com\/product\/poteau-de-tonte-avec-pince-pliable\/"},"modified":"2026-05-12T03:15:23","modified_gmt":"2026-05-12T07:15:23","slug":"poteau-de-tonte-avec-pince-pliable","status":"publish","type":"product","link":"https:\/\/hunterproboutique.com\/fr\/produit\/poteau-de-tonte-avec-pince-pliable\/","title":{"rendered":"POTEAU DE TONTE 32&#8242; AVEC PINCE, BRAS PLIABLE 12&#8242;"},"content":{"rendered":"<p>POTEAU DE TONTE 32&#8242; AVEC PINCE, BRAS PLIABLE 12&#8242;  Convient aux tables de toilettage d&#8217;\u00e9paisseur standard,  *Ttige m\u00e9tallique carr\u00e9e en m\u00e9tal de 3\/4&#8242; &#8211;  19mm  d&#8217;\u00e9paisseur  *Bras trou\u00e9 pour recevoir  loupe &#8211; 1 loupe  incluse<\/p>\n","protected":false},"excerpt":{"rendered":"<p>POTEAU DE TONTE 32&#8242; AVEC PINCE, BRAS PLIABLE 12&#8242;  Convient aux tables de toilettage d&#8217;\u00e9paisseur standard,  *Ttige m\u00e9tallique carr\u00e9e en m\u00e9tal de 3\/4&#8242; &#8211;  19mm  d&#8217;\u00e9paisseur  *Bras trou\u00e9 pour recevoir  loupe &#8211; 1 loupe  incluse<\/p>\n","protected":false},"featured_media":27401,"template":"","meta":[],"product_brand":[],"product_cat":[470,324,345],"product_tag":[],"class_list":{"0":"post-15881","1":"product","2":"type-product","3":"status-publish","4":"has-post-thumbnail","6":"product_cat-supports-fr","7":"product_cat-tables-grooming-arms","8":"product_cat-toilettage","10":"first","11":"instock","12":"taxable","13":"shipping-taxable","14":"purchasable","15":"product-type-simple"},"aioseo_notices":[],"_links":{"self":[{"href":"https:\/\/hunterproboutique.com\/fr\/wp-json\/wp\/v2\/product\/15881","targetHints":{"allow":["GET"]}}],"collection":[{"href":"https:\/\/hunterproboutique.com\/fr\/wp-json\/wp\/v2\/product"}],"about":[{"href":"https:\/\/hunterproboutique.com\/fr\/wp-json\/wp\/v2\/types\/product"}],"wp:featuredmedia":[{"embeddable":true,"href":"https:\/\/hunterproboutique.com\/fr\/wp-json\/wp\/v2\/media\/27401"}],"wp:attachment":[{"href":"https:\/\/hunterproboutique.com\/fr\/wp-json\/wp\/v2\/media?parent=15881"}],"wp:term":[{"taxonomy":"product_brand","embeddable":true,"href":"https:\/\/hunterproboutique.com\/fr\/wp-json\/wp\/v2\/product_brand?post=15881"},{"taxonomy":"product_cat","embeddable":true,"href":"https:\/\/hunterproboutique.com\/fr\/wp-json\/wp\/v2\/product_cat?post=15881"},{"taxonomy":"product_tag","embeddable":true,"href":"https:\/\/hunterproboutique.com\/fr\/wp-json\/wp\/v2\/product_tag?post=15881"}],"curies":[{"name":"wp","href":"https:\/\/api.w.org\/{rel}","templated":true}]}}