{"id":15885,"date":"2026-04-15T01:02:40","date_gmt":"2026-04-15T05:02:40","guid":{"rendered":"https:\/\/hunterproboutique.com\/product\/poteau-de-tonte-avec-pince-24-44\/"},"modified":"2026-04-15T03:15:45","modified_gmt":"2026-04-15T07:15:45","slug":"poteau-de-tonte-avec-pince-24-44","status":"publish","type":"product","link":"https:\/\/hunterproboutique.com\/fr\/produit\/poteau-de-tonte-avec-pince-24-44\/","title":{"rendered":"POTEAU DE TONTE AVEC PINCE 24-44&#8242;"},"content":{"rendered":"<p>POTEAU  DE TOILETTAGE AJUSTABLE AVEC PINCE POUR TABLES DE TOUTES TAILLES  *Fabriqu\u00e9 en acier inoxydable *La hauteur est r\u00e9glable de 24&#8221; \u00e0 44&#8221; et le bras d&#8217;extension fait alors 9&#8242; horizontalement *Peut \u00eatre transform\u00e9 en bras de 24&#8242; de Haut avec extension horizontale \u00e0 22&#8242; pour petits animaux *Les deux configurations paraissent sur la photo du produit *Il est pr\u00eat \u00e0 accepter les loupes de toilettage ,mousqueton S.I.,  &#8211; 1 loupe incluse<\/p>\n","protected":false},"excerpt":{"rendered":"<p>POTEAU  DE TOILETTAGE AJUSTABLE AVEC PINCE POUR TABLES DE TOUTES TAILLES  *Fabriqu\u00e9 en acier inoxydable *La hauteur est r\u00e9glable de 24&#8221; \u00e0 44&#8221; et le bras d&#8217;extension fait alors 9&#8242; horizontalement *Peut \u00eatre transform\u00e9 en bras de 24&#8242; de Haut avec extension horizontale \u00e0 22&#8242; pour petits animaux *Les deux configurations paraissent sur la photo du produit *Il est pr\u00eat \u00e0 accepter les loupes de toilettage ,mousqueton S.I.,  &#8211; 1 loupe incluse<\/p>\n","protected":false},"featured_media":27407,"template":"","meta":[],"product_brand":[],"product_cat":[470,324,345],"product_tag":[],"class_list":{"0":"post-15885","1":"product","2":"type-product","3":"status-publish","4":"has-post-thumbnail","6":"product_cat-supports-fr","7":"product_cat-tables-grooming-arms","8":"product_cat-toilettage","10":"first","11":"instock","12":"taxable","13":"shipping-taxable","14":"purchasable","15":"product-type-simple"},"aioseo_notices":[],"_links":{"self":[{"href":"https:\/\/hunterproboutique.com\/fr\/wp-json\/wp\/v2\/product\/15885","targetHints":{"allow":["GET"]}}],"collection":[{"href":"https:\/\/hunterproboutique.com\/fr\/wp-json\/wp\/v2\/product"}],"about":[{"href":"https:\/\/hunterproboutique.com\/fr\/wp-json\/wp\/v2\/types\/product"}],"wp:featuredmedia":[{"embeddable":true,"href":"https:\/\/hunterproboutique.com\/fr\/wp-json\/wp\/v2\/media\/27407"}],"wp:attachment":[{"href":"https:\/\/hunterproboutique.com\/fr\/wp-json\/wp\/v2\/media?parent=15885"}],"wp:term":[{"taxonomy":"product_brand","embeddable":true,"href":"https:\/\/hunterproboutique.com\/fr\/wp-json\/wp\/v2\/product_brand?post=15885"},{"taxonomy":"product_cat","embeddable":true,"href":"https:\/\/hunterproboutique.com\/fr\/wp-json\/wp\/v2\/product_cat?post=15885"},{"taxonomy":"product_tag","embeddable":true,"href":"https:\/\/hunterproboutique.com\/fr\/wp-json\/wp\/v2\/product_tag?post=15885"}],"curies":[{"name":"wp","href":"https:\/\/api.w.org\/{rel}","templated":true}]}}