{"id":15889,"date":"2026-05-07T01:02:24","date_gmt":"2026-05-07T05:02:24","guid":{"rendered":"https:\/\/hunterproboutique.com\/product\/bras-de-tonte-doublebarre-travers42-a-48-2-pinces-2-loupe\/"},"modified":"2026-05-07T03:15:46","modified_gmt":"2026-05-07T07:15:46","slug":"bras-de-tonte-doublebarre-travers42-a-48-2-pinces-2-loupe","status":"publish","type":"product","link":"https:\/\/hunterproboutique.com\/fr\/produit\/bras-de-tonte-doublebarre-travers42-a-48-2-pinces-2-loupe\/","title":{"rendered":"BRASDETONTE DOUBLE,BARRE TRAVERS 42\u00e048&#8242; 2 PINCES\/2 LOUPES"},"content":{"rendered":"<p>BRAS DE TONTE DOUBLE, BARRE TRANSVERSALE AVEC 3 ANNEAUX   *S&#8217;ajuste de 42 \u00e0 48&#8217;en largeur  *Se fixe \u00e0 la table par deux pinces viss\u00e9es *Vient avec 2 loupes, mousqueton \u00e0 verrou<\/p>\n","protected":false},"excerpt":{"rendered":"<p>BRAS DE TONTE DOUBLE, BARRE TRANSVERSALE AVEC 3 ANNEAUX   *S&#8217;ajuste de 42 \u00e0 48&#8217;en largeur  *Se fixe \u00e0 la table par deux pinces viss\u00e9es *Vient avec 2 loupes, mousqueton \u00e0 verrou<\/p>\n","protected":false},"featured_media":27414,"template":"","meta":[],"product_brand":[],"product_cat":[470,324,345],"product_tag":[],"class_list":{"0":"post-15889","1":"product","2":"type-product","3":"status-publish","4":"has-post-thumbnail","6":"product_cat-supports-fr","7":"product_cat-tables-grooming-arms","8":"product_cat-toilettage","10":"first","11":"instock","12":"taxable","13":"shipping-taxable","14":"purchasable","15":"product-type-simple"},"aioseo_notices":[],"_links":{"self":[{"href":"https:\/\/hunterproboutique.com\/fr\/wp-json\/wp\/v2\/product\/15889","targetHints":{"allow":["GET"]}}],"collection":[{"href":"https:\/\/hunterproboutique.com\/fr\/wp-json\/wp\/v2\/product"}],"about":[{"href":"https:\/\/hunterproboutique.com\/fr\/wp-json\/wp\/v2\/types\/product"}],"wp:featuredmedia":[{"embeddable":true,"href":"https:\/\/hunterproboutique.com\/fr\/wp-json\/wp\/v2\/media\/27414"}],"wp:attachment":[{"href":"https:\/\/hunterproboutique.com\/fr\/wp-json\/wp\/v2\/media?parent=15889"}],"wp:term":[{"taxonomy":"product_brand","embeddable":true,"href":"https:\/\/hunterproboutique.com\/fr\/wp-json\/wp\/v2\/product_brand?post=15889"},{"taxonomy":"product_cat","embeddable":true,"href":"https:\/\/hunterproboutique.com\/fr\/wp-json\/wp\/v2\/product_cat?post=15889"},{"taxonomy":"product_tag","embeddable":true,"href":"https:\/\/hunterproboutique.com\/fr\/wp-json\/wp\/v2\/product_tag?post=15889"}],"curies":[{"name":"wp","href":"https:\/\/api.w.org\/{rel}","templated":true}]}}