{"id":15893,"date":"2026-04-16T01:02:34","date_gmt":"2026-04-16T05:02:34","guid":{"rendered":"https:\/\/hunterproboutique.com\/product\/support-de-tonte-gros-calibre-30-a-48-avec-pince\/"},"modified":"2026-04-15T03:15:46","modified_gmt":"2026-04-15T07:15:46","slug":"support-de-tonte-gros-calibre-30-a-48-avec-pince","status":"publish","type":"product","link":"https:\/\/hunterproboutique.com\/fr\/produit\/support-de-tonte-gros-calibre-30-a-48-avec-pince\/","title":{"rendered":"SUPPORT DE TONTE GROS CALIBRE, 30 \u00e0 48&#8242; &#8211; AVEC PINCE"},"content":{"rendered":"<p>SUPPORT DE TONTE GROS CALIBRE, COMBINANT LA PINCE DE TABLE ET LE BRAS  D&#8217;une force sup\u00e9rieure \u00e0 la plupart des supports de tonte.  *Tige m\u00e9tallique de m\u00e9tal de 1 3\/8&#8242; &#8211; 35mm d&#8217;\u00e9paisseur * La pince de table viss\u00e9e et le bras de tonte sont soud\u00e9s en un seul morceau tr\u00e8s robuste *S&#8217;ajuste de 18 \u00e0 40&#8242;  en hauteur- 45- 101 cm  *Extension horizontale de m\u00e9tal 1 l\/8&#8242; &#8211; 30mm d&#8217;\u00e9paisseur *Extension horizontale de  14&#8242; &#8211; 40cm, peut se replier pour faciliter d\u00e9placement et manutention  *Anneau pour recevoir loupe de toilettage en nylon plat de 3\/4&#8242; &#8211; 19mm &#8211; loupe incluse<\/p>\n","protected":false},"excerpt":{"rendered":"<p>SUPPORT DE TONTE GROS CALIBRE, COMBINANT LA PINCE DE TABLE ET LE BRAS  D&#8217;une force sup\u00e9rieure \u00e0 la plupart des supports de tonte.  *Tige m\u00e9tallique de m\u00e9tal de 1 3\/8&#8242; &#8211; 35mm d&#8217;\u00e9paisseur * La pince de table viss\u00e9e et le bras de tonte sont soud\u00e9s en un seul morceau tr\u00e8s robuste *S&#8217;ajuste de 18 \u00e0 40&#8242;  en hauteur- 45- 101 cm  *Extension horizontale de m\u00e9tal 1 l\/8&#8242; &#8211; 30mm d&#8217;\u00e9paisseur *Extension horizontale de  14&#8242; &#8211; 40cm, peut se replier pour faciliter d\u00e9placement et manutention  *Anneau pour recevoir loupe de toilettage en nylon plat de 3\/4&#8242; &#8211; 19mm &#8211; loupe incluse<\/p>\n","protected":false},"featured_media":27419,"template":"","meta":[],"product_brand":[],"product_cat":[470,324,345],"product_tag":[],"class_list":{"0":"post-15893","1":"product","2":"type-product","3":"status-publish","4":"has-post-thumbnail","6":"product_cat-supports-fr","7":"product_cat-tables-grooming-arms","8":"product_cat-toilettage","10":"first","11":"instock","12":"taxable","13":"shipping-taxable","14":"purchasable","15":"product-type-simple"},"aioseo_notices":[],"_links":{"self":[{"href":"https:\/\/hunterproboutique.com\/fr\/wp-json\/wp\/v2\/product\/15893","targetHints":{"allow":["GET"]}}],"collection":[{"href":"https:\/\/hunterproboutique.com\/fr\/wp-json\/wp\/v2\/product"}],"about":[{"href":"https:\/\/hunterproboutique.com\/fr\/wp-json\/wp\/v2\/types\/product"}],"wp:featuredmedia":[{"embeddable":true,"href":"https:\/\/hunterproboutique.com\/fr\/wp-json\/wp\/v2\/media\/27419"}],"wp:attachment":[{"href":"https:\/\/hunterproboutique.com\/fr\/wp-json\/wp\/v2\/media?parent=15893"}],"wp:term":[{"taxonomy":"product_brand","embeddable":true,"href":"https:\/\/hunterproboutique.com\/fr\/wp-json\/wp\/v2\/product_brand?post=15893"},{"taxonomy":"product_cat","embeddable":true,"href":"https:\/\/hunterproboutique.com\/fr\/wp-json\/wp\/v2\/product_cat?post=15893"},{"taxonomy":"product_tag","embeddable":true,"href":"https:\/\/hunterproboutique.com\/fr\/wp-json\/wp\/v2\/product_tag?post=15893"}],"curies":[{"name":"wp","href":"https:\/\/api.w.org\/{rel}","templated":true}]}}