{"id":15897,"date":"2026-04-16T01:02:19","date_gmt":"2026-04-16T05:02:19","guid":{"rendered":"https:\/\/hunterproboutique.com\/product\/rasoir-agc2-super-2-vitesses\/"},"modified":"2026-04-15T03:15:26","modified_gmt":"2026-04-15T07:15:26","slug":"rasoir-agc2-super-2-vitesses","status":"publish","type":"product","link":"https:\/\/hunterproboutique.com\/fr\/produit\/rasoir-agc2-super-2-vitesses\/","title":{"rendered":"23315 &#8211; RASOIR AGC2 SUPER, 2 VITESSES+"},"content":{"rendered":"<p>ANDIS RASOIR AGC2 SUPER, 2 VITESSES +  Cette tondeuse 2-Vitesses puissante est un outil compact \u00e9quip\u00e9 avec une lame d\u00e9tachable #10 UltraEdge. Toilettage professionnel sur toutes les robes et races de chien.  *Moteur rotatif Super 2 vitesses3 400 et 4 400 MPM pour une puissance et performance variables *Moteur silencieux *Systeme de lame d\u00e9tachable *Les lames Quad Force durent 2 fois plus longtemps *La trousse comprend: Tondeuse avec lame d\u00e9tachable *Lame Ultra Edge, taille 10 *Cordon 4.2m &#8211; 14 pieds *Huile pour lame<\/p>\n","protected":false},"excerpt":{"rendered":"<p>ANDIS RASOIR AGC2 SUPER, 2 VITESSES +  Cette tondeuse 2-Vitesses puissante est un outil compact \u00e9quip\u00e9 avec une lame d\u00e9tachable #10 UltraEdge. Toilettage professionnel sur toutes les robes et races de chien.  *Moteur rotatif Super 2 vitesses3 400 et 4 400 MPM pour une puissance et performance variables *Moteur silencieux *Systeme de lame d\u00e9tachable *Les lames Quad Force durent 2 fois plus longtemps *La trousse comprend: Tondeuse avec lame d\u00e9tachable *Lame Ultra Edge, taille 10 *Cordon 4.2m &#8211; 14 pieds *Huile pour lame<\/p>\n","protected":false},"featured_media":26949,"template":"","meta":[],"product_brand":[],"product_cat":[356,357,345],"product_tag":[],"class_list":{"0":"post-15897","1":"product","2":"type-product","3":"status-publish","4":"has-post-thumbnail","6":"product_cat-rasoir-et-trimmeur","7":"product_cat-rasoir-et-trimmeur-andis","8":"product_cat-toilettage","10":"first","11":"outofstock","12":"taxable","13":"shipping-taxable","14":"purchasable","15":"product-type-simple"},"aioseo_notices":[],"_links":{"self":[{"href":"https:\/\/hunterproboutique.com\/fr\/wp-json\/wp\/v2\/product\/15897","targetHints":{"allow":["GET"]}}],"collection":[{"href":"https:\/\/hunterproboutique.com\/fr\/wp-json\/wp\/v2\/product"}],"about":[{"href":"https:\/\/hunterproboutique.com\/fr\/wp-json\/wp\/v2\/types\/product"}],"wp:featuredmedia":[{"embeddable":true,"href":"https:\/\/hunterproboutique.com\/fr\/wp-json\/wp\/v2\/media\/26949"}],"wp:attachment":[{"href":"https:\/\/hunterproboutique.com\/fr\/wp-json\/wp\/v2\/media?parent=15897"}],"wp:term":[{"taxonomy":"product_brand","embeddable":true,"href":"https:\/\/hunterproboutique.com\/fr\/wp-json\/wp\/v2\/product_brand?post=15897"},{"taxonomy":"product_cat","embeddable":true,"href":"https:\/\/hunterproboutique.com\/fr\/wp-json\/wp\/v2\/product_cat?post=15897"},{"taxonomy":"product_tag","embeddable":true,"href":"https:\/\/hunterproboutique.com\/fr\/wp-json\/wp\/v2\/product_tag?post=15897"}],"curies":[{"name":"wp","href":"https:\/\/api.w.org\/{rel}","templated":true}]}}