{"id":15905,"date":"2026-05-07T01:02:13","date_gmt":"2026-05-07T05:02:13","guid":{"rendered":"https:\/\/hunterproboutique.com\/product\/65290-smc-rasoir-5-vitesses\/"},"modified":"2026-05-07T03:15:28","modified_gmt":"2026-05-07T07:15:28","slug":"65290-smc-rasoir-5-vitesses","status":"publish","type":"product","link":"https:\/\/hunterproboutique.com\/fr\/produit\/65290-smc-rasoir-5-vitesses\/","title":{"rendered":"68520 SMC RASOIR  EXCEL 5 VITESSES +"},"content":{"rendered":"<p>ANDIS EXCEL PRO CLIP 5 VITESSES &#8211;  Le rasoir  Pro Clip Excel comporte un moteur rotatif puissant \u00e0 cinq vitesses, Le choix de  vitesse permet une puissance variable pour un maximum de polyvalence.  *Moteur rotatif 5 vitesses ultra-robuste effectuant de 2,500 \u00e0 4,500 coups pr\u00e9cis par minute. *Les vitesses plus basses offre une coupe fra\u00eeche, id\u00e9ale pour les r\u00e9gions sensibles et les   animaux nerveux. *Les hautes vitesses sont parfaite pour les noeuds, les pelages \u00e9pais ou le travail rapide.  *Syst\u00e8me de lame d\u00e9tachable, compatible avec la majorit\u00e9 des lames d\u00e9tachables *L&#8217;entra\u00eenement de lame Quad Force dure 2 fois plus longtemps *Cette trousse comprend:  Tondeuse avec lame d\u00e9tachable *Lame Ceramic Edge # 10, pour une coupe 1\/16&#8242; -1.5m *Cordon d&#8217;alimentation ultra-solide de 4.2m &#8211; 14 pieds Huile pour lames Exemples de races:  Airedale-terrier, bichon fris\u00e9, caniche, chien d&#8217;eau portugais, schnauzer, setter, \u00e9pagneul<\/p>\n","protected":false},"excerpt":{"rendered":"<p>ANDIS EXCEL PRO CLIP 5 VITESSES &#8211;  Le rasoir  Pro Clip Excel comporte un moteur rotatif puissant \u00e0 cinq vitesses, Le choix de  vitesse permet une puissance variable pour un maximum de polyvalence.  *Moteur rotatif 5 vitesses ultra-robuste effectuant de 2,500 \u00e0 4,500 coups pr\u00e9cis par minute. *Les vitesses plus basses offre une coupe fra\u00eeche, id\u00e9ale pour les r\u00e9gions sensibles et les   animaux nerveux. *Les hautes vitesses sont parfaite pour les noeuds, les pelages \u00e9pais ou le travail rapide.  *Syst\u00e8me de lame d\u00e9tachable, compatible avec la majorit\u00e9 des lames d\u00e9tachables *L&#8217;entra\u00eenement de lame Quad Force dure 2 fois plus longtemps *Cette trousse comprend:  Tondeuse avec lame d\u00e9tachable *Lame Ceramic Edge # 10, pour une coupe 1\/16&#8242; -1.5m *Cordon d&#8217;alimentation ultra-solide de 4.2m &#8211; 14 pieds Huile pour lames Exemples de races:  Airedale-terrier, bichon fris\u00e9, caniche, chien d&#8217;eau portugais, schnauzer, setter, \u00e9pagneul<\/p>\n","protected":false},"featured_media":26967,"template":"","meta":[],"product_brand":[],"product_cat":[356,357,345],"product_tag":[],"class_list":{"0":"post-15905","1":"product","2":"type-product","3":"status-publish","4":"has-post-thumbnail","6":"product_cat-rasoir-et-trimmeur","7":"product_cat-rasoir-et-trimmeur-andis","8":"product_cat-toilettage","10":"first","11":"instock","12":"taxable","13":"shipping-taxable","14":"purchasable","15":"product-type-simple"},"aioseo_notices":[],"_links":{"self":[{"href":"https:\/\/hunterproboutique.com\/fr\/wp-json\/wp\/v2\/product\/15905","targetHints":{"allow":["GET"]}}],"collection":[{"href":"https:\/\/hunterproboutique.com\/fr\/wp-json\/wp\/v2\/product"}],"about":[{"href":"https:\/\/hunterproboutique.com\/fr\/wp-json\/wp\/v2\/types\/product"}],"wp:featuredmedia":[{"embeddable":true,"href":"https:\/\/hunterproboutique.com\/fr\/wp-json\/wp\/v2\/media\/26967"}],"wp:attachment":[{"href":"https:\/\/hunterproboutique.com\/fr\/wp-json\/wp\/v2\/media?parent=15905"}],"wp:term":[{"taxonomy":"product_brand","embeddable":true,"href":"https:\/\/hunterproboutique.com\/fr\/wp-json\/wp\/v2\/product_brand?post=15905"},{"taxonomy":"product_cat","embeddable":true,"href":"https:\/\/hunterproboutique.com\/fr\/wp-json\/wp\/v2\/product_cat?post=15905"},{"taxonomy":"product_tag","embeddable":true,"href":"https:\/\/hunterproboutique.com\/fr\/wp-json\/wp\/v2\/product_tag?post=15905"}],"curies":[{"name":"wp","href":"https:\/\/api.w.org\/{rel}","templated":true}]}}