{"id":15909,"date":"2026-04-16T01:02:20","date_gmt":"2026-04-16T05:02:20","guid":{"rendered":"https:\/\/hunterproboutique.com\/product\/79015-rasoir-pulse-zr-ii-5-vitesses-sans-fil\/"},"modified":"2026-04-16T03:15:31","modified_gmt":"2026-04-16T07:15:31","slug":"79015-rasoir-pulse-zr-ii-5-vitesses-sans-fil","status":"publish","type":"product","link":"https:\/\/hunterproboutique.com\/fr\/produit\/79015-rasoir-pulse-zr-ii-5-vitesses-sans-fil\/","title":{"rendered":"79170 RASOIR  PULSE ZR II , 5 VITESSES , SANS FIL &#8211; NOIR"},"content":{"rendered":"<p>RASOIR  PULSE ZR II , 5 VITESSES , SANS FIL  Couleur: Noir  La puissance Lithium-ion, accoupl\u00e9e \u00e0 un moteur rotatif puissant peut couper n&#8217;importe quel type de pelages.   *5 vitesses, r\u00e9glage de 2,500 \u00e0 4,500 CPM. *Batterie amovible pour un remplacement rapide et facile. *Dur\u00e9e d&#8217;utilisation de 3 heures sur une seule charge *Lame # 10 CeramicEge, reste plus froide et plus nette que l&#8217;acier *Fonctionne avec toutes les lames UltraEdge, CeramicEdge et ShowEdge<\/p>\n","protected":false},"excerpt":{"rendered":"<p>RASOIR  PULSE ZR II , 5 VITESSES , SANS FIL  Couleur: Noir  La puissance Lithium-ion, accoupl\u00e9e \u00e0 un moteur rotatif puissant peut couper n&#8217;importe quel type de pelages.   *5 vitesses, r\u00e9glage de 2,500 \u00e0 4,500 CPM. *Batterie amovible pour un remplacement rapide et facile. *Dur\u00e9e d&#8217;utilisation de 3 heures sur une seule charge *Lame # 10 CeramicEge, reste plus froide et plus nette que l&#8217;acier *Fonctionne avec toutes les lames UltraEdge, CeramicEdge et ShowEdge<\/p>\n","protected":false},"featured_media":26973,"template":"","meta":[],"product_brand":[],"product_cat":[356,357,345],"product_tag":[],"class_list":{"0":"post-15909","1":"product","2":"type-product","3":"status-publish","4":"has-post-thumbnail","6":"product_cat-rasoir-et-trimmeur","7":"product_cat-rasoir-et-trimmeur-andis","8":"product_cat-toilettage","10":"first","11":"outofstock","12":"taxable","13":"shipping-taxable","14":"purchasable","15":"product-type-simple"},"aioseo_notices":[],"_links":{"self":[{"href":"https:\/\/hunterproboutique.com\/fr\/wp-json\/wp\/v2\/product\/15909","targetHints":{"allow":["GET"]}}],"collection":[{"href":"https:\/\/hunterproboutique.com\/fr\/wp-json\/wp\/v2\/product"}],"about":[{"href":"https:\/\/hunterproboutique.com\/fr\/wp-json\/wp\/v2\/types\/product"}],"wp:featuredmedia":[{"embeddable":true,"href":"https:\/\/hunterproboutique.com\/fr\/wp-json\/wp\/v2\/media\/26973"}],"wp:attachment":[{"href":"https:\/\/hunterproboutique.com\/fr\/wp-json\/wp\/v2\/media?parent=15909"}],"wp:term":[{"taxonomy":"product_brand","embeddable":true,"href":"https:\/\/hunterproboutique.com\/fr\/wp-json\/wp\/v2\/product_brand?post=15909"},{"taxonomy":"product_cat","embeddable":true,"href":"https:\/\/hunterproboutique.com\/fr\/wp-json\/wp\/v2\/product_cat?post=15909"},{"taxonomy":"product_tag","embeddable":true,"href":"https:\/\/hunterproboutique.com\/fr\/wp-json\/wp\/v2\/product_tag?post=15909"}],"curies":[{"name":"wp","href":"https:\/\/api.w.org\/{rel}","templated":true}]}}