{"id":15923,"date":"2026-04-16T01:02:21","date_gmt":"2026-04-16T05:02:21","guid":{"rendered":"https:\/\/hunterproboutique.com\/product\/64537-blade-lock-andis\/"},"modified":"2026-04-16T03:15:34","modified_gmt":"2026-04-16T07:15:34","slug":"64537-blade-lock-andis","status":"publish","type":"product","link":"https:\/\/hunterproboutique.com\/fr\/produit\/64537-blade-lock-andis\/","title":{"rendered":"64537 BLADE LOCK ANDIS"},"content":{"rendered":"<p>BLADE LOCK ANDIS  Le verrou de lame est un cadre en m\u00e9tal rectangulaire qui doit \u00eatre abaiss\u00e9 lors du retrait et de l&#8217;application des lames  *Verrou de rechange. *Compatible avec les tondeuses Andis AGC, AGR, et Super AGR. *Dimensions : 3,2 x 17,8 cm (longueur x largeur x hauteur).<\/p>\n","protected":false},"excerpt":{"rendered":"<p>BLADE LOCK ANDIS  Le verrou de lame est un cadre en m\u00e9tal rectangulaire qui doit \u00eatre abaiss\u00e9 lors du retrait et de l&#8217;application des lames  *Verrou de rechange. *Compatible avec les tondeuses Andis AGC, AGR, et Super AGR. *Dimensions : 3,2 x 17,8 cm (longueur x largeur x hauteur).<\/p>\n","protected":false},"featured_media":26995,"template":"","meta":[],"product_brand":[],"product_cat":[350,345],"product_tag":[],"class_list":{"0":"post-15923","1":"product","2":"type-product","3":"status-publish","4":"has-post-thumbnail","6":"product_cat-lames","7":"product_cat-toilettage","9":"first","10":"instock","11":"taxable","12":"shipping-taxable","13":"purchasable","14":"product-type-simple"},"aioseo_notices":[],"_links":{"self":[{"href":"https:\/\/hunterproboutique.com\/fr\/wp-json\/wp\/v2\/product\/15923","targetHints":{"allow":["GET"]}}],"collection":[{"href":"https:\/\/hunterproboutique.com\/fr\/wp-json\/wp\/v2\/product"}],"about":[{"href":"https:\/\/hunterproboutique.com\/fr\/wp-json\/wp\/v2\/types\/product"}],"wp:featuredmedia":[{"embeddable":true,"href":"https:\/\/hunterproboutique.com\/fr\/wp-json\/wp\/v2\/media\/26995"}],"wp:attachment":[{"href":"https:\/\/hunterproboutique.com\/fr\/wp-json\/wp\/v2\/media?parent=15923"}],"wp:term":[{"taxonomy":"product_brand","embeddable":true,"href":"https:\/\/hunterproboutique.com\/fr\/wp-json\/wp\/v2\/product_brand?post=15923"},{"taxonomy":"product_cat","embeddable":true,"href":"https:\/\/hunterproboutique.com\/fr\/wp-json\/wp\/v2\/product_cat?post=15923"},{"taxonomy":"product_tag","embeddable":true,"href":"https:\/\/hunterproboutique.com\/fr\/wp-json\/wp\/v2\/product_tag?post=15923"}],"curies":[{"name":"wp","href":"https:\/\/api.w.org\/{rel}","templated":true}]}}