{"id":15931,"date":"2026-04-15T01:02:14","date_gmt":"2026-04-15T05:02:14","guid":{"rendered":"https:\/\/hunterproboutique.com\/product\/rasoir-arco-se-mauve\/"},"modified":"2026-04-15T03:15:17","modified_gmt":"2026-04-15T07:15:17","slug":"rasoir-arco-se-mauve","status":"publish","type":"product","link":"https:\/\/hunterproboutique.com\/fr\/produit\/rasoir-arco-se-mauve\/","title":{"rendered":"RASOIR ARCO SE &#8211; MAUVE"},"content":{"rendered":"<p>RASOIR ARCO SE &#8211; MAUVE  Ergonomique et facile \u00e0 maintenir, cette tondeuse sans fil 5-en-1 est un choix qui \u00e9conomise du temps lors d&#8217;une coupe int\u00e9grale ou du toilettage des pattes et des moustaches.   *Comprend deux piles rechargeables NiMH qui permettent chacune une coupe en continue durant 60 minutes. *L\u00e9gere et silencieuse, elle fonctionne toujours \u00e0 basse temp\u00e9rature malgr\u00e9 sa puissance de 5,500 mouvements par minute. *Lame standard amovible s&#8217;ajuste \u00e0 cinq positions, soit #9-10-15-30 et 40. *Mesure 6.75&#8221; de long et p\u00e8se 7.9oz. *L&#8217;emballage comprend: *Bo\u00eetier de rangement souple, une base de chargement, munie d&#8217;un indicateur d&#8217;alimentation, quatre guides de coupe (#3-6-9 et12), une brossse de nettoyage, de l&#8217;huile pour lame, un prot\u00e8ge lame et un mode d&#8217;emploi<\/p>\n","protected":false},"excerpt":{"rendered":"<p>RASOIR ARCO SE &#8211; MAUVE  Ergonomique et facile \u00e0 maintenir, cette tondeuse sans fil 5-en-1 est un choix qui \u00e9conomise du temps lors d&#8217;une coupe int\u00e9grale ou du toilettage des pattes et des moustaches.   *Comprend deux piles rechargeables NiMH qui permettent chacune une coupe en continue durant 60 minutes. *L\u00e9gere et silencieuse, elle fonctionne toujours \u00e0 basse temp\u00e9rature malgr\u00e9 sa puissance de 5,500 mouvements par minute. *Lame standard amovible s&#8217;ajuste \u00e0 cinq positions, soit #9-10-15-30 et 40. *Mesure 6.75&#8221; de long et p\u00e8se 7.9oz. *L&#8217;emballage comprend: *Bo\u00eetier de rangement souple, une base de chargement, munie d&#8217;un indicateur d&#8217;alimentation, quatre guides de coupe (#3-6-9 et12), une brossse de nettoyage, de l&#8217;huile pour lame, un prot\u00e8ge lame et un mode d&#8217;emploi<\/p>\n","protected":false},"featured_media":26809,"template":"","meta":[],"product_brand":[],"product_cat":[356,359,345],"product_tag":[],"class_list":{"0":"post-15931","1":"product","2":"type-product","3":"status-publish","4":"has-post-thumbnail","6":"product_cat-rasoir-et-trimmeur","7":"product_cat-rasoir-et-trimmeur-wahl","8":"product_cat-toilettage","10":"first","11":"instock","12":"taxable","13":"shipping-taxable","14":"purchasable","15":"product-type-simple"},"aioseo_notices":[],"_links":{"self":[{"href":"https:\/\/hunterproboutique.com\/fr\/wp-json\/wp\/v2\/product\/15931","targetHints":{"allow":["GET"]}}],"collection":[{"href":"https:\/\/hunterproboutique.com\/fr\/wp-json\/wp\/v2\/product"}],"about":[{"href":"https:\/\/hunterproboutique.com\/fr\/wp-json\/wp\/v2\/types\/product"}],"wp:featuredmedia":[{"embeddable":true,"href":"https:\/\/hunterproboutique.com\/fr\/wp-json\/wp\/v2\/media\/26809"}],"wp:attachment":[{"href":"https:\/\/hunterproboutique.com\/fr\/wp-json\/wp\/v2\/media?parent=15931"}],"wp:term":[{"taxonomy":"product_brand","embeddable":true,"href":"https:\/\/hunterproboutique.com\/fr\/wp-json\/wp\/v2\/product_brand?post=15931"},{"taxonomy":"product_cat","embeddable":true,"href":"https:\/\/hunterproboutique.com\/fr\/wp-json\/wp\/v2\/product_cat?post=15931"},{"taxonomy":"product_tag","embeddable":true,"href":"https:\/\/hunterproboutique.com\/fr\/wp-json\/wp\/v2\/product_tag?post=15931"}],"curies":[{"name":"wp","href":"https:\/\/api.w.org\/{rel}","templated":true}]}}