{"id":15935,"date":"2026-04-15T01:02:14","date_gmt":"2026-04-15T05:02:14","guid":{"rendered":"https:\/\/hunterproboutique.com\/product\/rasoir-bravura-noir\/"},"modified":"2026-04-15T03:15:17","modified_gmt":"2026-04-15T07:15:17","slug":"rasoir-bravura-noir","status":"publish","type":"product","link":"https:\/\/hunterproboutique.com\/fr\/produit\/rasoir-bravura-noir\/","title":{"rendered":"RASOIR BRAVURA NOIR"},"content":{"rendered":"<p>WAHL TROUSSE RASOIR BRAVURA NOIR   La nouvelle technologie avanc\u00e9e lithium ion de cette tondeuse offre un rendement plus \u00e9lev\u00e9, des temps d&#8217;utilisation efficace plus importants et une fiabilit\u00e9 absolument constante.  *Batterie Lithium Ion permet 90 minutes d&#8217;utilisation avec 60 minutes de recharge *Tension pour usage dans le monde entier 100-240V *Fonctionne avec ou sans fil pour une alimetation constante *4 800 \u00e0 5 000 tr\/min pour une puissance rapide int\u00e9gr\u00e9e pour un contr\u00f4le de vitesse constant,   quel que soit le niveau de chargement de la batterie *Fonctionnement silencieux et faible en vibrations *Comprend tondeuse avec ou sans fil au lithium-ion, *Prot\u00e8ge lame, chargeur,  *Etui souple, *Lame standard \u00e0 5 r\u00e9glages *Brosse de nettoyage, huile pour lame, *Six guides de coupe  assortis, \u00e0 enclenchement *Mode d&#8217;emploi<\/p>\n","protected":false},"excerpt":{"rendered":"<p>WAHL TROUSSE RASOIR BRAVURA NOIR   La nouvelle technologie avanc\u00e9e lithium ion de cette tondeuse offre un rendement plus \u00e9lev\u00e9, des temps d&#8217;utilisation efficace plus importants et une fiabilit\u00e9 absolument constante.  *Batterie Lithium Ion permet 90 minutes d&#8217;utilisation avec 60 minutes de recharge *Tension pour usage dans le monde entier 100-240V *Fonctionne avec ou sans fil pour une alimetation constante *4 800 \u00e0 5 000 tr\/min pour une puissance rapide int\u00e9gr\u00e9e pour un contr\u00f4le de vitesse constant,   quel que soit le niveau de chargement de la batterie *Fonctionnement silencieux et faible en vibrations *Comprend tondeuse avec ou sans fil au lithium-ion, *Prot\u00e8ge lame, chargeur,  *Etui souple, *Lame standard \u00e0 5 r\u00e9glages *Brosse de nettoyage, huile pour lame, *Six guides de coupe  assortis, \u00e0 enclenchement *Mode d&#8217;emploi<\/p>\n","protected":false},"featured_media":26814,"template":"","meta":[],"product_brand":[],"product_cat":[356,359,345],"product_tag":[],"class_list":{"0":"post-15935","1":"product","2":"type-product","3":"status-publish","4":"has-post-thumbnail","6":"product_cat-rasoir-et-trimmeur","7":"product_cat-rasoir-et-trimmeur-wahl","8":"product_cat-toilettage","10":"first","11":"outofstock","12":"taxable","13":"shipping-taxable","14":"purchasable","15":"product-type-simple"},"aioseo_notices":[],"_links":{"self":[{"href":"https:\/\/hunterproboutique.com\/fr\/wp-json\/wp\/v2\/product\/15935","targetHints":{"allow":["GET"]}}],"collection":[{"href":"https:\/\/hunterproboutique.com\/fr\/wp-json\/wp\/v2\/product"}],"about":[{"href":"https:\/\/hunterproboutique.com\/fr\/wp-json\/wp\/v2\/types\/product"}],"wp:featuredmedia":[{"embeddable":true,"href":"https:\/\/hunterproboutique.com\/fr\/wp-json\/wp\/v2\/media\/26814"}],"wp:attachment":[{"href":"https:\/\/hunterproboutique.com\/fr\/wp-json\/wp\/v2\/media?parent=15935"}],"wp:term":[{"taxonomy":"product_brand","embeddable":true,"href":"https:\/\/hunterproboutique.com\/fr\/wp-json\/wp\/v2\/product_brand?post=15935"},{"taxonomy":"product_cat","embeddable":true,"href":"https:\/\/hunterproboutique.com\/fr\/wp-json\/wp\/v2\/product_cat?post=15935"},{"taxonomy":"product_tag","embeddable":true,"href":"https:\/\/hunterproboutique.com\/fr\/wp-json\/wp\/v2\/product_tag?post=15935"}],"curies":[{"name":"wp","href":"https:\/\/api.w.org\/{rel}","templated":true}]}}