{"id":15939,"date":"2026-04-16T01:02:13","date_gmt":"2026-04-16T05:02:13","guid":{"rendered":"https:\/\/hunterproboutique.com\/product\/arco-lithium\/"},"modified":"2026-04-16T03:15:20","modified_gmt":"2026-04-16T07:15:20","slug":"arco-lithium","status":"publish","type":"product","link":"https:\/\/hunterproboutique.com\/fr\/produit\/arco-lithium\/","title":{"rendered":"ARCO LITHIUM"},"content":{"rendered":"<p>WAHL TONDEUSE ARCO LITHIUM  Arco Lithium professionnel offre un fonctionnement sans fil en continu.  *Contr\u00f4le continu de la vitesse, offre automatiquement plus de puissance et de couple pour les pelages plus \u00e9pais. *Batterie au lithium-ion avec une autonomie de 75 minutes pour une recharge de 50 minutes *2 piles interchangeables pour un fonctionnement continu. *Ergonomique et l\u00e9g\u00e8re *Plus de confort et de contr\u00f4le, correctement \u00e9quilibr\u00e9e, peu de vibration *Extr\u00eamement silencieuse pour les animaux sensibles aux bruits *Lame 5 en 1 *La trousse comprend: tondeuse \u00e0 moteur rotatif professionnel *6 guides de coupe assortis *Base de chargement et chargeur *Boite de rangement souple *Huile et brosse de nettoyage *Mode d&#8217;emploi<\/p>\n","protected":false},"excerpt":{"rendered":"<p>WAHL TONDEUSE ARCO LITHIUM  Arco Lithium professionnel offre un fonctionnement sans fil en continu.  *Contr\u00f4le continu de la vitesse, offre automatiquement plus de puissance et de couple pour les pelages plus \u00e9pais. *Batterie au lithium-ion avec une autonomie de 75 minutes pour une recharge de 50 minutes *2 piles interchangeables pour un fonctionnement continu. *Ergonomique et l\u00e9g\u00e8re *Plus de confort et de contr\u00f4le, correctement \u00e9quilibr\u00e9e, peu de vibration *Extr\u00eamement silencieuse pour les animaux sensibles aux bruits *Lame 5 en 1 *La trousse comprend: tondeuse \u00e0 moteur rotatif professionnel *6 guides de coupe assortis *Base de chargement et chargeur *Boite de rangement souple *Huile et brosse de nettoyage *Mode d&#8217;emploi<\/p>\n","protected":false},"featured_media":26821,"template":"","meta":[],"product_brand":[],"product_cat":[356,359,345],"product_tag":[],"class_list":{"0":"post-15939","1":"product","2":"type-product","3":"status-publish","4":"has-post-thumbnail","6":"product_cat-rasoir-et-trimmeur","7":"product_cat-rasoir-et-trimmeur-wahl","8":"product_cat-toilettage","10":"first","11":"outofstock","12":"taxable","13":"shipping-taxable","14":"purchasable","15":"product-type-simple"},"aioseo_notices":[],"_links":{"self":[{"href":"https:\/\/hunterproboutique.com\/fr\/wp-json\/wp\/v2\/product\/15939","targetHints":{"allow":["GET"]}}],"collection":[{"href":"https:\/\/hunterproboutique.com\/fr\/wp-json\/wp\/v2\/product"}],"about":[{"href":"https:\/\/hunterproboutique.com\/fr\/wp-json\/wp\/v2\/types\/product"}],"wp:featuredmedia":[{"embeddable":true,"href":"https:\/\/hunterproboutique.com\/fr\/wp-json\/wp\/v2\/media\/26821"}],"wp:attachment":[{"href":"https:\/\/hunterproboutique.com\/fr\/wp-json\/wp\/v2\/media?parent=15939"}],"wp:term":[{"taxonomy":"product_brand","embeddable":true,"href":"https:\/\/hunterproboutique.com\/fr\/wp-json\/wp\/v2\/product_brand?post=15939"},{"taxonomy":"product_cat","embeddable":true,"href":"https:\/\/hunterproboutique.com\/fr\/wp-json\/wp\/v2\/product_cat?post=15939"},{"taxonomy":"product_tag","embeddable":true,"href":"https:\/\/hunterproboutique.com\/fr\/wp-json\/wp\/v2\/product_tag?post=15939"}],"curies":[{"name":"wp","href":"https:\/\/api.w.org\/{rel}","templated":true}]}}