{"id":15975,"date":"2026-04-16T01:02:25","date_gmt":"2026-04-16T05:02:25","guid":{"rendered":"https:\/\/hunterproboutique.com\/product\/oster-tube-de-graisse\/"},"modified":"2026-04-15T03:15:34","modified_gmt":"2026-04-15T07:15:34","slug":"oster-tube-de-graisse","status":"publish","type":"product","link":"https:\/\/hunterproboutique.com\/fr\/produit\/oster-tube-de-graisse\/","title":{"rendered":"OSTER TUBE DE GRAISSE"},"content":{"rendered":"<p>TUBE DE GRAISSE  Ce lubrifiant \u00e0 tondeuse de premi\u00e8re qualit\u00e9 est con\u00e7u sp\u00e9cialement pour toutes les tondeuses \u00e0 moteur universelles. Son utilisation r\u00e9guli\u00e8re permettra de prolonger la vie de cet outil  *Format: 1.24 oz. &#8211; 35.4 g<\/p>\n","protected":false},"excerpt":{"rendered":"<p>TUBE DE GRAISSE  Ce lubrifiant \u00e0 tondeuse de premi\u00e8re qualit\u00e9 est con\u00e7u sp\u00e9cialement pour toutes les tondeuses \u00e0 moteur universelles. Son utilisation r\u00e9guli\u00e8re permettra de prolonger la vie de cet outil  *Format: 1.24 oz. &#8211; 35.4 g<\/p>\n","protected":false},"featured_media":27189,"template":"","meta":[],"product_brand":[],"product_cat":[352,350,345],"product_tag":[],"class_list":{"0":"post-15975","1":"product","2":"type-product","3":"status-publish","4":"has-post-thumbnail","6":"product_cat-entretien","7":"product_cat-lames","8":"product_cat-toilettage","10":"first","11":"instock","12":"taxable","13":"shipping-taxable","14":"purchasable","15":"product-type-simple"},"aioseo_notices":[],"_links":{"self":[{"href":"https:\/\/hunterproboutique.com\/fr\/wp-json\/wp\/v2\/product\/15975","targetHints":{"allow":["GET"]}}],"collection":[{"href":"https:\/\/hunterproboutique.com\/fr\/wp-json\/wp\/v2\/product"}],"about":[{"href":"https:\/\/hunterproboutique.com\/fr\/wp-json\/wp\/v2\/types\/product"}],"wp:featuredmedia":[{"embeddable":true,"href":"https:\/\/hunterproboutique.com\/fr\/wp-json\/wp\/v2\/media\/27189"}],"wp:attachment":[{"href":"https:\/\/hunterproboutique.com\/fr\/wp-json\/wp\/v2\/media?parent=15975"}],"wp:term":[{"taxonomy":"product_brand","embeddable":true,"href":"https:\/\/hunterproboutique.com\/fr\/wp-json\/wp\/v2\/product_brand?post=15975"},{"taxonomy":"product_cat","embeddable":true,"href":"https:\/\/hunterproboutique.com\/fr\/wp-json\/wp\/v2\/product_cat?post=15975"},{"taxonomy":"product_tag","embeddable":true,"href":"https:\/\/hunterproboutique.com\/fr\/wp-json\/wp\/v2\/product_tag?post=15975"}],"curies":[{"name":"wp","href":"https:\/\/api.w.org\/{rel}","templated":true}]}}