{"id":15981,"date":"2026-04-19T01:02:27","date_gmt":"2026-04-19T05:02:27","guid":{"rendered":"https:\/\/hunterproboutique.com\/product\/aftd-3-sechoir-air-force-2-vit-4cv\/"},"modified":"2026-04-19T03:15:30","modified_gmt":"2026-04-19T07:15:30","slug":"aftd-3-sechoir-air-force-2-vit-4cv","status":"publish","type":"product","link":"https:\/\/hunterproboutique.com\/fr\/produit\/aftd-3-sechoir-air-force-2-vit-4cv\/","title":{"rendered":"AFTD-3L SECHOIR AIR FORCE 2 VIT. (4CV)"},"content":{"rendered":"<p>AIR FORCE COMMANDER AFTD-3 &#8211; 2 VITESSE, 4CV  Outil professionel, ce s\u00e9choir en acier solide s&#8217;installe \u00e0 l&#8217;aide du support mural ou peut \u00eatre plac\u00e9 sous la table de toilettage. 4.0 PHP 11.25A \u00e0 deux vitesses offrant une efficacit\u00e9 exceptionnelle: haut (CFM 130\/FPM 28, 000) et basse (CFM 65\/ FPM14, 000).                                          *Le c\u00e2ble de branchement comprend trois conducteurs et une mise \u00e0 terre.  *Tuyau flexible avec contr\u00f4le d&#8217;air mesure 6&#8242;  *Filtre est facile \u00e0 changer.   *Poids: 8lbs  Dimensions:  12&#8221;x7&#8221;x7&#8221;.  Cet item comprend aussi le r\u00e2teau Groomer, un Air Flare et un concentateur.<\/p>\n","protected":false},"excerpt":{"rendered":"<p>AIR FORCE COMMANDER AFTD-3 &#8211; 2 VITESSE, 4CV  Outil professionel, ce s\u00e9choir en acier solide s&#8217;installe \u00e0 l&#8217;aide du support mural ou peut \u00eatre plac\u00e9 sous la table de toilettage. 4.0 PHP 11.25A \u00e0 deux vitesses offrant une efficacit\u00e9 exceptionnelle: haut (CFM 130\/FPM 28, 000) et basse (CFM 65\/ FPM14, 000).                                          *Le c\u00e2ble de branchement comprend trois conducteurs et une mise \u00e0 terre.  *Tuyau flexible avec contr\u00f4le d&#8217;air mesure 6&#8242;  *Filtre est facile \u00e0 changer.   *Poids: 8lbs  Dimensions:  12&#8221;x7&#8221;x7&#8221;.  Cet item comprend aussi le r\u00e2teau Groomer, un Air Flare et un concentateur.<\/p>\n","protected":false},"featured_media":27249,"template":"","meta":[],"product_brand":[],"product_cat":[369,345],"product_tag":[],"class_list":{"0":"post-15981","1":"product","2":"type-product","3":"status-publish","4":"has-post-thumbnail","6":"product_cat-sechoir","7":"product_cat-toilettage","9":"first","10":"instock","11":"taxable","12":"shipping-taxable","13":"purchasable","14":"product-type-simple"},"aioseo_notices":[],"_links":{"self":[{"href":"https:\/\/hunterproboutique.com\/fr\/wp-json\/wp\/v2\/product\/15981","targetHints":{"allow":["GET"]}}],"collection":[{"href":"https:\/\/hunterproboutique.com\/fr\/wp-json\/wp\/v2\/product"}],"about":[{"href":"https:\/\/hunterproboutique.com\/fr\/wp-json\/wp\/v2\/types\/product"}],"wp:featuredmedia":[{"embeddable":true,"href":"https:\/\/hunterproboutique.com\/fr\/wp-json\/wp\/v2\/media\/27249"}],"wp:attachment":[{"href":"https:\/\/hunterproboutique.com\/fr\/wp-json\/wp\/v2\/media?parent=15981"}],"wp:term":[{"taxonomy":"product_brand","embeddable":true,"href":"https:\/\/hunterproboutique.com\/fr\/wp-json\/wp\/v2\/product_brand?post=15981"},{"taxonomy":"product_cat","embeddable":true,"href":"https:\/\/hunterproboutique.com\/fr\/wp-json\/wp\/v2\/product_cat?post=15981"},{"taxonomy":"product_tag","embeddable":true,"href":"https:\/\/hunterproboutique.com\/fr\/wp-json\/wp\/v2\/product_tag?post=15981"}],"curies":[{"name":"wp","href":"https:\/\/api.w.org\/{rel}","templated":true}]}}