{"id":15983,"date":"2026-04-23T01:02:24","date_gmt":"2026-04-23T05:02:24","guid":{"rendered":"https:\/\/hunterproboutique.com\/product\/aftd-3v-air-force-vitesse-variable-4hp\/"},"modified":"2026-04-23T03:15:41","modified_gmt":"2026-04-23T07:15:41","slug":"aftd-3v-air-force-vitesse-variable-4hp","status":"publish","type":"product","link":"https:\/\/hunterproboutique.com\/fr\/produit\/aftd-3v-air-force-vitesse-variable-4hp\/","title":{"rendered":"AFTD-3V AIR FORCE VITESSE VARIABLE (4HP)"},"content":{"rendered":"<p>AIR FORCE COMMANDER AFTD-3V &#8211; VITESSE VARIABLE  Le s\u00e9choir en acier puissant et l\u00e9ger Metro Air Force Commander \u00e0 Vitesse Variable diminue le temps de s\u00e9chage de moiti\u00e9. Moteur: 4 CV 130 CFM Contr\u00f4le Variable 0-28,000&#8217;\/min. Amp\u00e9rage: 11.5   *Vitesse peut est ajust\u00e9e de 0-100% pour chiens de petites et moyenne taille.  *Fonctionne \u00e0 merveille sur les pelages \u00e9pais. *Fonctionne verticalement ou horizontalement.  *Sans \u00e9l\u00e9ment de chauffage, cet item n&#8217;ass\u00e8che pas les pelages. *Comprend un boyau flexible de 6&#8242;, un contr\u00f4le d&#8217;air, un concentrateur, un diffuseur et un r\u00e2teau.<\/p>\n","protected":false},"excerpt":{"rendered":"<p>AIR FORCE COMMANDER AFTD-3V &#8211; VITESSE VARIABLE  Le s\u00e9choir en acier puissant et l\u00e9ger Metro Air Force Commander \u00e0 Vitesse Variable diminue le temps de s\u00e9chage de moiti\u00e9. Moteur: 4 CV 130 CFM Contr\u00f4le Variable 0-28,000&#8217;\/min. Amp\u00e9rage: 11.5   *Vitesse peut est ajust\u00e9e de 0-100% pour chiens de petites et moyenne taille.  *Fonctionne \u00e0 merveille sur les pelages \u00e9pais. *Fonctionne verticalement ou horizontalement.  *Sans \u00e9l\u00e9ment de chauffage, cet item n&#8217;ass\u00e8che pas les pelages. *Comprend un boyau flexible de 6&#8242;, un contr\u00f4le d&#8217;air, un concentrateur, un diffuseur et un r\u00e2teau.<\/p>\n","protected":false},"featured_media":27252,"template":"","meta":[],"product_brand":[],"product_cat":[369,345],"product_tag":[],"class_list":{"0":"post-15983","1":"product","2":"type-product","3":"status-publish","4":"has-post-thumbnail","6":"product_cat-sechoir","7":"product_cat-toilettage","9":"first","10":"instock","11":"taxable","12":"shipping-taxable","13":"purchasable","14":"product-type-simple"},"aioseo_notices":[],"_links":{"self":[{"href":"https:\/\/hunterproboutique.com\/fr\/wp-json\/wp\/v2\/product\/15983","targetHints":{"allow":["GET"]}}],"collection":[{"href":"https:\/\/hunterproboutique.com\/fr\/wp-json\/wp\/v2\/product"}],"about":[{"href":"https:\/\/hunterproboutique.com\/fr\/wp-json\/wp\/v2\/types\/product"}],"wp:featuredmedia":[{"embeddable":true,"href":"https:\/\/hunterproboutique.com\/fr\/wp-json\/wp\/v2\/media\/27252"}],"wp:attachment":[{"href":"https:\/\/hunterproboutique.com\/fr\/wp-json\/wp\/v2\/media?parent=15983"}],"wp:term":[{"taxonomy":"product_brand","embeddable":true,"href":"https:\/\/hunterproboutique.com\/fr\/wp-json\/wp\/v2\/product_brand?post=15983"},{"taxonomy":"product_cat","embeddable":true,"href":"https:\/\/hunterproboutique.com\/fr\/wp-json\/wp\/v2\/product_cat?post=15983"},{"taxonomy":"product_tag","embeddable":true,"href":"https:\/\/hunterproboutique.com\/fr\/wp-json\/wp\/v2\/product_tag?post=15983"}],"curies":[{"name":"wp","href":"https:\/\/api.w.org\/{rel}","templated":true}]}}