{"id":15985,"date":"2026-04-19T01:02:27","date_gmt":"2026-04-19T05:02:27","guid":{"rendered":"https:\/\/hunterproboutique.com\/product\/cm-3-metro-cagemaster\/"},"modified":"2026-04-19T03:15:31","modified_gmt":"2026-04-19T07:15:31","slug":"cm-3-metro-cagemaster","status":"publish","type":"product","link":"https:\/\/hunterproboutique.com\/fr\/produit\/cm-3-metro-cagemaster\/","title":{"rendered":"CM-3  METRO &#8216;CAGEMASTER&#8217;"},"content":{"rendered":"<p>CAGEMASTER PLUS CM-3  Le s\u00e9choir Air Force Cagemaster Plus  est la fa\u00e7on la plus s\u00e9curitaire de s\u00e9cher les chiens dans une cage, coupant le temps de toilettage de presque deux-tiers.Ce s\u00e9choir portatif vous facilite la vie. Un moteur puissant de 4HP, 11.25 amp\u00e8res  *Fait en acier durable, d&#8217;une efficacit\u00e9 exceptionnel *Un courant d&#8217;air de haute v\u00e9locit\u00e9 pousse l&#8217;eau hors des pelages mouill\u00e9s les plus \u00e9pais *Ne contient pas d&#8217;\u00e9l\u00e9ment de chauffage *Pas d&#8217;air chaud pour blesser les pelages *Peut-\u00eatre install\u00e9 \u00e0 l&#8217;aide du support \u00e0 s\u00e9choir sur le mur ou sous la table de toilettage *Vient avec: boyau de 6&#8242;, un contr\u00f4le d&#8217;air, un concentrateur d&#8217;air, un r\u00e2teau et une attache pour cage sont compris. Poids: 8 lbs<\/p>\n","protected":false},"excerpt":{"rendered":"<p>CAGEMASTER PLUS CM-3  Le s\u00e9choir Air Force Cagemaster Plus  est la fa\u00e7on la plus s\u00e9curitaire de s\u00e9cher les chiens dans une cage, coupant le temps de toilettage de presque deux-tiers.Ce s\u00e9choir portatif vous facilite la vie. Un moteur puissant de 4HP, 11.25 amp\u00e8res  *Fait en acier durable, d&#8217;une efficacit\u00e9 exceptionnel *Un courant d&#8217;air de haute v\u00e9locit\u00e9 pousse l&#8217;eau hors des pelages mouill\u00e9s les plus \u00e9pais *Ne contient pas d&#8217;\u00e9l\u00e9ment de chauffage *Pas d&#8217;air chaud pour blesser les pelages *Peut-\u00eatre install\u00e9 \u00e0 l&#8217;aide du support \u00e0 s\u00e9choir sur le mur ou sous la table de toilettage *Vient avec: boyau de 6&#8242;, un contr\u00f4le d&#8217;air, un concentrateur d&#8217;air, un r\u00e2teau et une attache pour cage sont compris. Poids: 8 lbs<\/p>\n","protected":false},"featured_media":27255,"template":"","meta":[],"product_brand":[],"product_cat":[369,345],"product_tag":[],"class_list":{"0":"post-15985","1":"product","2":"type-product","3":"status-publish","4":"has-post-thumbnail","6":"product_cat-sechoir","7":"product_cat-toilettage","9":"first","10":"instock","11":"taxable","12":"shipping-taxable","13":"purchasable","14":"product-type-simple"},"aioseo_notices":[],"_links":{"self":[{"href":"https:\/\/hunterproboutique.com\/fr\/wp-json\/wp\/v2\/product\/15985","targetHints":{"allow":["GET"]}}],"collection":[{"href":"https:\/\/hunterproboutique.com\/fr\/wp-json\/wp\/v2\/product"}],"about":[{"href":"https:\/\/hunterproboutique.com\/fr\/wp-json\/wp\/v2\/types\/product"}],"wp:featuredmedia":[{"embeddable":true,"href":"https:\/\/hunterproboutique.com\/fr\/wp-json\/wp\/v2\/media\/27255"}],"wp:attachment":[{"href":"https:\/\/hunterproboutique.com\/fr\/wp-json\/wp\/v2\/media?parent=15985"}],"wp:term":[{"taxonomy":"product_brand","embeddable":true,"href":"https:\/\/hunterproboutique.com\/fr\/wp-json\/wp\/v2\/product_brand?post=15985"},{"taxonomy":"product_cat","embeddable":true,"href":"https:\/\/hunterproboutique.com\/fr\/wp-json\/wp\/v2\/product_cat?post=15985"},{"taxonomy":"product_tag","embeddable":true,"href":"https:\/\/hunterproboutique.com\/fr\/wp-json\/wp\/v2\/product_tag?post=15985"}],"curies":[{"name":"wp","href":"https:\/\/api.w.org\/{rel}","templated":true}]}}