{"id":15987,"date":"2026-04-19T01:02:27","date_gmt":"2026-04-19T05:02:27","guid":{"rendered":"https:\/\/hunterproboutique.com\/product\/b-3-sechoir-air-force-blaster\/"},"modified":"2026-04-19T03:15:31","modified_gmt":"2026-04-19T07:15:31","slug":"b-3-sechoir-air-force-blaster","status":"publish","type":"product","link":"https:\/\/hunterproboutique.com\/fr\/produit\/b-3-sechoir-air-force-blaster\/","title":{"rendered":"B-3 SECHOIR AIR FORCE &#8216;BLASTER&#8217;"},"content":{"rendered":"<p>AIR FORCE BLASTER B-3  Ce s\u00e9choir portatif, tout en acier, vous facilite la vie. Il produit 29,250 pieds \/ min d&#8217;air chaud propre et filtr\u00e9. Puissant moteur de 4HP \u00e0 double turbine et une vitesse. Conception innovatrice qui permet de r\u00e9duire le temps de s\u00e9chage de pr\u00e8s de 75%.  *Ne contient pas d&#8217;\u00e9l\u00e9ment de chauffage, permet d&#8217;\u00e9viter d&#8217;ass\u00e9cher les pelages *Facile \u00e0 utiliser, offre une haute performance digne de s\u00e9choir beaucoup plus dispendieux *Il comprend un boyau robuste de 10&#8242;, une buse et un cordon conducteur de 12&#8242;.  *Il peut \u00eatre install\u00e9  \u00e0 l&#8217;aide du support \u00e0 s\u00e9choir sur le mur ou sous la table de toilettage, *C\u00e2ble de branchement de 12 pieds *9.5 amp\u00e8res *Poids: 8 lbs<\/p>\n","protected":false},"excerpt":{"rendered":"<p>AIR FORCE BLASTER B-3  Ce s\u00e9choir portatif, tout en acier, vous facilite la vie. Il produit 29,250 pieds \/ min d&#8217;air chaud propre et filtr\u00e9. Puissant moteur de 4HP \u00e0 double turbine et une vitesse. Conception innovatrice qui permet de r\u00e9duire le temps de s\u00e9chage de pr\u00e8s de 75%.  *Ne contient pas d&#8217;\u00e9l\u00e9ment de chauffage, permet d&#8217;\u00e9viter d&#8217;ass\u00e9cher les pelages *Facile \u00e0 utiliser, offre une haute performance digne de s\u00e9choir beaucoup plus dispendieux *Il comprend un boyau robuste de 10&#8242;, une buse et un cordon conducteur de 12&#8242;.  *Il peut \u00eatre install\u00e9  \u00e0 l&#8217;aide du support \u00e0 s\u00e9choir sur le mur ou sous la table de toilettage, *C\u00e2ble de branchement de 12 pieds *9.5 amp\u00e8res *Poids: 8 lbs<\/p>\n","protected":false},"featured_media":27258,"template":"","meta":[],"product_brand":[],"product_cat":[369,345],"product_tag":[],"class_list":{"0":"post-15987","1":"product","2":"type-product","3":"status-publish","4":"has-post-thumbnail","6":"product_cat-sechoir","7":"product_cat-toilettage","9":"first","10":"outofstock","11":"taxable","12":"shipping-taxable","13":"purchasable","14":"product-type-simple"},"aioseo_notices":[],"_links":{"self":[{"href":"https:\/\/hunterproboutique.com\/fr\/wp-json\/wp\/v2\/product\/15987","targetHints":{"allow":["GET"]}}],"collection":[{"href":"https:\/\/hunterproboutique.com\/fr\/wp-json\/wp\/v2\/product"}],"about":[{"href":"https:\/\/hunterproboutique.com\/fr\/wp-json\/wp\/v2\/types\/product"}],"wp:featuredmedia":[{"embeddable":true,"href":"https:\/\/hunterproboutique.com\/fr\/wp-json\/wp\/v2\/media\/27258"}],"wp:attachment":[{"href":"https:\/\/hunterproboutique.com\/fr\/wp-json\/wp\/v2\/media?parent=15987"}],"wp:term":[{"taxonomy":"product_brand","embeddable":true,"href":"https:\/\/hunterproboutique.com\/fr\/wp-json\/wp\/v2\/product_brand?post=15987"},{"taxonomy":"product_cat","embeddable":true,"href":"https:\/\/hunterproboutique.com\/fr\/wp-json\/wp\/v2\/product_cat?post=15987"},{"taxonomy":"product_tag","embeddable":true,"href":"https:\/\/hunterproboutique.com\/fr\/wp-json\/wp\/v2\/product_tag?post=15987"}],"curies":[{"name":"wp","href":"https:\/\/api.w.org\/{rel}","templated":true}]}}