{"id":15989,"date":"2026-04-18T01:02:27","date_gmt":"2026-04-18T05:02:27","guid":{"rendered":"https:\/\/hunterproboutique.com\/product\/mb-3-airforce-master-blaster\/"},"modified":"2026-04-18T03:15:31","modified_gmt":"2026-04-18T07:15:31","slug":"mb-3-airforce-master-blaster","status":"publish","type":"product","link":"https:\/\/hunterproboutique.com\/fr\/produit\/mb-3-airforce-master-blaster\/","title":{"rendered":"MB-3 AIRFORCE &#8216;MASTER BLASTER&#8217;"},"content":{"rendered":"<p>MB-3 AIRFORCE MASTER BLASTER  La conception innovante tout acier du Master Blaster permet de r\u00e9duire le temps de s\u00e9chage jusqu&#8217;\u00e0 75%.   *Ce s\u00e9choir n&#8217;a pas d&#8217;\u00e9l\u00e9ment chauffant et peut \u00e9vacuer l&#8217;eau des chiens \u00e0 poils \u00e9pais.  *Facile \u00e0 utiliser et tr\u00e8s performant  *Permet aux toiletteurs de s&#8217;occuper de plus de chiens en moins de temps pour plus de profit.  * Les caract\u00e9ristiques comprennent deux vitesses, deux temp\u00e9ratures, un tuyau commercial de 3 m\u00e8tres, une buse de soufflage en n\u00e9opr\u00e8ne et un cordon conducteur de 3 m\u00e8tres. Moteur HP 8.0 Peak HP (2 x 4.0 \u00e9tages de moteurs \u00e0 double ventilateur)  Volume d&#8217;air 229 CFM Vitesse de l&#8217;air 0-58 500 Amperes 19 Watts 2700 Volts 110-120 Poids 16 livres<\/p>\n","protected":false},"excerpt":{"rendered":"<p>MB-3 AIRFORCE MASTER BLASTER  La conception innovante tout acier du Master Blaster permet de r\u00e9duire le temps de s\u00e9chage jusqu&#8217;\u00e0 75%.   *Ce s\u00e9choir n&#8217;a pas d&#8217;\u00e9l\u00e9ment chauffant et peut \u00e9vacuer l&#8217;eau des chiens \u00e0 poils \u00e9pais.  *Facile \u00e0 utiliser et tr\u00e8s performant  *Permet aux toiletteurs de s&#8217;occuper de plus de chiens en moins de temps pour plus de profit.  * Les caract\u00e9ristiques comprennent deux vitesses, deux temp\u00e9ratures, un tuyau commercial de 3 m\u00e8tres, une buse de soufflage en n\u00e9opr\u00e8ne et un cordon conducteur de 3 m\u00e8tres. Moteur HP 8.0 Peak HP (2 x 4.0 \u00e9tages de moteurs \u00e0 double ventilateur)  Volume d&#8217;air 229 CFM Vitesse de l&#8217;air 0-58 500 Amperes 19 Watts 2700 Volts 110-120 Poids 16 livres<\/p>\n","protected":false},"featured_media":27260,"template":"","meta":[],"product_brand":[],"product_cat":[369,345],"product_tag":[],"class_list":{"0":"post-15989","1":"product","2":"type-product","3":"status-publish","4":"has-post-thumbnail","6":"product_cat-sechoir","7":"product_cat-toilettage","9":"first","10":"instock","11":"taxable","12":"shipping-taxable","13":"purchasable","14":"product-type-simple"},"aioseo_notices":[],"_links":{"self":[{"href":"https:\/\/hunterproboutique.com\/fr\/wp-json\/wp\/v2\/product\/15989","targetHints":{"allow":["GET"]}}],"collection":[{"href":"https:\/\/hunterproboutique.com\/fr\/wp-json\/wp\/v2\/product"}],"about":[{"href":"https:\/\/hunterproboutique.com\/fr\/wp-json\/wp\/v2\/types\/product"}],"wp:featuredmedia":[{"embeddable":true,"href":"https:\/\/hunterproboutique.com\/fr\/wp-json\/wp\/v2\/media\/27260"}],"wp:attachment":[{"href":"https:\/\/hunterproboutique.com\/fr\/wp-json\/wp\/v2\/media?parent=15989"}],"wp:term":[{"taxonomy":"product_brand","embeddable":true,"href":"https:\/\/hunterproboutique.com\/fr\/wp-json\/wp\/v2\/product_brand?post=15989"},{"taxonomy":"product_cat","embeddable":true,"href":"https:\/\/hunterproboutique.com\/fr\/wp-json\/wp\/v2\/product_cat?post=15989"},{"taxonomy":"product_tag","embeddable":true,"href":"https:\/\/hunterproboutique.com\/fr\/wp-json\/wp\/v2\/product_tag?post=15989"}],"curies":[{"name":"wp","href":"https:\/\/api.w.org\/{rel}","templated":true}]}}