{"id":15991,"date":"2026-04-23T01:02:25","date_gmt":"2026-04-23T05:02:25","guid":{"rendered":"https:\/\/hunterproboutique.com\/product\/tg-3v-sechoir-sur-pied-4-cv\/"},"modified":"2026-04-23T03:15:42","modified_gmt":"2026-04-23T07:15:42","slug":"tg-3v-sechoir-sur-pied-4-cv","status":"publish","type":"product","link":"https:\/\/hunterproboutique.com\/fr\/produit\/tg-3v-sechoir-sur-pied-4-cv\/","title":{"rendered":"TG-3V SECHOIR SUR PIED, 4 CV"},"content":{"rendered":"<p>S\u00c9CHOIR SUR PIED TOP GUN TG-3 &#8211; 4 CV  Avec son moteur puissant de 4.0CV, son volume d&#8217;air de 130CFM, sa vitesse d&#8217;air de 28 000 FPM, ce Top Gun Dryer est un s\u00e9choir sur pied polyvalent con\u00e7u pour rendre le s\u00e9chage plus facile et plus rapide.  *Il est dot\u00e9 d&#8217;un puissant moteur \u00e0 deux vitesses, d&#8217;un contr\u00f4le de temp\u00e9rature variable \u00e0 l&#8217;\u00e9tat solide  *Un \u00e9l\u00e9ment chauffant tubulaire incoloy incassable de 900 watts.  *Le support anti-basculement \u00e0 cinq pattes avec roulettes roulantes s&#8217;ajuste de 39&#8242; \u00e0 57 &#8216;H.  *Un kit d&#8217;accessoires optionnel permet de convertir ce support en souffleur ou en s\u00e9choir \u00e0 cages en quelques secondes.  *Commandez le # 35600 Hunter<\/p>\n","protected":false},"excerpt":{"rendered":"<p>S\u00c9CHOIR SUR PIED TOP GUN TG-3 &#8211; 4 CV  Avec son moteur puissant de 4.0CV, son volume d&#8217;air de 130CFM, sa vitesse d&#8217;air de 28 000 FPM, ce Top Gun Dryer est un s\u00e9choir sur pied polyvalent con\u00e7u pour rendre le s\u00e9chage plus facile et plus rapide.  *Il est dot\u00e9 d&#8217;un puissant moteur \u00e0 deux vitesses, d&#8217;un contr\u00f4le de temp\u00e9rature variable \u00e0 l&#8217;\u00e9tat solide  *Un \u00e9l\u00e9ment chauffant tubulaire incoloy incassable de 900 watts.  *Le support anti-basculement \u00e0 cinq pattes avec roulettes roulantes s&#8217;ajuste de 39&#8242; \u00e0 57 &#8216;H.  *Un kit d&#8217;accessoires optionnel permet de convertir ce support en souffleur ou en s\u00e9choir \u00e0 cages en quelques secondes.  *Commandez le # 35600 Hunter<\/p>\n","protected":false},"featured_media":27264,"template":"","meta":[],"product_brand":[],"product_cat":[369,345],"product_tag":[],"class_list":{"0":"post-15991","1":"product","2":"type-product","3":"status-publish","4":"has-post-thumbnail","6":"product_cat-sechoir","7":"product_cat-toilettage","9":"first","10":"outofstock","11":"taxable","12":"shipping-taxable","13":"purchasable","14":"product-type-simple"},"aioseo_notices":[],"_links":{"self":[{"href":"https:\/\/hunterproboutique.com\/fr\/wp-json\/wp\/v2\/product\/15991","targetHints":{"allow":["GET"]}}],"collection":[{"href":"https:\/\/hunterproboutique.com\/fr\/wp-json\/wp\/v2\/product"}],"about":[{"href":"https:\/\/hunterproboutique.com\/fr\/wp-json\/wp\/v2\/types\/product"}],"wp:featuredmedia":[{"embeddable":true,"href":"https:\/\/hunterproboutique.com\/fr\/wp-json\/wp\/v2\/media\/27264"}],"wp:attachment":[{"href":"https:\/\/hunterproboutique.com\/fr\/wp-json\/wp\/v2\/media?parent=15991"}],"wp:term":[{"taxonomy":"product_brand","embeddable":true,"href":"https:\/\/hunterproboutique.com\/fr\/wp-json\/wp\/v2\/product_brand?post=15991"},{"taxonomy":"product_cat","embeddable":true,"href":"https:\/\/hunterproboutique.com\/fr\/wp-json\/wp\/v2\/product_cat?post=15991"},{"taxonomy":"product_tag","embeddable":true,"href":"https:\/\/hunterproboutique.com\/fr\/wp-json\/wp\/v2\/product_tag?post=15991"}],"curies":[{"name":"wp","href":"https:\/\/api.w.org\/{rel}","templated":true}]}}