{"id":15995,"date":"2026-04-23T01:02:25","date_gmt":"2026-04-23T05:02:25","guid":{"rendered":"https:\/\/hunterproboutique.com\/product\/mb3-v-master-blaster-vitesse-variable\/"},"modified":"2026-04-23T03:15:42","modified_gmt":"2026-04-23T07:15:42","slug":"mb3-v-master-blaster-vitesse-variable","status":"publish","type":"product","link":"https:\/\/hunterproboutique.com\/fr\/produit\/mb3-v-master-blaster-vitesse-variable\/","title":{"rendered":"MB3-V MASTER BLASTER VITESSE VARIABLE"},"content":{"rendered":"<p>MASTER BLASTER &#8211; VITESSE VARIABLE MB3-V  La conception innovatrice du Air Force Master Blaster r\u00e9duit le temps de s\u00e9chage jusqu&#8217;\u00e0 75%. Puissance: 8.0 CV (2 moteurs de 4.0CV) Volume d&#8217;air: 229 CFM, Vitesse d&#8217;air:0-58,000 Amp\u00e9rage: 19, Wattage 2700  *Contr\u00f4le de vitesse variable.ajuste la vitesse d&#8217;air tout en r\u00e9duisant le bruit de 25%.  *Ne contient aucun \u00e9l\u00e9ment de chauffage *Enl\u00e8ve donc l&#8217;eau du pelage sans l&#8217;ass\u00e9cher.  *Facile \u00e0 utiliser et offre une performance sup\u00e9rieure  *Comprend deux vitesses, deux temp\u00e9ratures, un boyau robuste de 10&#8242;, une buse en n\u00e9opr\u00e8ne et un fil conducteur de 12&#8242;.<\/p>\n","protected":false},"excerpt":{"rendered":"<p>MASTER BLASTER &#8211; VITESSE VARIABLE MB3-V  La conception innovatrice du Air Force Master Blaster r\u00e9duit le temps de s\u00e9chage jusqu&#8217;\u00e0 75%. Puissance: 8.0 CV (2 moteurs de 4.0CV) Volume d&#8217;air: 229 CFM, Vitesse d&#8217;air:0-58,000 Amp\u00e9rage: 19, Wattage 2700  *Contr\u00f4le de vitesse variable.ajuste la vitesse d&#8217;air tout en r\u00e9duisant le bruit de 25%.  *Ne contient aucun \u00e9l\u00e9ment de chauffage *Enl\u00e8ve donc l&#8217;eau du pelage sans l&#8217;ass\u00e9cher.  *Facile \u00e0 utiliser et offre une performance sup\u00e9rieure  *Comprend deux vitesses, deux temp\u00e9ratures, un boyau robuste de 10&#8242;, une buse en n\u00e9opr\u00e8ne et un fil conducteur de 12&#8242;.<\/p>\n","protected":false},"featured_media":27269,"template":"","meta":[],"product_brand":[],"product_cat":[369,345],"product_tag":[],"class_list":{"0":"post-15995","1":"product","2":"type-product","3":"status-publish","4":"has-post-thumbnail","6":"product_cat-sechoir","7":"product_cat-toilettage","9":"first","10":"instock","11":"taxable","12":"shipping-taxable","13":"purchasable","14":"product-type-simple"},"aioseo_notices":[],"_links":{"self":[{"href":"https:\/\/hunterproboutique.com\/fr\/wp-json\/wp\/v2\/product\/15995","targetHints":{"allow":["GET"]}}],"collection":[{"href":"https:\/\/hunterproboutique.com\/fr\/wp-json\/wp\/v2\/product"}],"about":[{"href":"https:\/\/hunterproboutique.com\/fr\/wp-json\/wp\/v2\/types\/product"}],"wp:featuredmedia":[{"embeddable":true,"href":"https:\/\/hunterproboutique.com\/fr\/wp-json\/wp\/v2\/media\/27269"}],"wp:attachment":[{"href":"https:\/\/hunterproboutique.com\/fr\/wp-json\/wp\/v2\/media?parent=15995"}],"wp:term":[{"taxonomy":"product_brand","embeddable":true,"href":"https:\/\/hunterproboutique.com\/fr\/wp-json\/wp\/v2\/product_brand?post=15995"},{"taxonomy":"product_cat","embeddable":true,"href":"https:\/\/hunterproboutique.com\/fr\/wp-json\/wp\/v2\/product_cat?post=15995"},{"taxonomy":"product_tag","embeddable":true,"href":"https:\/\/hunterproboutique.com\/fr\/wp-json\/wp\/v2\/product_tag?post=15995"}],"curies":[{"name":"wp","href":"https:\/\/api.w.org\/{rel}","templated":true}]}}