{"id":15997,"date":"2026-04-23T01:02:25","date_gmt":"2026-04-23T05:02:25","guid":{"rendered":"https:\/\/hunterproboutique.com\/product\/gasket-pour-air-force\/"},"modified":"2026-04-23T03:15:42","modified_gmt":"2026-04-23T07:15:42","slug":"gasket-pour-air-force","status":"publish","type":"product","link":"https:\/\/hunterproboutique.com\/fr\/produit\/gasket-pour-air-force\/","title":{"rendered":"JOINT D&#8217;\u00c9TANCH\u00c9IT\u00c9 POUR AIR FORCE"},"content":{"rendered":"<p>GASKET POUR AIR FORCE  Ce joint d&#8217;\u00e9tanch\u00e9it\u00e9 convient au s\u00e9choir Metro Air Force.<\/p>\n","protected":false},"excerpt":{"rendered":"<p>GASKET POUR AIR FORCE  Ce joint d&#8217;\u00e9tanch\u00e9it\u00e9 convient au s\u00e9choir Metro Air Force.<\/p>\n","protected":false},"featured_media":27273,"template":"","meta":[],"product_brand":[],"product_cat":[369,345],"product_tag":[],"class_list":{"0":"post-15997","1":"product","2":"type-product","3":"status-publish","4":"has-post-thumbnail","6":"product_cat-sechoir","7":"product_cat-toilettage","9":"first","10":"instock","11":"taxable","12":"shipping-taxable","13":"purchasable","14":"product-type-simple"},"aioseo_notices":[],"_links":{"self":[{"href":"https:\/\/hunterproboutique.com\/fr\/wp-json\/wp\/v2\/product\/15997","targetHints":{"allow":["GET"]}}],"collection":[{"href":"https:\/\/hunterproboutique.com\/fr\/wp-json\/wp\/v2\/product"}],"about":[{"href":"https:\/\/hunterproboutique.com\/fr\/wp-json\/wp\/v2\/types\/product"}],"wp:featuredmedia":[{"embeddable":true,"href":"https:\/\/hunterproboutique.com\/fr\/wp-json\/wp\/v2\/media\/27273"}],"wp:attachment":[{"href":"https:\/\/hunterproboutique.com\/fr\/wp-json\/wp\/v2\/media?parent=15997"}],"wp:term":[{"taxonomy":"product_brand","embeddable":true,"href":"https:\/\/hunterproboutique.com\/fr\/wp-json\/wp\/v2\/product_brand?post=15997"},{"taxonomy":"product_cat","embeddable":true,"href":"https:\/\/hunterproboutique.com\/fr\/wp-json\/wp\/v2\/product_cat?post=15997"},{"taxonomy":"product_tag","embeddable":true,"href":"https:\/\/hunterproboutique.com\/fr\/wp-json\/wp\/v2\/product_tag?post=15997"}],"curies":[{"name":"wp","href":"https:\/\/api.w.org\/{rel}","templated":true}]}}