{"id":15999,"date":"2026-04-23T01:02:25","date_gmt":"2026-04-23T05:02:25","guid":{"rendered":"https:\/\/hunterproboutique.com\/product\/interrupteur-1-vitesse-b-3-af3pg\/"},"modified":"2026-04-23T03:15:43","modified_gmt":"2026-04-23T07:15:43","slug":"interrupteur-1-vitesse-b-3-af3pg","status":"publish","type":"product","link":"https:\/\/hunterproboutique.com\/fr\/produit\/interrupteur-1-vitesse-b-3-af3pg\/","title":{"rendered":"INTERRUPTEUR 1 VITESSE (B-3, AF3PG)"},"content":{"rendered":"<p>INTERRUPTEUR 1 VITESSE  Cet interrupteur \u00e0 une vitesse est con\u00e7u pour les s\u00e9choirs M\u00e9tro, 1 vitesse, mod\u00e8les B-3 et AF3PG<\/p>\n","protected":false},"excerpt":{"rendered":"<p>INTERRUPTEUR 1 VITESSE  Cet interrupteur \u00e0 une vitesse est con\u00e7u pour les s\u00e9choirs M\u00e9tro, 1 vitesse, mod\u00e8les B-3 et AF3PG<\/p>\n","protected":false},"featured_media":28414,"template":"","meta":[],"product_brand":[],"product_cat":[369,345],"product_tag":[],"class_list":{"0":"post-15999","1":"product","2":"type-product","3":"status-publish","4":"has-post-thumbnail","6":"product_cat-sechoir","7":"product_cat-toilettage","9":"first","10":"instock","11":"taxable","12":"shipping-taxable","13":"purchasable","14":"product-type-simple"},"aioseo_notices":[],"_links":{"self":[{"href":"https:\/\/hunterproboutique.com\/fr\/wp-json\/wp\/v2\/product\/15999","targetHints":{"allow":["GET"]}}],"collection":[{"href":"https:\/\/hunterproboutique.com\/fr\/wp-json\/wp\/v2\/product"}],"about":[{"href":"https:\/\/hunterproboutique.com\/fr\/wp-json\/wp\/v2\/types\/product"}],"wp:featuredmedia":[{"embeddable":true,"href":"https:\/\/hunterproboutique.com\/fr\/wp-json\/wp\/v2\/media\/28414"}],"wp:attachment":[{"href":"https:\/\/hunterproboutique.com\/fr\/wp-json\/wp\/v2\/media?parent=15999"}],"wp:term":[{"taxonomy":"product_brand","embeddable":true,"href":"https:\/\/hunterproboutique.com\/fr\/wp-json\/wp\/v2\/product_brand?post=15999"},{"taxonomy":"product_cat","embeddable":true,"href":"https:\/\/hunterproboutique.com\/fr\/wp-json\/wp\/v2\/product_cat?post=15999"},{"taxonomy":"product_tag","embeddable":true,"href":"https:\/\/hunterproboutique.com\/fr\/wp-json\/wp\/v2\/product_tag?post=15999"}],"curies":[{"name":"wp","href":"https:\/\/api.w.org\/{rel}","templated":true}]}}