{"id":16001,"date":"2026-04-17T01:02:28","date_gmt":"2026-04-17T05:02:28","guid":{"rendered":"https:\/\/hunterproboutique.com\/product\/abc-3-brosses-pour-35583-84-87\/"},"modified":"2026-04-17T03:15:34","modified_gmt":"2026-04-17T07:15:34","slug":"abc-3-brosses-pour-35583-84-87","status":"publish","type":"product","link":"https:\/\/hunterproboutique.com\/fr\/produit\/abc-3-brosses-pour-35583-84-87\/","title":{"rendered":"ABC-3 BROSSES POUR 35583-84-85-87-90  2 au pqt"},"content":{"rendered":"<p>BROSSES DE CARBONE POUR BLASTER ET MASTER BLASTER  Cet ensemble de deux brosses de carbone ABC-3 Metro convient aux s\u00e9choirs METRO, r\u00e9f\u00e9rence produits Hunter # 35583 -35584-35585-35587 et 35590<\/p>\n","protected":false},"excerpt":{"rendered":"<p>BROSSES DE CARBONE POUR BLASTER ET MASTER BLASTER  Cet ensemble de deux brosses de carbone ABC-3 Metro convient aux s\u00e9choirs METRO, r\u00e9f\u00e9rence produits Hunter # 35583 -35584-35585-35587 et 35590<\/p>\n","protected":false},"featured_media":27282,"template":"","meta":[],"product_brand":[],"product_cat":[369,345],"product_tag":[],"class_list":{"0":"post-16001","1":"product","2":"type-product","3":"status-publish","4":"has-post-thumbnail","6":"product_cat-sechoir","7":"product_cat-toilettage","9":"first","10":"instock","11":"taxable","12":"shipping-taxable","13":"purchasable","14":"product-type-simple"},"aioseo_notices":[],"_links":{"self":[{"href":"https:\/\/hunterproboutique.com\/fr\/wp-json\/wp\/v2\/product\/16001","targetHints":{"allow":["GET"]}}],"collection":[{"href":"https:\/\/hunterproboutique.com\/fr\/wp-json\/wp\/v2\/product"}],"about":[{"href":"https:\/\/hunterproboutique.com\/fr\/wp-json\/wp\/v2\/types\/product"}],"wp:featuredmedia":[{"embeddable":true,"href":"https:\/\/hunterproboutique.com\/fr\/wp-json\/wp\/v2\/media\/27282"}],"wp:attachment":[{"href":"https:\/\/hunterproboutique.com\/fr\/wp-json\/wp\/v2\/media?parent=16001"}],"wp:term":[{"taxonomy":"product_brand","embeddable":true,"href":"https:\/\/hunterproboutique.com\/fr\/wp-json\/wp\/v2\/product_brand?post=16001"},{"taxonomy":"product_cat","embeddable":true,"href":"https:\/\/hunterproboutique.com\/fr\/wp-json\/wp\/v2\/product_cat?post=16001"},{"taxonomy":"product_tag","embeddable":true,"href":"https:\/\/hunterproboutique.com\/fr\/wp-json\/wp\/v2\/product_tag?post=16001"}],"curies":[{"name":"wp","href":"https:\/\/api.w.org\/{rel}","templated":true}]}}