{"id":16007,"date":"2026-04-23T01:02:26","date_gmt":"2026-04-23T05:02:26","guid":{"rendered":"https:\/\/hunterproboutique.com\/product\/interrupteur-2-vitesse-aftd-3-tg-3\/"},"modified":"2026-04-23T03:15:43","modified_gmt":"2026-04-23T07:15:43","slug":"interrupteur-2-vitesse-aftd-3-tg-3","status":"publish","type":"product","link":"https:\/\/hunterproboutique.com\/fr\/produit\/interrupteur-2-vitesse-aftd-3-tg-3\/","title":{"rendered":"INTERRUPTEUR 2 VITESSE (AFTD-3 )"},"content":{"rendered":"<p>INTERRUPTEUR 2 VITESSES POUR AFTD  Cet interrupteur deux vitesse est con\u00e7u pour les s\u00e9choirs M\u00e9tro, comme le Air Force Commander.<\/p>\n","protected":false},"excerpt":{"rendered":"<p>INTERRUPTEUR 2 VITESSES POUR AFTD  Cet interrupteur deux vitesse est con\u00e7u pour les s\u00e9choirs M\u00e9tro, comme le Air Force Commander.<\/p>\n","protected":false},"featured_media":27291,"template":"","meta":[],"product_brand":[],"product_cat":[369,345],"product_tag":[],"class_list":{"0":"post-16007","1":"product","2":"type-product","3":"status-publish","4":"has-post-thumbnail","6":"product_cat-sechoir","7":"product_cat-toilettage","9":"first","10":"instock","11":"taxable","12":"shipping-taxable","13":"purchasable","14":"product-type-simple"},"aioseo_notices":[],"_links":{"self":[{"href":"https:\/\/hunterproboutique.com\/fr\/wp-json\/wp\/v2\/product\/16007","targetHints":{"allow":["GET"]}}],"collection":[{"href":"https:\/\/hunterproboutique.com\/fr\/wp-json\/wp\/v2\/product"}],"about":[{"href":"https:\/\/hunterproboutique.com\/fr\/wp-json\/wp\/v2\/types\/product"}],"wp:featuredmedia":[{"embeddable":true,"href":"https:\/\/hunterproboutique.com\/fr\/wp-json\/wp\/v2\/media\/27291"}],"wp:attachment":[{"href":"https:\/\/hunterproboutique.com\/fr\/wp-json\/wp\/v2\/media?parent=16007"}],"wp:term":[{"taxonomy":"product_brand","embeddable":true,"href":"https:\/\/hunterproboutique.com\/fr\/wp-json\/wp\/v2\/product_brand?post=16007"},{"taxonomy":"product_cat","embeddable":true,"href":"https:\/\/hunterproboutique.com\/fr\/wp-json\/wp\/v2\/product_cat?post=16007"},{"taxonomy":"product_tag","embeddable":true,"href":"https:\/\/hunterproboutique.com\/fr\/wp-json\/wp\/v2\/product_tag?post=16007"}],"curies":[{"name":"wp","href":"https:\/\/api.w.org\/{rel}","templated":true}]}}