{"id":16013,"date":"2026-04-23T01:02:26","date_gmt":"2026-04-23T05:02:26","guid":{"rendered":"https:\/\/hunterproboutique.com\/product\/cone-pour-boyau-metro-airforce\/"},"modified":"2026-04-23T03:15:44","modified_gmt":"2026-04-23T07:15:44","slug":"cone-pour-boyau-metro-airforce","status":"publish","type":"product","link":"https:\/\/hunterproboutique.com\/fr\/produit\/cone-pour-boyau-metro-airforce\/","title":{"rendered":"CONE POUR BOYAU METRO AIRFORCE"},"content":{"rendered":"<p>BUSE DE SOUFFLAGE POUR AIR FORCE  Cette buse de soufflage robuste est con\u00e7ue pour le boyau des s\u00e9choirs Air Force.  Diam\u00e8tre: 11\/4&#8221;.<\/p>\n","protected":false},"excerpt":{"rendered":"<p>BUSE DE SOUFFLAGE POUR AIR FORCE  Cette buse de soufflage robuste est con\u00e7ue pour le boyau des s\u00e9choirs Air Force.  Diam\u00e8tre: 11\/4&#8221;.<\/p>\n","protected":false},"featured_media":27300,"template":"","meta":[],"product_brand":[],"product_cat":[369,345],"product_tag":[],"class_list":{"0":"post-16013","1":"product","2":"type-product","3":"status-publish","4":"has-post-thumbnail","6":"product_cat-sechoir","7":"product_cat-toilettage","9":"first","10":"instock","11":"taxable","12":"shipping-taxable","13":"purchasable","14":"product-type-simple"},"aioseo_notices":[],"_links":{"self":[{"href":"https:\/\/hunterproboutique.com\/fr\/wp-json\/wp\/v2\/product\/16013","targetHints":{"allow":["GET"]}}],"collection":[{"href":"https:\/\/hunterproboutique.com\/fr\/wp-json\/wp\/v2\/product"}],"about":[{"href":"https:\/\/hunterproboutique.com\/fr\/wp-json\/wp\/v2\/types\/product"}],"wp:featuredmedia":[{"embeddable":true,"href":"https:\/\/hunterproboutique.com\/fr\/wp-json\/wp\/v2\/media\/27300"}],"wp:attachment":[{"href":"https:\/\/hunterproboutique.com\/fr\/wp-json\/wp\/v2\/media?parent=16013"}],"wp:term":[{"taxonomy":"product_brand","embeddable":true,"href":"https:\/\/hunterproboutique.com\/fr\/wp-json\/wp\/v2\/product_brand?post=16013"},{"taxonomy":"product_cat","embeddable":true,"href":"https:\/\/hunterproboutique.com\/fr\/wp-json\/wp\/v2\/product_cat?post=16013"},{"taxonomy":"product_tag","embeddable":true,"href":"https:\/\/hunterproboutique.com\/fr\/wp-json\/wp\/v2\/product_tag?post=16013"}],"curies":[{"name":"wp","href":"https:\/\/api.w.org\/{rel}","templated":true}]}}