{"id":16015,"date":"2026-04-23T01:02:26","date_gmt":"2026-04-23T05:02:26","guid":{"rendered":"https:\/\/hunterproboutique.com\/product\/boyau-extensible-pour-aftd\/"},"modified":"2026-04-23T03:15:44","modified_gmt":"2026-04-23T07:15:44","slug":"boyau-extensible-pour-aftd","status":"publish","type":"product","link":"https:\/\/hunterproboutique.com\/fr\/produit\/boyau-extensible-pour-aftd\/","title":{"rendered":"BOYAU EXTENSIBLE POUR AFTD"},"content":{"rendered":"<p>BOYAU EXTENSIBLE POUR S\u00c9CHOIR AIR FORCE  Ce boyau pour s\u00e9choir s&#8217;\u00e9tire de 3&#8242; \u00e0 6&#8242;. Il convient au Air Force Commander AFTD.<\/p>\n","protected":false},"excerpt":{"rendered":"<p>BOYAU EXTENSIBLE POUR S\u00c9CHOIR AIR FORCE  Ce boyau pour s\u00e9choir s&#8217;\u00e9tire de 3&#8242; \u00e0 6&#8242;. Il convient au Air Force Commander AFTD.<\/p>\n","protected":false},"featured_media":27306,"template":"","meta":[],"product_brand":[],"product_cat":[369,345],"product_tag":[],"class_list":{"0":"post-16015","1":"product","2":"type-product","3":"status-publish","4":"has-post-thumbnail","6":"product_cat-sechoir","7":"product_cat-toilettage","9":"first","10":"instock","11":"taxable","12":"shipping-taxable","13":"purchasable","14":"product-type-simple"},"aioseo_notices":[],"_links":{"self":[{"href":"https:\/\/hunterproboutique.com\/fr\/wp-json\/wp\/v2\/product\/16015","targetHints":{"allow":["GET"]}}],"collection":[{"href":"https:\/\/hunterproboutique.com\/fr\/wp-json\/wp\/v2\/product"}],"about":[{"href":"https:\/\/hunterproboutique.com\/fr\/wp-json\/wp\/v2\/types\/product"}],"wp:featuredmedia":[{"embeddable":true,"href":"https:\/\/hunterproboutique.com\/fr\/wp-json\/wp\/v2\/media\/27306"}],"wp:attachment":[{"href":"https:\/\/hunterproboutique.com\/fr\/wp-json\/wp\/v2\/media?parent=16015"}],"wp:term":[{"taxonomy":"product_brand","embeddable":true,"href":"https:\/\/hunterproboutique.com\/fr\/wp-json\/wp\/v2\/product_brand?post=16015"},{"taxonomy":"product_cat","embeddable":true,"href":"https:\/\/hunterproboutique.com\/fr\/wp-json\/wp\/v2\/product_cat?post=16015"},{"taxonomy":"product_tag","embeddable":true,"href":"https:\/\/hunterproboutique.com\/fr\/wp-json\/wp\/v2\/product_tag?post=16015"}],"curies":[{"name":"wp","href":"https:\/\/api.w.org\/{rel}","templated":true}]}}