{"id":16017,"date":"2026-04-23T01:02:26","date_gmt":"2026-04-23T05:02:26","guid":{"rendered":"https:\/\/hunterproboutique.com\/product\/afbr-1-taquet-de-soutien-pour-metro\/"},"modified":"2026-04-23T03:15:44","modified_gmt":"2026-04-23T07:15:44","slug":"afbr-1-taquet-de-soutien-pour-metro","status":"publish","type":"product","link":"https:\/\/hunterproboutique.com\/fr\/produit\/afbr-1-taquet-de-soutien-pour-metro\/","title":{"rendered":"AFBR-1 TAQUET DE SOUTIEN POUR METRO"},"content":{"rendered":"<p>SUPPORT DE MONTAGE MURAL POUR AIR FORCE 35580 ET 35583  Cet ensemble AFBR-1 contient le support et le mat\u00e9riel n\u00e9cessaire pour le montage mural.  Il convient au s\u00e9choir Air Force 2 Vitesses et au Air Force Blaster.<\/p>\n","protected":false},"excerpt":{"rendered":"<p>SUPPORT DE MONTAGE MURAL POUR AIR FORCE 35580 ET 35583  Cet ensemble AFBR-1 contient le support et le mat\u00e9riel n\u00e9cessaire pour le montage mural.  Il convient au s\u00e9choir Air Force 2 Vitesses et au Air Force Blaster.<\/p>\n","protected":false},"featured_media":27309,"template":"","meta":[],"product_brand":[],"product_cat":[369,345],"product_tag":[],"class_list":{"0":"post-16017","1":"product","2":"type-product","3":"status-publish","4":"has-post-thumbnail","6":"product_cat-sechoir","7":"product_cat-toilettage","9":"first","10":"instock","11":"taxable","12":"shipping-taxable","13":"purchasable","14":"product-type-simple"},"aioseo_notices":[],"_links":{"self":[{"href":"https:\/\/hunterproboutique.com\/fr\/wp-json\/wp\/v2\/product\/16017","targetHints":{"allow":["GET"]}}],"collection":[{"href":"https:\/\/hunterproboutique.com\/fr\/wp-json\/wp\/v2\/product"}],"about":[{"href":"https:\/\/hunterproboutique.com\/fr\/wp-json\/wp\/v2\/types\/product"}],"wp:featuredmedia":[{"embeddable":true,"href":"https:\/\/hunterproboutique.com\/fr\/wp-json\/wp\/v2\/media\/27309"}],"wp:attachment":[{"href":"https:\/\/hunterproboutique.com\/fr\/wp-json\/wp\/v2\/media?parent=16017"}],"wp:term":[{"taxonomy":"product_brand","embeddable":true,"href":"https:\/\/hunterproboutique.com\/fr\/wp-json\/wp\/v2\/product_brand?post=16017"},{"taxonomy":"product_cat","embeddable":true,"href":"https:\/\/hunterproboutique.com\/fr\/wp-json\/wp\/v2\/product_cat?post=16017"},{"taxonomy":"product_tag","embeddable":true,"href":"https:\/\/hunterproboutique.com\/fr\/wp-json\/wp\/v2\/product_tag?post=16017"}],"curies":[{"name":"wp","href":"https:\/\/api.w.org\/{rel}","templated":true}]}}