{"id":16021,"date":"2026-04-17T01:02:29","date_gmt":"2026-04-17T05:02:29","guid":{"rendered":"https:\/\/hunterproboutique.com\/product\/buse-pour-master-blaster\/"},"modified":"2026-04-17T03:15:36","modified_gmt":"2026-04-17T07:15:36","slug":"buse-pour-master-blaster","status":"publish","type":"product","link":"https:\/\/hunterproboutique.com\/fr\/produit\/buse-pour-master-blaster\/","title":{"rendered":"BUSE POUR MASTER BLASTER"},"content":{"rendered":"<p>BUSE DE SOUFFLAGE\/CONE POUR BLASTER ET MASTER BLASTER  Cette buse de soufflage robuste est con\u00e7ue pour le boyau des s\u00e9choirs Blaster et Master Blaster Diam\u00e8tre de 1 \u00bd&#8221;.<\/p>\n","protected":false},"excerpt":{"rendered":"<p>BUSE DE SOUFFLAGE\/CONE POUR BLASTER ET MASTER BLASTER  Cette buse de soufflage robuste est con\u00e7ue pour le boyau des s\u00e9choirs Blaster et Master Blaster Diam\u00e8tre de 1 \u00bd&#8221;.<\/p>\n","protected":false},"featured_media":27315,"template":"","meta":[],"product_brand":[],"product_cat":[369,345],"product_tag":[],"class_list":{"0":"post-16021","1":"product","2":"type-product","3":"status-publish","4":"has-post-thumbnail","6":"product_cat-sechoir","7":"product_cat-toilettage","9":"first","10":"instock","11":"taxable","12":"shipping-taxable","13":"purchasable","14":"product-type-simple"},"aioseo_notices":[],"_links":{"self":[{"href":"https:\/\/hunterproboutique.com\/fr\/wp-json\/wp\/v2\/product\/16021","targetHints":{"allow":["GET"]}}],"collection":[{"href":"https:\/\/hunterproboutique.com\/fr\/wp-json\/wp\/v2\/product"}],"about":[{"href":"https:\/\/hunterproboutique.com\/fr\/wp-json\/wp\/v2\/types\/product"}],"wp:featuredmedia":[{"embeddable":true,"href":"https:\/\/hunterproboutique.com\/fr\/wp-json\/wp\/v2\/media\/27315"}],"wp:attachment":[{"href":"https:\/\/hunterproboutique.com\/fr\/wp-json\/wp\/v2\/media?parent=16021"}],"wp:term":[{"taxonomy":"product_brand","embeddable":true,"href":"https:\/\/hunterproboutique.com\/fr\/wp-json\/wp\/v2\/product_brand?post=16021"},{"taxonomy":"product_cat","embeddable":true,"href":"https:\/\/hunterproboutique.com\/fr\/wp-json\/wp\/v2\/product_cat?post=16021"},{"taxonomy":"product_tag","embeddable":true,"href":"https:\/\/hunterproboutique.com\/fr\/wp-json\/wp\/v2\/product_tag?post=16021"}],"curies":[{"name":"wp","href":"https:\/\/api.w.org\/{rel}","templated":true}]}}