{"id":16023,"date":"2026-04-19T01:02:29","date_gmt":"2026-04-19T05:02:29","guid":{"rendered":"https:\/\/hunterproboutique.com\/product\/boyau-pour-modele-b-3-mb-3\/"},"modified":"2026-04-19T03:15:33","modified_gmt":"2026-04-19T07:15:33","slug":"boyau-pour-modele-b-3-mb-3","status":"publish","type":"product","link":"https:\/\/hunterproboutique.com\/fr\/produit\/boyau-pour-modele-b-3-mb-3\/","title":{"rendered":"BOYAU POUR MODELE B-3 &#038; MB-3"},"content":{"rendered":"<p>BOYAU POUR MOD\u00c8LE BLASTER B-3 &#038; MASTER BLASTER MB-3  Ce boyau convient aux s\u00e9choirs Metro Blaster B-3 et Master Blaster MB-3. .Rigide et robuste Dimensions: 10&#8242; de long   Diam\u00e8tre: 1 1\/2&#8242;<\/p>\n","protected":false},"excerpt":{"rendered":"<p>BOYAU POUR MOD\u00c8LE BLASTER B-3 &#038; MASTER BLASTER MB-3  Ce boyau convient aux s\u00e9choirs Metro Blaster B-3 et Master Blaster MB-3. .Rigide et robuste Dimensions: 10&#8242; de long   Diam\u00e8tre: 1 1\/2&#8242;<\/p>\n","protected":false},"featured_media":27318,"template":"","meta":[],"product_brand":[],"product_cat":[369,345],"product_tag":[],"class_list":{"0":"post-16023","1":"product","2":"type-product","3":"status-publish","4":"has-post-thumbnail","6":"product_cat-sechoir","7":"product_cat-toilettage","9":"first","10":"outofstock","11":"taxable","12":"shipping-taxable","13":"purchasable","14":"product-type-simple"},"aioseo_notices":[],"_links":{"self":[{"href":"https:\/\/hunterproboutique.com\/fr\/wp-json\/wp\/v2\/product\/16023","targetHints":{"allow":["GET"]}}],"collection":[{"href":"https:\/\/hunterproboutique.com\/fr\/wp-json\/wp\/v2\/product"}],"about":[{"href":"https:\/\/hunterproboutique.com\/fr\/wp-json\/wp\/v2\/types\/product"}],"wp:featuredmedia":[{"embeddable":true,"href":"https:\/\/hunterproboutique.com\/fr\/wp-json\/wp\/v2\/media\/27318"}],"wp:attachment":[{"href":"https:\/\/hunterproboutique.com\/fr\/wp-json\/wp\/v2\/media?parent=16023"}],"wp:term":[{"taxonomy":"product_brand","embeddable":true,"href":"https:\/\/hunterproboutique.com\/fr\/wp-json\/wp\/v2\/product_brand?post=16023"},{"taxonomy":"product_cat","embeddable":true,"href":"https:\/\/hunterproboutique.com\/fr\/wp-json\/wp\/v2\/product_cat?post=16023"},{"taxonomy":"product_tag","embeddable":true,"href":"https:\/\/hunterproboutique.com\/fr\/wp-json\/wp\/v2\/product_tag?post=16023"}],"curies":[{"name":"wp","href":"https:\/\/api.w.org\/{rel}","templated":true}]}}