{"id":16031,"date":"2026-04-16T01:02:28","date_gmt":"2026-04-16T05:02:28","guid":{"rendered":"https:\/\/hunterproboutique.com\/product\/element-chauffant-sechoir-v-1000\/"},"modified":"2026-04-16T03:15:46","modified_gmt":"2026-04-16T07:15:46","slug":"element-chauffant-sechoir-v-1000","status":"publish","type":"product","link":"https:\/\/hunterproboutique.com\/fr\/produit\/element-chauffant-sechoir-v-1000\/","title":{"rendered":"ELEMENT CHAUFFANT SECHOIR V-1000"},"content":{"rendered":"<p>\u00c9L\u00c9MENT CHAUFFANT POUR S\u00c9CHOIR V-1000  Cet \u00e9l\u00e9ment chauffant de rechange convient au s\u00e9choir Speedy V-1000 &#8211; Hunter # 35570<\/p>\n","protected":false},"excerpt":{"rendered":"<p>\u00c9L\u00c9MENT CHAUFFANT POUR S\u00c9CHOIR V-1000  Cet \u00e9l\u00e9ment chauffant de rechange convient au s\u00e9choir Speedy V-1000 &#8211; Hunter # 35570<\/p>\n","protected":false},"featured_media":27228,"template":"","meta":[],"product_brand":[],"product_cat":[369,345],"product_tag":[],"class_list":{"0":"post-16031","1":"product","2":"type-product","3":"status-publish","4":"has-post-thumbnail","6":"product_cat-sechoir","7":"product_cat-toilettage","9":"first","10":"instock","11":"taxable","12":"shipping-taxable","13":"purchasable","14":"product-type-simple"},"aioseo_notices":[],"_links":{"self":[{"href":"https:\/\/hunterproboutique.com\/fr\/wp-json\/wp\/v2\/product\/16031","targetHints":{"allow":["GET"]}}],"collection":[{"href":"https:\/\/hunterproboutique.com\/fr\/wp-json\/wp\/v2\/product"}],"about":[{"href":"https:\/\/hunterproboutique.com\/fr\/wp-json\/wp\/v2\/types\/product"}],"wp:featuredmedia":[{"embeddable":true,"href":"https:\/\/hunterproboutique.com\/fr\/wp-json\/wp\/v2\/media\/27228"}],"wp:attachment":[{"href":"https:\/\/hunterproboutique.com\/fr\/wp-json\/wp\/v2\/media?parent=16031"}],"wp:term":[{"taxonomy":"product_brand","embeddable":true,"href":"https:\/\/hunterproboutique.com\/fr\/wp-json\/wp\/v2\/product_brand?post=16031"},{"taxonomy":"product_cat","embeddable":true,"href":"https:\/\/hunterproboutique.com\/fr\/wp-json\/wp\/v2\/product_cat?post=16031"},{"taxonomy":"product_tag","embeddable":true,"href":"https:\/\/hunterproboutique.com\/fr\/wp-json\/wp\/v2\/product_tag?post=16031"}],"curies":[{"name":"wp","href":"https:\/\/api.w.org\/{rel}","templated":true}]}}