{"id":16033,"date":"2026-04-23T01:02:24","date_gmt":"2026-04-23T05:02:24","guid":{"rendered":"https:\/\/hunterproboutique.com\/product\/v-1000x-sechoir-professionnel\/"},"modified":"2026-04-23T03:15:40","modified_gmt":"2026-04-23T07:15:40","slug":"v-1000x-sechoir-professionnel","status":"publish","type":"product","link":"https:\/\/hunterproboutique.com\/fr\/produit\/v-1000x-sechoir-professionnel\/","title":{"rendered":"#V-1000UL SECHOIR PROFESSIONNEL, C.U.L"},"content":{"rendered":"<p>S\u00c9CHOIR PROFESSIONNEL V-1000X C.U.L &#8211; APPROUV\u00c9 AU CANADA &#8211;  Outil professionnel par excellence, ce s\u00e9choir vous donnera des ann\u00e9es de service fiable.  *Puissant et versatile, produit de 107CFM \u00e0 230 CMF, pour petits ou gros chiens, d&#8217;air chaud *Hauteur r\u00e9glable *T\u00eate de s\u00e9chage orientable, isol\u00e9 au caoutchouc *Pied avec roulettes *15 amp\u00e8res *El\u00e9ment chauffant en Mica est durable et comprend un protecteur de surcharge thermique *Boitier en aluminium avec rev\u00eatement poudre \u00e9poxy moul\u00e9 au sable:robuste et durable<\/p>\n","protected":false},"excerpt":{"rendered":"<p>S\u00c9CHOIR PROFESSIONNEL V-1000X C.U.L &#8211; APPROUV\u00c9 AU CANADA &#8211;  Outil professionnel par excellence, ce s\u00e9choir vous donnera des ann\u00e9es de service fiable.  *Puissant et versatile, produit de 107CFM \u00e0 230 CMF, pour petits ou gros chiens, d&#8217;air chaud *Hauteur r\u00e9glable *T\u00eate de s\u00e9chage orientable, isol\u00e9 au caoutchouc *Pied avec roulettes *15 amp\u00e8res *El\u00e9ment chauffant en Mica est durable et comprend un protecteur de surcharge thermique *Boitier en aluminium avec rev\u00eatement poudre \u00e9poxy moul\u00e9 au sable:robuste et durable<\/p>\n","protected":false},"featured_media":27231,"template":"","meta":[],"product_brand":[],"product_cat":[369,345],"product_tag":[],"class_list":{"0":"post-16033","1":"product","2":"type-product","3":"status-publish","4":"has-post-thumbnail","6":"product_cat-sechoir","7":"product_cat-toilettage","9":"first","10":"instock","11":"taxable","12":"shipping-taxable","13":"purchasable","14":"product-type-simple"},"aioseo_notices":[],"_links":{"self":[{"href":"https:\/\/hunterproboutique.com\/fr\/wp-json\/wp\/v2\/product\/16033","targetHints":{"allow":["GET"]}}],"collection":[{"href":"https:\/\/hunterproboutique.com\/fr\/wp-json\/wp\/v2\/product"}],"about":[{"href":"https:\/\/hunterproboutique.com\/fr\/wp-json\/wp\/v2\/types\/product"}],"wp:featuredmedia":[{"embeddable":true,"href":"https:\/\/hunterproboutique.com\/fr\/wp-json\/wp\/v2\/media\/27231"}],"wp:attachment":[{"href":"https:\/\/hunterproboutique.com\/fr\/wp-json\/wp\/v2\/media?parent=16033"}],"wp:term":[{"taxonomy":"product_brand","embeddable":true,"href":"https:\/\/hunterproboutique.com\/fr\/wp-json\/wp\/v2\/product_brand?post=16033"},{"taxonomy":"product_cat","embeddable":true,"href":"https:\/\/hunterproboutique.com\/fr\/wp-json\/wp\/v2\/product_cat?post=16033"},{"taxonomy":"product_tag","embeddable":true,"href":"https:\/\/hunterproboutique.com\/fr\/wp-json\/wp\/v2\/product_tag?post=16033"}],"curies":[{"name":"wp","href":"https:\/\/api.w.org\/{rel}","templated":true}]}}