{"id":16041,"date":"2026-05-07T01:02:05","date_gmt":"2026-05-07T05:02:05","guid":{"rendered":"https:\/\/hunterproboutique.com\/product\/240ml-desinfectant-a-pompe\/"},"modified":"2026-05-07T03:15:18","modified_gmt":"2026-05-07T07:15:18","slug":"240ml-desinfectant-a-pompe","status":"publish","type":"product","link":"https:\/\/hunterproboutique.com\/fr\/produit\/240ml-desinfectant-a-pompe\/","title":{"rendered":"240ml  DESINFECTANT A POMPE"},"content":{"rendered":"<p>D\u00c9SINFECTANT \u00c0 PULV\u00c9RISER WAHL 240 mL  *D\u00e9sinfectant nettoyant et d\u00e9sodorisant pour surfaces dures. *Technologie r\u00e9cente, pour de freiner la croissance de micro-organismes et les \u00e9liminer. *Bact\u00e9ricide, Fongicide, Virucide et Tuberculocide *Approuv\u00e9 par Sant\u00e9 Canada, il est parfait pour les \u00e9tablissements qui dispensent des services aux           particuliers.  *Facile \u00e0 utiliser et pratique, il s\u00e8che \u00e0 l&#8217;air libre en 5 minutes. *Peut \u00eatre utilis\u00e9 dans des locaux o\u00f9 les aliments sont pr\u00e9par\u00e9s,conserv\u00e9s ou  transform\u00e9s.<\/p>\n","protected":false},"excerpt":{"rendered":"<p>D\u00c9SINFECTANT \u00c0 PULV\u00c9RISER WAHL 240 mL  *D\u00e9sinfectant nettoyant et d\u00e9sodorisant pour surfaces dures. *Technologie r\u00e9cente, pour de freiner la croissance de micro-organismes et les \u00e9liminer. *Bact\u00e9ricide, Fongicide, Virucide et Tuberculocide *Approuv\u00e9 par Sant\u00e9 Canada, il est parfait pour les \u00e9tablissements qui dispensent des services aux           particuliers.  *Facile \u00e0 utiliser et pratique, il s\u00e8che \u00e0 l&#8217;air libre en 5 minutes. *Peut \u00eatre utilis\u00e9 dans des locaux o\u00f9 les aliments sont pr\u00e9par\u00e9s,conserv\u00e9s ou  transform\u00e9s.<\/p>\n","protected":false},"featured_media":26597,"template":"","meta":[],"product_brand":[],"product_cat":[360,513,345],"product_tag":[],"class_list":{"0":"post-16041","1":"product","2":"type-product","3":"status-publish","4":"has-post-thumbnail","6":"product_cat-hygiene-et-soins-chien","7":"product_cat-produits","8":"product_cat-toilettage","10":"first","11":"instock","12":"taxable","13":"shipping-taxable","14":"purchasable","15":"product-type-simple"},"aioseo_notices":[],"_links":{"self":[{"href":"https:\/\/hunterproboutique.com\/fr\/wp-json\/wp\/v2\/product\/16041","targetHints":{"allow":["GET"]}}],"collection":[{"href":"https:\/\/hunterproboutique.com\/fr\/wp-json\/wp\/v2\/product"}],"about":[{"href":"https:\/\/hunterproboutique.com\/fr\/wp-json\/wp\/v2\/types\/product"}],"wp:featuredmedia":[{"embeddable":true,"href":"https:\/\/hunterproboutique.com\/fr\/wp-json\/wp\/v2\/media\/26597"}],"wp:attachment":[{"href":"https:\/\/hunterproboutique.com\/fr\/wp-json\/wp\/v2\/media?parent=16041"}],"wp:term":[{"taxonomy":"product_brand","embeddable":true,"href":"https:\/\/hunterproboutique.com\/fr\/wp-json\/wp\/v2\/product_brand?post=16041"},{"taxonomy":"product_cat","embeddable":true,"href":"https:\/\/hunterproboutique.com\/fr\/wp-json\/wp\/v2\/product_cat?post=16041"},{"taxonomy":"product_tag","embeddable":true,"href":"https:\/\/hunterproboutique.com\/fr\/wp-json\/wp\/v2\/product_tag?post=16041"}],"curies":[{"name":"wp","href":"https:\/\/api.w.org\/{rel}","templated":true}]}}